{"id":11557,"date":"2024-12-23T14:59:00","date_gmt":"2024-12-23T19:59:00","guid":{"rendered":"https:\/\/hickorydickory.wpenginepowered.com\/cuisine\/"},"modified":"2025-03-25T23:27:30","modified_gmt":"2025-03-26T03:27:30","slug":"cuisine","status":"publish","type":"page","link":"https:\/\/decks.ca\/fr\/cuisine\/","title":{"rendered":"Cuisine"},"content":{"rendered":"<p><div class=\"fusion-fullwidth fullwidth-box fusion-builder-row-1 fusion-flex-container nonhundred-percent-fullwidth non-hundred-percent-height-scrolling\" style=\"--awb-border-radius-top-left:0px;--awb-border-radius-top-right:0px;--awb-border-radius-bottom-right:0px;--awb-border-radius-bottom-left:0px;--awb-flex-wrap:wrap;\" ><div class=\"fusion-builder-row fusion-row fusion-flex-align-items-flex-start fusion-flex-content-wrap\" style=\"max-width:calc( 1100px + 0px );margin-left: calc(-0px \/ 2 );margin-right: calc(-0px \/ 2 );\"><div class=\"fusion-layout-column fusion_builder_column fusion-builder-column-0 fusion_builder_column_1_1 1_1 fusion-flex-column\" style=\"--awb-bg-size:cover;--awb-width-large:100%;--awb-margin-top-large:0px;--awb-spacing-right-large:0px;--awb-margin-bottom-large:20px;--awb-spacing-left-large:0px;--awb-width-medium:100%;--awb-spacing-right-medium:0px;--awb-spacing-left-medium:0px;--awb-width-small:100%;--awb-spacing-right-small:0px;--awb-spacing-left-small:0px;\"><div class=\"fusion-column-wrapper fusion-flex-justify-content-flex-start fusion-content-layout-column\">\n<div class=\"fusion-slider-revolution rev_slider_wrapper\">\t\t\t<!-- START serviceskitchen REVOLUTION SLIDER 6.7.41 --><p class=\"rs-p-wp-fix\"><\/p>\n\t\t\t<rs-module-wrap id=\"rev_slider_83_1_wrapper\" data-source=\"gallery\" style=\"visibility:hidden;background:transparent;padding:0;margin:0px auto;margin-top:0;margin-bottom:0;\">\n\t\t\t\t<rs-module id=\"rev_slider_83_1\" style=\"\" data-version=\"6.7.41\">\n\t\t\t\t\t<rs-slides style=\"overflow: hidden; position: absolute;\">\n\t\t\t\t\t\t<rs-slide style=\"position: absolute;\" data-key=\"rs-112\" data-title=\"Slide\" data-anim=\"adpr:false;ms:600;\" data-in=\"o:0;\" data-out=\"a:false;\">\n\t\t\t\t\t\t\t<img decoding=\"async\" src=\"\/\/decks.ca\/wp-content\/plugins\/revslider\/sr6\/assets\/assets\/dummy.png\" alt=\"\" class=\"rev-slidebg tp-rs-img rs-lazyload\" data-lazyload=\"\/\/decks.ca\/wp-content\/uploads\/2023\/11\/4ve2kikfkzEI6L6FLd0zvFEOfUQ8bbLWkiDqgymU.jpg\" data-no-retina>\n<!---->\t\t\t\t\t<\/rs-slide>\n\t\t\t\t\t<\/rs-slides>\n\t\t\t\t<\/rs-module>\n\t\t\t\t<script>\n\t\t\t\t\tsetREVStartSize({c: 'rev_slider_83_1',rl:[1240,1024,778,480],el:[425,350,300,300],gw:[1240,1024,778,480],gh:[425,350,300,300],type:'standard',justify:'',layout:'fullwidth',mh:\"0\"});if (window.RS_MODULES!==undefined && window.RS_MODULES.modules!==undefined && window.RS_MODULES.modules[\"revslider831\"]!==undefined) {window.RS_MODULES.modules[\"revslider831\"].once = false;window.revapi83 = undefined;if (window.RS_MODULES.checkMinimal!==undefined) window.RS_MODULES.checkMinimal()}\n\t\t\t\t<\/script>\n\t\t\t<\/rs-module-wrap>\n\t\t\t<!-- END REVOLUTION SLIDER -->\n<\/div><\/div><\/div><\/div><\/div><div class=\"fusion-fullwidth fullwidth-box fusion-builder-row-2 fusion-flex-container has-pattern-background has-mask-background nonhundred-percent-fullwidth non-hundred-percent-height-scrolling\" style=\"--awb-border-radius-top-left:0px;--awb-border-radius-top-right:0px;--awb-border-radius-bottom-right:0px;--awb-border-radius-bottom-left:0px;--awb-padding-top:50px;--awb-padding-bottom:30px;--awb-flex-wrap:wrap;\" ><div class=\"fusion-builder-row fusion-row fusion-flex-align-items-stretch fusion-flex-content-wrap\" style=\"max-width:1144px;margin-left: calc(-4% \/ 2 );margin-right: calc(-4% \/ 2 );\"><div class=\"fusion-layout-column fusion_builder_column fusion-builder-column-1 fusion_builder_column_1_2 1_2 fusion-flex-column\" style=\"--awb-bg-size:cover;--awb-width-large:50%;--awb-margin-top-large:0px;--awb-spacing-right-large:3.84%;--awb-margin-bottom-large:20px;--awb-spacing-left-large:3.84%;--awb-width-medium:100%;--awb-order-medium:0;--awb-spacing-right-medium:1.92%;--awb-spacing-left-medium:1.92%;--awb-width-small:100%;--awb-order-small:0;--awb-spacing-right-small:1.92%;--awb-spacing-left-small:1.92%;\" data-scroll-devices=\"small-visibility,medium-visibility,large-visibility\"><div class=\"fusion-column-wrapper fusion-column-has-shadow fusion-flex-justify-content-flex-start fusion-content-layout-column\"><div class=\"fusion-title title fusion-title-1 fusion-sep-none fusion-title-text fusion-title-size-two\" style=\"--awb-margin-top-small:0px;--awb-margin-right-small:0px;--awb-margin-bottom-small:20px;--awb-margin-left-small:0px;\"><h2 class=\"fusion-title-heading title-heading-left\" style=\"margin:0;\">Transformez votre cour arri\u00e8re avec une cuisine et un bar ext\u00e9rieurs<\/h2><\/div><div class=\"fusion-separator fusion-no-large-visibility fusion-full-width-sep\" style=\"align-self: center;margin-left: auto;margin-right: auto;margin-top:30px;width:100%;\"><\/div><div class=\"fusion-image-element \" style=\"--awb-caption-title-font-family:var(--h2_typography-font-family);--awb-caption-title-font-weight:var(--h2_typography-font-weight);--awb-caption-title-font-style:var(--h2_typography-font-style);--awb-caption-title-size:var(--h2_typography-font-size);--awb-caption-title-transform:var(--h2_typography-text-transform);--awb-caption-title-line-height:var(--h2_typography-line-height);--awb-caption-title-letter-spacing:var(--h2_typography-letter-spacing);\"><span class=\" fusion-imageframe imageframe-none imageframe-1 hover-type-none\"><img decoding=\"async\" width=\"820\" height=\"546\" alt=\"fiberon deck and stairs\" title=\"fiberon-deck-1\" src=\"https:\/\/decks.ca\/wp-content\/uploads\/2024\/10\/fiberon-deck-1.jpg\" data-orig-src=\"https:\/\/decks.ca\/wp-content\/uploads\/2024\/10\/fiberon-deck-1.jpg\" class=\"lazyload img-responsive wp-image-10984\" srcset=\"data:image\/svg+xml,%3Csvg%20xmlns%3D%27http%3A%2F%2Fwww.w3.org%2F2000%2Fsvg%27%20width%3D%27820%27%20height%3D%27546%27%20viewBox%3D%270%200%20820%20546%27%3E%3Crect%20width%3D%27820%27%20height%3D%27546%27%20fill-opacity%3D%220%22%2F%3E%3C%2Fsvg%3E\" data-srcset=\"https:\/\/decks.ca\/wp-content\/uploads\/2024\/10\/fiberon-deck-1-200x133.jpg 200w, https:\/\/decks.ca\/wp-content\/uploads\/2024\/10\/fiberon-deck-1-400x266.jpg 400w, https:\/\/decks.ca\/wp-content\/uploads\/2024\/10\/fiberon-deck-1-600x400.jpg 600w, https:\/\/decks.ca\/wp-content\/uploads\/2024\/10\/fiberon-deck-1-800x533.jpg 800w, https:\/\/decks.ca\/wp-content\/uploads\/2024\/10\/fiberon-deck-1.jpg 820w\" data-sizes=\"auto\" data-orig-sizes=\"(max-width: 1024px) 100vw, (max-width: 640px) 100vw, 600px\" \/><\/span><\/div><\/div><\/div><div class=\"fusion-layout-column fusion_builder_column fusion-builder-column-2 fusion_builder_column_1_2 1_2 fusion-flex-column\" style=\"--awb-bg-size:cover;--awb-width-large:50%;--awb-margin-top-large:0px;--awb-spacing-right-large:3.84%;--awb-margin-bottom-large:20px;--awb-spacing-left-large:3.84%;--awb-width-medium:100%;--awb-order-medium:0;--awb-spacing-right-medium:1.92%;--awb-spacing-left-medium:1.92%;--awb-width-small:100%;--awb-order-small:0;--awb-spacing-right-small:1.92%;--awb-spacing-left-small:1.92%;\" data-scroll-devices=\"small-visibility,medium-visibility,large-visibility\"><div class=\"fusion-column-wrapper fusion-column-has-shadow fusion-flex-justify-content-flex-start fusion-content-layout-column\"><div class=\"fusion-text fusion-text-1\"><p>Chez Hickory Dickory Decks, vivez vos meilleurs moments \u00e0 l\u2019ext\u00e9rieur! Imaginez griller vos plats pr\u00e9f\u00e9r\u00e9s dans une cuisine ext\u00e9rieure enti\u00e8rement \u00e9quip\u00e9e ou servir des boissons rafra\u00eechissantes au bord de la piscine avec votre bar con\u00e7u sur mesure. <\/p>\n<p dir=\"ltr\"><strong>La cuisine ext\u00e9rieure de vos r\u00eaves vous attend<\/strong><\/p>\n<p dir=\"ltr\">Transformez votre cour arri\u00e8re en un espace alliant style, fonctionnalit\u00e9 et confort. Des BBQ int\u00e9gr\u00e9s aux bars ext\u00e9rieurs \u00e9l\u00e9gants, nous sommes l\u00e0 pour vous aider \u00e0 cr\u00e9er l&#8217;endroit id\u00e9al pour r\u00e9unir famille et amis. <\/p>\n<p dir=\"ltr\"><strong>Laissez-vous inspirer par notre galerie<\/strong><\/p>\n<p dir=\"ltr\">Vous r\u00eavez de la cuisine ext\u00e9rieure id\u00e9ale ? <a href=\"https:\/\/decks.ca\/fr\/galerie-de-design\/photos-de-terrasse\/?features=outdoor-kitchens-bars\">Explorez notre galerie<\/a> et laissez-vous inspirer par nos id\u00e9es de cuisines et bars ext\u00e9rieurs. <\/p>\n<\/div><\/div><\/div><\/div><\/div><\/p>\n","protected":false},"excerpt":{"rendered":"","protected":false},"author":2,"featured_media":0,"parent":0,"menu_order":0,"comment_status":"closed","ping_status":"closed","template":"100-width.php","meta":{"_acf_changed":false,"footnotes":""},"class_list":["post-11557","page","type-page","status-publish","hentry"],"acf":[],"yoast_head":"<!-- This site is optimized with the Yoast SEO plugin v27.3 - https:\/\/yoast.com\/product\/yoast-seo-wordpress\/ -->\n<title>Cuisine<\/title>\n<meta name=\"description\" content=\"Chez Hickory Dickory Decks, vivez vos meilleurs moments \u00e0 l\u2019ext\u00e9rieur! Imaginez griller vos plats pr\u00e9f\u00e9r\u00e9s dans une cuisine ext\u00e9rieure enti\u00e8rement \u00e9quip\u00e9e ou servir des boissons rafra\u00eechissantes au bord de la piscine avec votre bar con\u00e7u sur mesure.\" \/>\n<meta name=\"robots\" content=\"index, follow, max-snippet:-1, max-image-preview:large, max-video-preview:-1\" \/>\n<link rel=\"canonical\" href=\"https:\/\/decks.ca\/fr\/cuisine\/\" \/>\n<meta property=\"og:locale\" content=\"fr_CA\" \/>\n<meta property=\"og:type\" content=\"article\" \/>\n<meta property=\"og:title\" content=\"Cuisine\" \/>\n<meta property=\"og:description\" content=\"Chez Hickory Dickory Decks, vivez vos meilleurs moments \u00e0 l\u2019ext\u00e9rieur! Imaginez griller vos plats pr\u00e9f\u00e9r\u00e9s dans une cuisine ext\u00e9rieure enti\u00e8rement \u00e9quip\u00e9e ou servir des boissons rafra\u00eechissantes au bord de la piscine avec votre bar con\u00e7u sur mesure.\" \/>\n<meta property=\"og:url\" content=\"https:\/\/decks.ca\/fr\/cuisine\/\" \/>\n<meta property=\"og:site_name\" content=\"Hickory Dickory Decks\" \/>\n<meta property=\"article:modified_time\" content=\"2025-03-26T03:27:30+00:00\" \/>\n<meta property=\"og:image\" content=\"https:\/\/decks.ca\/wp-content\/uploads\/2025\/07\/hdd-og.jpg\" \/>\n\t<meta property=\"og:image:width\" content=\"1200\" \/>\n\t<meta property=\"og:image:height\" content=\"675\" \/>\n\t<meta property=\"og:image:type\" content=\"image\/jpeg\" \/>\n<meta name=\"twitter:card\" content=\"summary_large_image\" \/>\n<meta name=\"twitter:label1\" content=\"Estimation du temps de lecture\" \/>\n\t<meta name=\"twitter:data1\" content=\"2 minutes\" \/>\n<!-- \/ Yoast SEO plugin. -->","yoast_head_json":{"title":"Cuisine","description":"Chez Hickory Dickory Decks, vivez vos meilleurs moments \u00e0 l\u2019ext\u00e9rieur! Imaginez griller vos plats pr\u00e9f\u00e9r\u00e9s dans une cuisine ext\u00e9rieure enti\u00e8rement \u00e9quip\u00e9e ou servir des boissons rafra\u00eechissantes au bord de la piscine avec votre bar con\u00e7u sur mesure.","robots":{"index":"index","follow":"follow","max-snippet":"max-snippet:-1","max-image-preview":"max-image-preview:large","max-video-preview":"max-video-preview:-1"},"canonical":"https:\/\/decks.ca\/fr\/cuisine\/","og_locale":"fr_CA","og_type":"article","og_title":"Cuisine","og_description":"Chez Hickory Dickory Decks, vivez vos meilleurs moments \u00e0 l\u2019ext\u00e9rieur! Imaginez griller vos plats pr\u00e9f\u00e9r\u00e9s dans une cuisine ext\u00e9rieure enti\u00e8rement \u00e9quip\u00e9e ou servir des boissons rafra\u00eechissantes au bord de la piscine avec votre bar con\u00e7u sur mesure.","og_url":"https:\/\/decks.ca\/fr\/cuisine\/","og_site_name":"Hickory Dickory Decks","article_modified_time":"2025-03-26T03:27:30+00:00","og_image":[{"width":1200,"height":675,"url":"https:\/\/decks.ca\/wp-content\/uploads\/2025\/07\/hdd-og.jpg","type":"image\/jpeg"}],"twitter_card":"summary_large_image","twitter_misc":{"Estimation du temps de lecture":"2 minutes"},"schema":{"@context":"https:\/\/schema.org","@graph":[{"@type":"WebPage","@id":"https:\/\/decks.ca\/fr\/cuisine\/","url":"https:\/\/decks.ca\/fr\/cuisine\/","name":"Cuisine","isPartOf":{"@id":"https:\/\/decks.ca\/fr\/#website"},"datePublished":"2024-12-23T19:59:00+00:00","dateModified":"2025-03-26T03:27:30+00:00","description":"Chez Hickory Dickory Decks, vivez vos meilleurs moments \u00e0 l\u2019ext\u00e9rieur! Imaginez griller vos plats pr\u00e9f\u00e9r\u00e9s dans une cuisine ext\u00e9rieure enti\u00e8rement \u00e9quip\u00e9e ou servir des boissons rafra\u00eechissantes au bord de la piscine avec votre bar con\u00e7u sur mesure.","breadcrumb":{"@id":"https:\/\/decks.ca\/fr\/cuisine\/#breadcrumb"},"inLanguage":"fr-CA","potentialAction":[{"@type":"ReadAction","target":["https:\/\/decks.ca\/fr\/cuisine\/"]}]},{"@type":"BreadcrumbList","@id":"https:\/\/decks.ca\/fr\/cuisine\/#breadcrumb","itemListElement":[{"@type":"ListItem","position":1,"name":"Home","item":"https:\/\/decks.ca\/fr\/"},{"@type":"ListItem","position":2,"name":"Cuisine"}]},{"@type":"WebSite","@id":"https:\/\/decks.ca\/fr\/#website","url":"https:\/\/decks.ca\/fr\/","name":"Hickory Dickory Decks","description":"Enjoy life... Outdoors","potentialAction":[{"@type":"SearchAction","target":{"@type":"EntryPoint","urlTemplate":"https:\/\/decks.ca\/fr\/?s={search_term_string}"},"query-input":{"@type":"PropertyValueSpecification","valueRequired":true,"valueName":"search_term_string"}}],"inLanguage":"fr-CA"}]}},"_links":{"self":[{"href":"https:\/\/decks.ca\/fr\/wp-json\/wp\/v2\/pages\/11557","targetHints":{"allow":["GET"]}}],"collection":[{"href":"https:\/\/decks.ca\/fr\/wp-json\/wp\/v2\/pages"}],"about":[{"href":"https:\/\/decks.ca\/fr\/wp-json\/wp\/v2\/types\/page"}],"author":[{"embeddable":true,"href":"https:\/\/decks.ca\/fr\/wp-json\/wp\/v2\/users\/2"}],"replies":[{"embeddable":true,"href":"https:\/\/decks.ca\/fr\/wp-json\/wp\/v2\/comments?post=11557"}],"version-history":[{"count":0,"href":"https:\/\/decks.ca\/fr\/wp-json\/wp\/v2\/pages\/11557\/revisions"}],"wp:attachment":[{"href":"https:\/\/decks.ca\/fr\/wp-json\/wp\/v2\/media?parent=11557"}],"curies":[{"name":"wp","href":"https:\/\/api.w.org\/{rel}","templated":true}]}}