{"id":8272,"date":"2019-01-29T20:26:51","date_gmt":"2019-01-30T01:26:51","guid":{"rendered":"https:\/\/staging.decks.ca\/deck-photos-do-not-delete\/"},"modified":"2024-06-05T11:22:22","modified_gmt":"2024-06-05T15:22:22","slug":"photos-de-terrasse","status":"publish","type":"page","link":"https:\/\/decks.ca\/fr\/galerie-de-design\/photos-de-terrasse\/","title":{"rendered":"PHOTOS DE PATIOS ET TERRASSES"},"content":{"rendered":"","protected":false},"excerpt":{"rendered":"","protected":false},"author":1,"featured_media":0,"parent":8576,"menu_order":0,"comment_status":"closed","ping_status":"closed","template":"100-width.php","meta":{"_acf_changed":false,"footnotes":""},"class_list":["post-8272","page","type-page","status-publish","hentry"],"acf":[],"yoast_head":"<!-- This site is optimized with the Yoast SEO plugin v27.3 - https:\/\/yoast.com\/product\/yoast-seo-wordpress\/ -->\n<title>Photos de patios et terrasses \u2013 Hickory Dickory Decks \u2013 Trouvez la terrasse de vos r\u00eaves<\/title>\n<meta name=\"description\" content=\"En tant que principal constructeur de terrasses au Canada, nos experts ont con\u00e7u et construit plus de 25 000 magnifiques terrasses. Trouvez la terrasse de vos r\u00eaves ici.\" \/>\n<meta name=\"robots\" content=\"index, follow, max-snippet:-1, max-image-preview:large, max-video-preview:-1\" \/>\n<link rel=\"canonical\" href=\"https:\/\/decks.ca\/fr\/galerie-de-design\/photos-de-terrasse\/\" \/>\n<meta property=\"og:locale\" content=\"fr_CA\" \/>\n<meta property=\"og:type\" content=\"article\" \/>\n<meta property=\"og:title\" content=\"Photos de patios et terrasses \u2013 Hickory Dickory Decks \u2013 Trouvez la terrasse de vos r\u00eaves\" \/>\n<meta property=\"og:description\" content=\"En tant que principal constructeur de terrasses au Canada, nos experts ont con\u00e7u et construit plus de 25 000 magnifiques terrasses. Trouvez la terrasse de vos r\u00eaves ici.\" \/>\n<meta property=\"og:url\" content=\"https:\/\/decks.ca\/fr\/galerie-de-design\/photos-de-terrasse\/\" \/>\n<meta property=\"og:site_name\" content=\"Hickory Dickory Decks\" \/>\n<meta property=\"article:modified_time\" content=\"2024-06-05T15:22:22+00:00\" \/>\n<meta property=\"og:image\" content=\"https:\/\/decks.ca\/wp-content\/uploads\/2025\/07\/hdd-og.jpg\" \/>\n\t<meta property=\"og:image:width\" content=\"1200\" \/>\n\t<meta property=\"og:image:height\" content=\"675\" \/>\n\t<meta property=\"og:image:type\" content=\"image\/jpeg\" \/>\n<meta name=\"twitter:card\" content=\"summary_large_image\" \/>\n<!-- \/ Yoast SEO plugin. -->","yoast_head_json":{"title":"Photos de patios et terrasses \u2013 Hickory Dickory Decks \u2013 Trouvez la terrasse de vos r\u00eaves","description":"En tant que principal constructeur de terrasses au Canada, nos experts ont con\u00e7u et construit plus de 25 000 magnifiques terrasses. Trouvez la terrasse de vos r\u00eaves ici.","robots":{"index":"index","follow":"follow","max-snippet":"max-snippet:-1","max-image-preview":"max-image-preview:large","max-video-preview":"max-video-preview:-1"},"canonical":"https:\/\/decks.ca\/fr\/galerie-de-design\/photos-de-terrasse\/","og_locale":"fr_CA","og_type":"article","og_title":"Photos de patios et terrasses \u2013 Hickory Dickory Decks \u2013 Trouvez la terrasse de vos r\u00eaves","og_description":"En tant que principal constructeur de terrasses au Canada, nos experts ont con\u00e7u et construit plus de 25 000 magnifiques terrasses. Trouvez la terrasse de vos r\u00eaves ici.","og_url":"https:\/\/decks.ca\/fr\/galerie-de-design\/photos-de-terrasse\/","og_site_name":"Hickory Dickory Decks","article_modified_time":"2024-06-05T15:22:22+00:00","og_image":[{"width":1200,"height":675,"url":"https:\/\/decks.ca\/wp-content\/uploads\/2025\/07\/hdd-og.jpg","type":"image\/jpeg"}],"twitter_card":"summary_large_image","schema":{"@context":"https:\/\/schema.org","@graph":[{"@type":"WebPage","@id":"https:\/\/decks.ca\/fr\/galerie-de-design\/photos-de-terrasse\/","url":"https:\/\/decks.ca\/fr\/galerie-de-design\/photos-de-terrasse\/","name":"Photos de patios et terrasses \u2013 Hickory Dickory Decks \u2013 Trouvez la terrasse de vos r\u00eaves","isPartOf":{"@id":"https:\/\/decks.ca\/fr\/#website"},"datePublished":"2019-01-30T01:26:51+00:00","dateModified":"2024-06-05T15:22:22+00:00","description":"En tant que principal constructeur de terrasses au Canada, nos experts ont con\u00e7u et construit plus de 25 000 magnifiques terrasses. Trouvez la terrasse de vos r\u00eaves ici.","breadcrumb":{"@id":"https:\/\/decks.ca\/fr\/galerie-de-design\/photos-de-terrasse\/#breadcrumb"},"inLanguage":"fr-CA","potentialAction":[{"@type":"ReadAction","target":["https:\/\/decks.ca\/fr\/galerie-de-design\/photos-de-terrasse\/"]}]},{"@type":"BreadcrumbList","@id":"https:\/\/decks.ca\/fr\/galerie-de-design\/photos-de-terrasse\/#breadcrumb","itemListElement":[{"@type":"ListItem","position":1,"name":"Home","item":"https:\/\/decks.ca\/fr\/"},{"@type":"ListItem","position":2,"name":"Galerie de design","item":"https:\/\/decks.ca\/fr\/design-gallery\/"},{"@type":"ListItem","position":3,"name":"PHOTOS DE PATIOS ET TERRASSES"}]},{"@type":"WebSite","@id":"https:\/\/decks.ca\/fr\/#website","url":"https:\/\/decks.ca\/fr\/","name":"Hickory Dickory Decks","description":"Enjoy life... Outdoors","potentialAction":[{"@type":"SearchAction","target":{"@type":"EntryPoint","urlTemplate":"https:\/\/decks.ca\/fr\/?s={search_term_string}"},"query-input":{"@type":"PropertyValueSpecification","valueRequired":true,"valueName":"search_term_string"}}],"inLanguage":"fr-CA"}]}},"_links":{"self":[{"href":"https:\/\/decks.ca\/fr\/wp-json\/wp\/v2\/pages\/8272","targetHints":{"allow":["GET"]}}],"collection":[{"href":"https:\/\/decks.ca\/fr\/wp-json\/wp\/v2\/pages"}],"about":[{"href":"https:\/\/decks.ca\/fr\/wp-json\/wp\/v2\/types\/page"}],"author":[{"embeddable":true,"href":"https:\/\/decks.ca\/fr\/wp-json\/wp\/v2\/users\/1"}],"replies":[{"embeddable":true,"href":"https:\/\/decks.ca\/fr\/wp-json\/wp\/v2\/comments?post=8272"}],"version-history":[{"count":0,"href":"https:\/\/decks.ca\/fr\/wp-json\/wp\/v2\/pages\/8272\/revisions"}],"up":[{"embeddable":true,"href":"https:\/\/decks.ca\/fr\/wp-json\/wp\/v2\/pages\/8576"}],"wp:attachment":[{"href":"https:\/\/decks.ca\/fr\/wp-json\/wp\/v2\/media?parent=8272"}],"curies":[{"name":"wp","href":"https:\/\/api.w.org\/{rel}","templated":true}]}}