{"id":8273,"date":"2022-08-09T08:37:24","date_gmt":"2022-08-09T12:37:24","guid":{"rendered":"https:\/\/staging.decks.ca\/terrasses\/"},"modified":"2025-03-25T23:31:14","modified_gmt":"2025-03-26T03:31:14","slug":"terrasses","status":"publish","type":"page","link":"https:\/\/decks.ca\/fr\/terrasses\/","title":{"rendered":"Terrasses"},"content":{"rendered":"<p><div class=\"fusion-fullwidth fullwidth-box fusion-builder-row-1 fusion-flex-container nonhundred-percent-fullwidth non-hundred-percent-height-scrolling\" style=\"--awb-border-radius-top-left:0px;--awb-border-radius-top-right:0px;--awb-border-radius-bottom-right:0px;--awb-border-radius-bottom-left:0px;--awb-flex-wrap:wrap;\" ><div class=\"fusion-builder-row fusion-row fusion-flex-align-items-flex-start fusion-flex-content-wrap\" style=\"max-width:calc( 1100px + 0px );margin-left: calc(-0px \/ 2 );margin-right: calc(-0px \/ 2 );\"><div class=\"fusion-layout-column fusion_builder_column fusion-builder-column-0 fusion_builder_column_1_1 1_1 fusion-flex-column\" style=\"--awb-bg-size:cover;--awb-width-large:100%;--awb-margin-top-large:0px;--awb-spacing-right-large:0px;--awb-margin-bottom-large:20px;--awb-spacing-left-large:0px;--awb-width-medium:100%;--awb-spacing-right-medium:0px;--awb-spacing-left-medium:0px;--awb-width-small:100%;--awb-spacing-right-small:0px;--awb-spacing-left-small:0px;\"><div class=\"fusion-column-wrapper fusion-flex-justify-content-flex-start fusion-content-layout-column\">\n<div class=\"fusion-slider-revolution rev_slider_wrapper\">\t\t\t<!-- START servicesdecking REVOLUTION SLIDER 6.7.41 --><p class=\"rs-p-wp-fix\"><\/p>\n\t\t\t<rs-module-wrap id=\"rev_slider_69_1_wrapper\" data-source=\"gallery\" style=\"visibility:hidden;background:transparent;padding:0;margin:0px auto;margin-top:0;margin-bottom:0;\">\n\t\t\t\t<rs-module id=\"rev_slider_69_1\" style=\"\" data-version=\"6.7.41\">\n\t\t\t\t\t<rs-slides style=\"overflow: hidden; position: absolute;\">\n\t\t\t\t\t\t<rs-slide style=\"position: absolute;\" data-key=\"rs-96\" data-title=\"Slide\" data-anim=\"ms:600;\" data-in=\"o:0;\" data-out=\"a:false;\">\n\t\t\t\t\t\t\t<img decoding=\"async\" src=\"\/\/decks.ca\/wp-content\/plugins\/revslider\/sr6\/assets\/assets\/dummy.png\" alt=\"\" title=\"Terrasses\" class=\"rev-slidebg tp-rs-img rs-lazyload\" data-lazyload=\"\/\/decks.ca\/wp-content\/uploads\/2019\/02\/about-composite-decking.jpg\" data-no-retina>\n<!---->\t\t\t\t\t<\/rs-slide>\n\t\t\t\t\t<\/rs-slides>\n\t\t\t\t<\/rs-module>\n\t\t\t\t<script>\n\t\t\t\t\tsetREVStartSize({c: 'rev_slider_69_1',rl:[1240,1024,778,480],el:[425,350,300,300],gw:[1240,1024,778,480],gh:[425,350,300,300],type:'standard',justify:'',layout:'fullwidth',mh:\"0\"});if (window.RS_MODULES!==undefined && window.RS_MODULES.modules!==undefined && window.RS_MODULES.modules[\"revslider691\"]!==undefined) {window.RS_MODULES.modules[\"revslider691\"].once = false;window.revapi69 = undefined;if (window.RS_MODULES.checkMinimal!==undefined) window.RS_MODULES.checkMinimal()}\n\t\t\t\t<\/script>\n\t\t\t<\/rs-module-wrap>\n\t\t\t<!-- END REVOLUTION SLIDER -->\n<\/div><\/div><\/div><\/div><\/div><div class=\"fusion-fullwidth fullwidth-box fusion-builder-row-2 fusion-flex-container nonhundred-percent-fullwidth non-hundred-percent-height-scrolling\" style=\"--awb-border-radius-top-left:0px;--awb-border-radius-top-right:0px;--awb-border-radius-bottom-right:0px;--awb-border-radius-bottom-left:0px;--awb-padding-top:50px;--awb-padding-bottom:30px;--awb-flex-wrap:wrap;\" ><div class=\"fusion-builder-row fusion-row fusion-flex-align-items-stretch fusion-flex-content-wrap\" style=\"max-width:1144px;margin-left: calc(-4% \/ 2 );margin-right: calc(-4% \/ 2 );\"><div class=\"fusion-layout-column fusion_builder_column fusion-builder-column-1 fusion_builder_column_1_2 1_2 fusion-flex-column\" style=\"--awb-bg-size:cover;--awb-width-large:50%;--awb-margin-top-large:0px;--awb-spacing-right-large:3.84%;--awb-margin-bottom-large:20px;--awb-spacing-left-large:3.84%;--awb-width-medium:100%;--awb-spacing-right-medium:1.92%;--awb-spacing-left-medium:1.92%;--awb-width-small:100%;--awb-spacing-right-small:1.92%;--awb-spacing-left-small:1.92%;\"><div class=\"fusion-column-wrapper fusion-flex-justify-content-center fusion-content-layout-column\"><div class=\"fusion-title title fusion-title-1 fusion-sep-none fusion-title-text fusion-title-size-two\" style=\"--awb-margin-top-small:0px;--awb-margin-right-small:0px;--awb-margin-bottom-small:20px;--awb-margin-left-small:0px;\"><h2 class=\"fusion-title-heading title-heading-left\" style=\"margin:0;\">En tant que plus grand entrepreneur de terrasses au Canada, Hickory Dickory Decks poss\u00e8de la plus grande exp\u00e9rience et a acc\u00e8s \u00e0 des mat\u00e9riaux de qualit\u00e9 pour construire la terrasse de vos r\u00eaves.<\/h2><\/div><\/div><\/div><div class=\"fusion-layout-column fusion_builder_column fusion-builder-column-2 fusion_builder_column_1_2 1_2 fusion-flex-column\" style=\"--awb-bg-size:cover;--awb-width-large:50%;--awb-margin-top-large:0px;--awb-spacing-right-large:3.84%;--awb-margin-bottom-large:20px;--awb-spacing-left-large:3.84%;--awb-width-medium:100%;--awb-spacing-right-medium:1.92%;--awb-spacing-left-medium:1.92%;--awb-width-small:100%;--awb-spacing-right-small:1.92%;--awb-spacing-left-small:1.92%;\"><div class=\"fusion-column-wrapper fusion-flex-justify-content-center fusion-content-layout-column\"><div class=\"fusion-text fusion-text-1\"><p>Avec des <a href=\"https:\/\/decks.ca\/fr\/trouvez-votre-constructeur-de-terrasses-local\/\">constructeurs experts<\/a> situ\u00e9s dans de nombreuses villes \u00e0 travers le Canada, notre objectif vise \u00e0 construire une terrasse qui offre un bel espace fonctionnel dont vous pourrez profiter pendant de nombreuses ann\u00e9es. Nous offrons des services complets de construction de terrasses, de la <a href=\"https:\/\/decks.ca\/fr\/conception-de-terrasses\/\">conception aux permis<\/a>, en passant par la personnalisation, la construction de la terrasse selon vos go\u00fbts et l&#8217;application des touches de finition parfaites.<\/p>\n<p>Une terrasse de qualit\u00e9 doit \u00eatre con\u00e7ue et construite pour r\u00e9sister aux \u00e9l\u00e9ments sans compromettre l&#8217;esth\u00e9tique et le confort. Hickory Dickory Decks utilise principalement des mat\u00e9riaux de terrasse n\u00e9cessitant peu d&#8217;entretien<a href=\"https:\/\/decks.ca\/fr\/a-propos-des-terrasses-en-composite-pvc\/\">(composite ou PVC<\/a>).  Les terrasses construites avec des mat\u00e9riaux n\u00e9cessitant peu d&#8217;entretien n&#8217;ont pas besoin d&#8217;\u00eatre teint\u00e9es, scell\u00e9es ou ponc\u00e9es, et ne pourrissent pas, ne se fendent pas, ne se fissurent pas et ne se d\u00e9forment pas. Les terrasses en composite et en PVC offrent \u00e9galement de nombreuses options de couleur et de grain qui restent belles pendant de nombreuses ann\u00e9es ; en fait, de nombreuses marques offrent une <a href=\"https:\/\/decks.ca\/fr\/nos-garanties\/\">garantie de<\/a> 25 ans contre la d\u00e9coloration et les taches.<\/p>\n<\/div><\/div><\/div><\/div><\/div><div class=\"fusion-fullwidth fullwidth-box fusion-builder-row-3 fusion-flex-container nonhundred-percent-fullwidth non-hundred-percent-height-scrolling\" style=\"--awb-border-radius-top-left:0px;--awb-border-radius-top-right:0px;--awb-border-radius-bottom-right:0px;--awb-border-radius-bottom-left:0px;--awb-flex-wrap:wrap;\" ><div class=\"fusion-builder-row fusion-row fusion-flex-align-items-flex-start fusion-flex-content-wrap\" style=\"max-width:1144px;margin-left: calc(-4% \/ 2 );margin-right: calc(-4% \/ 2 );\"><div class=\"fusion-layout-column fusion_builder_column fusion-builder-column-3 fusion_builder_column_1_1 1_1 fusion-flex-column\" style=\"--awb-bg-size:cover;--awb-width-large:100%;--awb-margin-top-large:0px;--awb-spacing-right-large:1.92%;--awb-margin-bottom-large:20px;--awb-spacing-left-large:1.92%;--awb-width-medium:100%;--awb-order-medium:0;--awb-spacing-right-medium:1.92%;--awb-spacing-left-medium:1.92%;--awb-width-small:100%;--awb-order-small:0;--awb-spacing-right-small:1.92%;--awb-spacing-left-small:1.92%;\"><div class=\"fusion-column-wrapper fusion-column-has-shadow fusion-flex-justify-content-flex-start fusion-content-layout-column\"><div class=\"fusion-text fusion-text-2\"><p>Nos constructeurs poss\u00e8dent \u00e9galement une vaste exp\u00e9rience dans la conception et la construction de nombreux \u00e9l\u00e9ments d&#8217;am\u00e9lioration de terrasses, notamment des <a href=\"https:\/\/decks.ca\/fr\/structures-dombrage-de-toiture\/\">structures d&#8217;ombrage<\/a>, <a href=\"https:\/\/decks.ca\/blog\/deck-railing-options\/\">des garde-corps<\/a>, <a href=\"https:\/\/decks.ca\/fr\/eclairage-de-terrasse\/\">de l&#8217;\u00e9clairage<\/a>, des bancs, des courbes, des cloisons, des cuisines ext\u00e9rieures, et bien plus encore.<\/p>\n<p>Pr\u00eat \u00e0 construire la terrasse de vos r\u00eaves ? Faites confiance au premier constructeur de terrasses au Canada pour vous aider \u00e0 concevoir et \u00e0 construire la terrasse qui vous convient.<\/p>\n<\/div><\/div><\/div><\/div><\/div><\/p>\n","protected":false},"excerpt":{"rendered":"","protected":false},"author":1,"featured_media":0,"parent":0,"menu_order":0,"comment_status":"closed","ping_status":"closed","template":"100-width.php","meta":{"_acf_changed":false,"footnotes":""},"class_list":["post-8273","page","type-page","status-publish","hentry"],"acf":[],"yoast_head":"<!-- This site is optimized with the Yoast SEO plugin v27.4 - https:\/\/yoast.com\/product\/yoast-seo-wordpress\/ -->\n<title>Mat\u00e9riaux de terrasse de qualit\u00e9 et exp\u00e9rience | Hickory Dickory Decks<\/title>\n<meta name=\"description\" content=\"En tant que plus grand constructeur de terrasses au Canada, Hickory Dickory Decks poss\u00e8de la plus grande exp\u00e9rience et a acc\u00e8s \u00e0 des mat\u00e9riaux de qualit\u00e9 pour construire la terrasse de vos r\u00eaves.\" \/>\n<meta name=\"robots\" content=\"index, follow, max-snippet:-1, max-image-preview:large, max-video-preview:-1\" \/>\n<link rel=\"canonical\" href=\"https:\/\/decks.ca\/fr\/terrasses\/\" \/>\n<meta property=\"og:locale\" content=\"fr_CA\" \/>\n<meta property=\"og:type\" content=\"article\" \/>\n<meta property=\"og:title\" content=\"Mat\u00e9riaux de terrasse de qualit\u00e9 et exp\u00e9rience | Hickory Dickory Decks\" \/>\n<meta property=\"og:description\" content=\"En tant que plus grand constructeur de terrasses au Canada, Hickory Dickory Decks poss\u00e8de la plus grande exp\u00e9rience et a acc\u00e8s \u00e0 des mat\u00e9riaux de qualit\u00e9 pour construire la terrasse de vos r\u00eaves.\" \/>\n<meta property=\"og:url\" content=\"https:\/\/decks.ca\/fr\/terrasses\/\" \/>\n<meta property=\"og:site_name\" content=\"Hickory Dickory Decks\" \/>\n<meta property=\"article:modified_time\" content=\"2025-03-26T03:31:14+00:00\" \/>\n<meta property=\"og:image\" content=\"https:\/\/decks.ca\/wp-content\/uploads\/2025\/07\/hdd-og.jpg\" \/>\n\t<meta property=\"og:image:width\" content=\"1200\" \/>\n\t<meta property=\"og:image:height\" content=\"675\" \/>\n\t<meta property=\"og:image:type\" content=\"image\/jpeg\" \/>\n<meta name=\"twitter:card\" content=\"summary_large_image\" \/>\n<meta name=\"twitter:label1\" content=\"Estimation du temps de lecture\" \/>\n\t<meta name=\"twitter:data1\" content=\"9 minutes\" \/>\n<!-- \/ Yoast SEO plugin. -->","yoast_head_json":{"title":"Mat\u00e9riaux de terrasse de qualit\u00e9 et exp\u00e9rience | Hickory Dickory Decks","description":"En tant que plus grand constructeur de terrasses au Canada, Hickory Dickory Decks poss\u00e8de la plus grande exp\u00e9rience et a acc\u00e8s \u00e0 des mat\u00e9riaux de qualit\u00e9 pour construire la terrasse de vos r\u00eaves.","robots":{"index":"index","follow":"follow","max-snippet":"max-snippet:-1","max-image-preview":"max-image-preview:large","max-video-preview":"max-video-preview:-1"},"canonical":"https:\/\/decks.ca\/fr\/terrasses\/","og_locale":"fr_CA","og_type":"article","og_title":"Mat\u00e9riaux de terrasse de qualit\u00e9 et exp\u00e9rience | Hickory Dickory Decks","og_description":"En tant que plus grand constructeur de terrasses au Canada, Hickory Dickory Decks poss\u00e8de la plus grande exp\u00e9rience et a acc\u00e8s \u00e0 des mat\u00e9riaux de qualit\u00e9 pour construire la terrasse de vos r\u00eaves.","og_url":"https:\/\/decks.ca\/fr\/terrasses\/","og_site_name":"Hickory Dickory Decks","article_modified_time":"2025-03-26T03:31:14+00:00","og_image":[{"width":1200,"height":675,"url":"https:\/\/decks.ca\/wp-content\/uploads\/2025\/07\/hdd-og.jpg","type":"image\/jpeg"}],"twitter_card":"summary_large_image","twitter_misc":{"Estimation du temps de lecture":"9 minutes"},"schema":{"@context":"https:\/\/schema.org","@graph":[{"@type":"WebPage","@id":"https:\/\/decks.ca\/fr\/terrasses\/","url":"https:\/\/decks.ca\/fr\/terrasses\/","name":"Mat\u00e9riaux de terrasse de qualit\u00e9 et exp\u00e9rience | Hickory Dickory Decks","isPartOf":{"@id":"https:\/\/decks.ca\/fr\/#website"},"datePublished":"2022-08-09T12:37:24+00:00","dateModified":"2025-03-26T03:31:14+00:00","description":"En tant que plus grand constructeur de terrasses au Canada, Hickory Dickory Decks poss\u00e8de la plus grande exp\u00e9rience et a acc\u00e8s \u00e0 des mat\u00e9riaux de qualit\u00e9 pour construire la terrasse de vos r\u00eaves.","breadcrumb":{"@id":"https:\/\/decks.ca\/fr\/terrasses\/#breadcrumb"},"inLanguage":"fr-CA","potentialAction":[{"@type":"ReadAction","target":["https:\/\/decks.ca\/fr\/terrasses\/"]}]},{"@type":"BreadcrumbList","@id":"https:\/\/decks.ca\/fr\/terrasses\/#breadcrumb","itemListElement":[{"@type":"ListItem","position":1,"name":"Home","item":"https:\/\/decks.ca\/fr\/"},{"@type":"ListItem","position":2,"name":"Terrasses"}]},{"@type":"WebSite","@id":"https:\/\/decks.ca\/fr\/#website","url":"https:\/\/decks.ca\/fr\/","name":"Hickory Dickory Decks","description":"Enjoy life... Outdoors","potentialAction":[{"@type":"SearchAction","target":{"@type":"EntryPoint","urlTemplate":"https:\/\/decks.ca\/fr\/?s={search_term_string}"},"query-input":{"@type":"PropertyValueSpecification","valueRequired":true,"valueName":"search_term_string"}}],"inLanguage":"fr-CA"}]}},"_links":{"self":[{"href":"https:\/\/decks.ca\/fr\/wp-json\/wp\/v2\/pages\/8273","targetHints":{"allow":["GET"]}}],"collection":[{"href":"https:\/\/decks.ca\/fr\/wp-json\/wp\/v2\/pages"}],"about":[{"href":"https:\/\/decks.ca\/fr\/wp-json\/wp\/v2\/types\/page"}],"author":[{"embeddable":true,"href":"https:\/\/decks.ca\/fr\/wp-json\/wp\/v2\/users\/1"}],"replies":[{"embeddable":true,"href":"https:\/\/decks.ca\/fr\/wp-json\/wp\/v2\/comments?post=8273"}],"version-history":[{"count":0,"href":"https:\/\/decks.ca\/fr\/wp-json\/wp\/v2\/pages\/8273\/revisions"}],"wp:attachment":[{"href":"https:\/\/decks.ca\/fr\/wp-json\/wp\/v2\/media?parent=8273"}],"curies":[{"name":"wp","href":"https:\/\/api.w.org\/{rel}","templated":true}]}}