{"id":8280,"date":"2022-08-09T08:39:43","date_gmt":"2022-08-09T12:39:43","guid":{"rendered":"https:\/\/staging.decks.ca\/conception-de-terrasses\/"},"modified":"2025-03-25T23:27:54","modified_gmt":"2025-03-26T03:27:54","slug":"conception-de-terrasses","status":"publish","type":"page","link":"https:\/\/decks.ca\/fr\/conception-de-terrasses\/","title":{"rendered":"Conception de terrasses"},"content":{"rendered":"<p><div class=\"fusion-fullwidth fullwidth-box fusion-builder-row-1 fusion-flex-container nonhundred-percent-fullwidth non-hundred-percent-height-scrolling\" style=\"--awb-border-radius-top-left:0px;--awb-border-radius-top-right:0px;--awb-border-radius-bottom-right:0px;--awb-border-radius-bottom-left:0px;--awb-flex-wrap:wrap;\" ><div class=\"fusion-builder-row fusion-row fusion-flex-align-items-flex-start fusion-flex-content-wrap\" style=\"max-width:calc( 1100px + 0px );margin-left: calc(-0px \/ 2 );margin-right: calc(-0px \/ 2 );\"><div class=\"fusion-layout-column fusion_builder_column fusion-builder-column-0 fusion_builder_column_1_1 1_1 fusion-flex-column\" style=\"--awb-bg-size:cover;--awb-width-large:100%;--awb-margin-top-large:0px;--awb-spacing-right-large:0px;--awb-margin-bottom-large:20px;--awb-spacing-left-large:0px;--awb-width-medium:100%;--awb-spacing-right-medium:0px;--awb-spacing-left-medium:0px;--awb-width-small:100%;--awb-spacing-right-small:0px;--awb-spacing-left-small:0px;\"><div class=\"fusion-column-wrapper fusion-flex-justify-content-flex-start fusion-content-layout-column\">\n<div class=\"fusion-slider-revolution rev_slider_wrapper\">\t\t\t<!-- START servicesdeckdesigns REVOLUTION SLIDER 6.7.41 --><p class=\"rs-p-wp-fix\"><\/p>\n\t\t\t<rs-module-wrap id=\"rev_slider_72_1_wrapper\" data-source=\"gallery\" style=\"visibility:hidden;background:transparent;padding:0;margin:0px auto;margin-top:0;margin-bottom:0;\">\n\t\t\t\t<rs-module id=\"rev_slider_72_1\" style=\"\" data-version=\"6.7.41\">\n\t\t\t\t\t<rs-slides style=\"overflow: hidden; position: absolute;\">\n\t\t\t\t\t\t<rs-slide style=\"position: absolute;\" data-key=\"rs-99\" data-title=\"Slide\" data-anim=\"adpr:false;ms:600;\" data-in=\"o:0;\" data-out=\"a:false;\">\n\t\t\t\t\t\t\t<img decoding=\"async\" src=\"\/\/decks.ca\/wp-content\/plugins\/revslider\/sr6\/assets\/assets\/dummy.png\" alt=\"overview of composite deck with multiple areas\" title=\"services-design\" width=\"1679\" height=\"382\" class=\"rev-slidebg tp-rs-img rs-lazyload\" data-lazyload=\"\/\/decks.ca\/wp-content\/uploads\/2022\/09\/services-design.jpg\" data-no-retina>\n<!---->\t\t\t\t\t<\/rs-slide>\n\t\t\t\t\t<\/rs-slides>\n\t\t\t\t<\/rs-module>\n\t\t\t\t<script>\n\t\t\t\t\tsetREVStartSize({c: 'rev_slider_72_1',rl:[1240,1024,778,480],el:[425,350,300,300],gw:[1240,1024,778,480],gh:[425,350,300,300],type:'standard',justify:'',layout:'fullwidth',mh:\"0\"});if (window.RS_MODULES!==undefined && window.RS_MODULES.modules!==undefined && window.RS_MODULES.modules[\"revslider721\"]!==undefined) {window.RS_MODULES.modules[\"revslider721\"].once = false;window.revapi72 = undefined;if (window.RS_MODULES.checkMinimal!==undefined) window.RS_MODULES.checkMinimal()}\n\t\t\t\t<\/script>\n\t\t\t<\/rs-module-wrap>\n\t\t\t<!-- END REVOLUTION SLIDER -->\n<\/div><\/div><\/div><\/div><\/div><div class=\"fusion-fullwidth fullwidth-box fusion-builder-row-2 fusion-flex-container nonhundred-percent-fullwidth non-hundred-percent-height-scrolling\" style=\"--awb-border-radius-top-left:0px;--awb-border-radius-top-right:0px;--awb-border-radius-bottom-right:0px;--awb-border-radius-bottom-left:0px;--awb-padding-top:50px;--awb-padding-bottom:30px;--awb-flex-wrap:wrap;\" ><div class=\"fusion-builder-row fusion-row fusion-flex-align-items-stretch fusion-flex-content-wrap\" style=\"max-width:1144px;margin-left: calc(-4% \/ 2 );margin-right: calc(-4% \/ 2 );\"><div class=\"fusion-layout-column fusion_builder_column fusion-builder-column-1 fusion_builder_column_1_2 1_2 fusion-flex-column\" style=\"--awb-bg-size:cover;--awb-width-large:50%;--awb-margin-top-large:0px;--awb-spacing-right-large:3.84%;--awb-margin-bottom-large:20px;--awb-spacing-left-large:3.84%;--awb-width-medium:100%;--awb-spacing-right-medium:1.92%;--awb-spacing-left-medium:1.92%;--awb-width-small:100%;--awb-spacing-right-small:1.92%;--awb-spacing-left-small:1.92%;\"><div class=\"fusion-column-wrapper fusion-flex-justify-content-center fusion-content-layout-column\"><div class=\"fusion-title title fusion-title-1 fusion-sep-none fusion-title-text fusion-title-size-two\" style=\"--awb-margin-top-small:0px;--awb-margin-right-small:0px;--awb-margin-bottom-small:20px;--awb-margin-left-small:0px;\"><h2 class=\"fusion-title-heading title-heading-left\" style=\"margin:0;\">Nos experts peuvent vous aider \u00e0 d\u00e9velopper votre vision de l&#8217;espace ext\u00e9rieur id\u00e9al.<\/h2><\/div><div class=\"fusion-image-element \" style=\"--awb-caption-title-font-family:var(--h2_typography-font-family);--awb-caption-title-font-weight:var(--h2_typography-font-weight);--awb-caption-title-font-style:var(--h2_typography-font-style);--awb-caption-title-size:var(--h2_typography-font-size);--awb-caption-title-transform:var(--h2_typography-text-transform);--awb-caption-title-line-height:var(--h2_typography-line-height);--awb-caption-title-letter-spacing:var(--h2_typography-letter-spacing);\"><span class=\" fusion-imageframe imageframe-none imageframe-1 hover-type-none\"><img decoding=\"async\" width=\"600\" height=\"392\" alt=\"Outdoor living lighting\" title=\"deck-design\" src=\"https:\/\/decks.ca\/wp-content\/uploads\/2024\/03\/deck-design-FR.jpg\" data-orig-src=\"https:\/\/decks.ca\/wp-content\/uploads\/2024\/03\/deck-design-FR.jpg\" class=\"lazyload img-responsive wp-image-7368\" srcset=\"data:image\/svg+xml,%3Csvg%20xmlns%3D%27http%3A%2F%2Fwww.w3.org%2F2000%2Fsvg%27%20width%3D%27600%27%20height%3D%27392%27%20viewBox%3D%270%200%20600%20392%27%3E%3Crect%20width%3D%27600%27%20height%3D%27392%27%20fill-opacity%3D%220%22%2F%3E%3C%2Fsvg%3E\" data-srcset=\"https:\/\/decks.ca\/wp-content\/uploads\/2024\/03\/deck-design-FR-200x131.jpg 200w, https:\/\/decks.ca\/wp-content\/uploads\/2024\/03\/deck-design-FR-400x261.jpg 400w, https:\/\/decks.ca\/wp-content\/uploads\/2024\/03\/deck-design-FR.jpg 600w\" data-sizes=\"auto\" data-orig-sizes=\"(max-width: 1024px) 100vw, (max-width: 640px) 100vw, 600px\" \/><\/span><\/div><\/div><\/div><div class=\"fusion-layout-column fusion_builder_column fusion-builder-column-2 fusion_builder_column_1_2 1_2 fusion-flex-column\" style=\"--awb-bg-size:cover;--awb-width-large:50%;--awb-margin-top-large:0px;--awb-spacing-right-large:3.84%;--awb-margin-bottom-large:20px;--awb-spacing-left-large:3.84%;--awb-width-medium:100%;--awb-spacing-right-medium:1.92%;--awb-spacing-left-medium:1.92%;--awb-width-small:100%;--awb-spacing-right-small:1.92%;--awb-spacing-left-small:1.92%;\"><div class=\"fusion-column-wrapper fusion-flex-justify-content-center fusion-content-layout-column\"><div class=\"fusion-text fusion-text-1\"><p>Si vous avez d\u00e9j\u00e0 une <a href=\"https:\/\/decks.ca\/fr\/galerie-de-design\/photos-de-terrasse\/\">id\u00e9e<\/a> de ce que vous souhaitez pour votre terrasse, nos experts concepteurs de terrasses peuvent vous aider \u00e0 mettre votre vision sur papier et vous fournir des recommandations pour am\u00e9liorer votre projet de terrasse. De nombreux facteurs doivent \u00eatre pris en compte lors de la conception d&#8217;une terrasse adapt\u00e9e \u00e0 vous et \u00e0 votre famille.<\/p>\n<p>Nos concepteurs de terrasses proposent des dessins de terrasses en 2D et\/ou en 3D qui vous permettent d&#8217;imaginer le produit fini avant que la construction de la terrasse ne commence. Cela vous aidera \u00e0 visualiser votre espace et vous \u00e9vitera d&#8217;avoir \u00e0 deviner \u00e0 quoi ressemblera votre projet final. Tout au long du processus de construction, nos <a href=\"https:\/\/decks.ca\/fr\/trouvez-votre-constructeur-de-terrasses-local\/\">constructeurs<\/a> continueront \u00e0 vous consulter pour s&#8217;assurer que votre nouvelle terrasse r\u00e9pond \u00e0 vos besoins et \u00e0 vos d\u00e9sirs.  <\/p>\n<p>Le processus de conception de la terrasse est important car il fournit le mod\u00e8le du magnifique produit fini. Nous travaillerons avec vous pour int\u00e9grer vos id\u00e9es dans un plan d&#8217;ensemble qui concilie parfaitement l&#8217;espace dont vous disposez et votre style de vie. Au cours du processus de conception, nos experts partageront \u00e9galement des id\u00e9es issues de leur exp\u00e9rience et de leur cr\u00e9ativit\u00e9 que vous n&#8217;auriez peut-\u00eatre pas envisag\u00e9es pour votre projet de terrasse.  <\/p>\n<p>Pr\u00eat \u00e0 construire la terrasse de vos r\u00eaves ? Faites confiance au premier constructeur de terrasses au Canada pour vous aider \u00e0 concevoir et \u00e0 construire la terrasse qui vous convient.<\/p>\n<\/div><\/div><\/div><\/div><\/div><\/p>\n","protected":false},"excerpt":{"rendered":"","protected":false},"author":1,"featured_media":0,"parent":0,"menu_order":0,"comment_status":"closed","ping_status":"closed","template":"100-width.php","meta":{"_acf_changed":false,"footnotes":""},"class_list":["post-8280","page","type-page","status-publish","hentry"],"acf":[],"yoast_head":"<!-- This site is optimized with the Yoast SEO plugin v27.3 - https:\/\/yoast.com\/product\/yoast-seo-wordpress\/ -->\n<title>Conception de terrasses | Nous pouvons vous aider \u00e0 concevoir la terrasse de vos r\u00eaves<\/title>\n<meta name=\"description\" content=\"Nos experts peuvent vous aider \u00e0 d\u00e9velopper votre vision de l&#039;espace ext\u00e9rieur id\u00e9al.\" \/>\n<meta name=\"robots\" content=\"index, follow, max-snippet:-1, max-image-preview:large, max-video-preview:-1\" \/>\n<link rel=\"canonical\" href=\"https:\/\/decks.ca\/fr\/conception-de-terrasses\/\" \/>\n<meta property=\"og:locale\" content=\"fr_CA\" \/>\n<meta property=\"og:type\" content=\"article\" \/>\n<meta property=\"og:title\" content=\"Conception de terrasses | Nous pouvons vous aider \u00e0 concevoir la terrasse de vos r\u00eaves\" \/>\n<meta property=\"og:description\" content=\"Nos experts peuvent vous aider \u00e0 d\u00e9velopper votre vision de l&#039;espace ext\u00e9rieur id\u00e9al.\" \/>\n<meta property=\"og:url\" content=\"https:\/\/decks.ca\/fr\/conception-de-terrasses\/\" \/>\n<meta property=\"og:site_name\" content=\"Hickory Dickory Decks\" \/>\n<meta property=\"article:modified_time\" content=\"2025-03-26T03:27:54+00:00\" \/>\n<meta property=\"og:image\" content=\"https:\/\/decks.ca\/wp-content\/uploads\/2025\/07\/hdd-og.jpg\" \/>\n\t<meta property=\"og:image:width\" content=\"1200\" \/>\n\t<meta property=\"og:image:height\" content=\"675\" \/>\n\t<meta property=\"og:image:type\" content=\"image\/jpeg\" \/>\n<meta name=\"twitter:card\" content=\"summary_large_image\" \/>\n<meta name=\"twitter:label1\" content=\"Estimation du temps de lecture\" \/>\n\t<meta name=\"twitter:data1\" content=\"4 minutes\" \/>\n<!-- \/ Yoast SEO plugin. -->","yoast_head_json":{"title":"Conception de terrasses | Nous pouvons vous aider \u00e0 concevoir la terrasse de vos r\u00eaves","description":"Nos experts peuvent vous aider \u00e0 d\u00e9velopper votre vision de l'espace ext\u00e9rieur id\u00e9al.","robots":{"index":"index","follow":"follow","max-snippet":"max-snippet:-1","max-image-preview":"max-image-preview:large","max-video-preview":"max-video-preview:-1"},"canonical":"https:\/\/decks.ca\/fr\/conception-de-terrasses\/","og_locale":"fr_CA","og_type":"article","og_title":"Conception de terrasses | Nous pouvons vous aider \u00e0 concevoir la terrasse de vos r\u00eaves","og_description":"Nos experts peuvent vous aider \u00e0 d\u00e9velopper votre vision de l'espace ext\u00e9rieur id\u00e9al.","og_url":"https:\/\/decks.ca\/fr\/conception-de-terrasses\/","og_site_name":"Hickory Dickory Decks","article_modified_time":"2025-03-26T03:27:54+00:00","og_image":[{"width":1200,"height":675,"url":"https:\/\/decks.ca\/wp-content\/uploads\/2025\/07\/hdd-og.jpg","type":"image\/jpeg"}],"twitter_card":"summary_large_image","twitter_misc":{"Estimation du temps de lecture":"4 minutes"},"schema":{"@context":"https:\/\/schema.org","@graph":[{"@type":"WebPage","@id":"https:\/\/decks.ca\/fr\/conception-de-terrasses\/","url":"https:\/\/decks.ca\/fr\/conception-de-terrasses\/","name":"Conception de terrasses | Nous pouvons vous aider \u00e0 concevoir la terrasse de vos r\u00eaves","isPartOf":{"@id":"https:\/\/decks.ca\/fr\/#website"},"datePublished":"2022-08-09T12:39:43+00:00","dateModified":"2025-03-26T03:27:54+00:00","description":"Nos experts peuvent vous aider \u00e0 d\u00e9velopper votre vision de l'espace ext\u00e9rieur id\u00e9al.","breadcrumb":{"@id":"https:\/\/decks.ca\/fr\/conception-de-terrasses\/#breadcrumb"},"inLanguage":"fr-CA","potentialAction":[{"@type":"ReadAction","target":["https:\/\/decks.ca\/fr\/conception-de-terrasses\/"]}]},{"@type":"BreadcrumbList","@id":"https:\/\/decks.ca\/fr\/conception-de-terrasses\/#breadcrumb","itemListElement":[{"@type":"ListItem","position":1,"name":"Home","item":"https:\/\/decks.ca\/fr\/"},{"@type":"ListItem","position":2,"name":"Conception de terrasses"}]},{"@type":"WebSite","@id":"https:\/\/decks.ca\/fr\/#website","url":"https:\/\/decks.ca\/fr\/","name":"Hickory Dickory Decks","description":"Enjoy life... Outdoors","potentialAction":[{"@type":"SearchAction","target":{"@type":"EntryPoint","urlTemplate":"https:\/\/decks.ca\/fr\/?s={search_term_string}"},"query-input":{"@type":"PropertyValueSpecification","valueRequired":true,"valueName":"search_term_string"}}],"inLanguage":"fr-CA"}]}},"_links":{"self":[{"href":"https:\/\/decks.ca\/fr\/wp-json\/wp\/v2\/pages\/8280","targetHints":{"allow":["GET"]}}],"collection":[{"href":"https:\/\/decks.ca\/fr\/wp-json\/wp\/v2\/pages"}],"about":[{"href":"https:\/\/decks.ca\/fr\/wp-json\/wp\/v2\/types\/page"}],"author":[{"embeddable":true,"href":"https:\/\/decks.ca\/fr\/wp-json\/wp\/v2\/users\/1"}],"replies":[{"embeddable":true,"href":"https:\/\/decks.ca\/fr\/wp-json\/wp\/v2\/comments?post=8280"}],"version-history":[{"count":0,"href":"https:\/\/decks.ca\/fr\/wp-json\/wp\/v2\/pages\/8280\/revisions"}],"wp:attachment":[{"href":"https:\/\/decks.ca\/fr\/wp-json\/wp\/v2\/media?parent=8280"}],"curies":[{"name":"wp","href":"https:\/\/api.w.org\/{rel}","templated":true}]}}