{"id":8284,"date":"2022-08-09T08:40:23","date_gmt":"2022-08-09T12:40:23","guid":{"rendered":"https:\/\/staging.decks.ca\/other\/"},"modified":"2025-03-25T23:27:41","modified_gmt":"2025-03-26T03:27:41","slug":"autre","status":"publish","type":"page","link":"https:\/\/decks.ca\/fr\/autre\/","title":{"rendered":"Autres Services"},"content":{"rendered":"<p><div class=\"fusion-fullwidth fullwidth-box fusion-builder-row-1 fusion-flex-container nonhundred-percent-fullwidth non-hundred-percent-height-scrolling\" style=\"--awb-border-radius-top-left:0px;--awb-border-radius-top-right:0px;--awb-border-radius-bottom-right:0px;--awb-border-radius-bottom-left:0px;--awb-flex-wrap:wrap;\" ><div class=\"fusion-builder-row fusion-row fusion-flex-align-items-flex-start fusion-flex-content-wrap\" style=\"max-width:calc( 1100px + 0px );margin-left: calc(-0px \/ 2 );margin-right: calc(-0px \/ 2 );\"><div class=\"fusion-layout-column fusion_builder_column fusion-builder-column-0 fusion_builder_column_1_1 1_1 fusion-flex-column\" style=\"--awb-bg-size:cover;--awb-width-large:100%;--awb-margin-top-large:0px;--awb-spacing-right-large:0px;--awb-margin-bottom-large:20px;--awb-spacing-left-large:0px;--awb-width-medium:100%;--awb-spacing-right-medium:0px;--awb-spacing-left-medium:0px;--awb-width-small:100%;--awb-spacing-right-small:0px;--awb-spacing-left-small:0px;\"><div class=\"fusion-column-wrapper fusion-flex-justify-content-flex-start fusion-content-layout-column\">\n<div class=\"fusion-slider-revolution rev_slider_wrapper\">\t\t\t<!-- START servicesother REVOLUTION SLIDER 6.7.41 --><p class=\"rs-p-wp-fix\"><\/p>\n\t\t\t<rs-module-wrap id=\"rev_slider_73_1_wrapper\" data-source=\"gallery\" style=\"visibility:hidden;background:transparent;padding:0;margin:0px auto;margin-top:0;margin-bottom:0;\">\n\t\t\t\t<rs-module id=\"rev_slider_73_1\" style=\"\" data-version=\"6.7.41\">\n\t\t\t\t\t<rs-slides style=\"overflow: hidden; position: absolute;\">\n\t\t\t\t\t\t<rs-slide style=\"position: absolute;\" data-key=\"rs-100\" data-title=\"Slide\" data-anim=\"adpr:false;ms:600;\" data-in=\"o:0;\" data-out=\"a:false;\">\n\t\t\t\t\t\t\t<img decoding=\"async\" src=\"\/\/decks.ca\/wp-content\/plugins\/revslider\/sr6\/assets\/assets\/dummy.png\" alt=\"interior of outdoor kitchen\" title=\"services-other\" width=\"1679\" height=\"382\" class=\"rev-slidebg tp-rs-img rs-lazyload\" data-lazyload=\"\/\/decks.ca\/wp-content\/uploads\/2022\/09\/services-other.jpg\" data-bg=\"p:center top;\" data-no-retina>\n<!---->\t\t\t\t\t<\/rs-slide>\n\t\t\t\t\t<\/rs-slides>\n\t\t\t\t<\/rs-module>\n\t\t\t\t<script>\n\t\t\t\t\tsetREVStartSize({c: 'rev_slider_73_1',rl:[1240,1024,778,480],el:[425,350,300,300],gw:[1240,1024,778,480],gh:[425,350,300,300],type:'standard',justify:'',layout:'fullwidth',mh:\"0\"});if (window.RS_MODULES!==undefined && window.RS_MODULES.modules!==undefined && window.RS_MODULES.modules[\"revslider731\"]!==undefined) {window.RS_MODULES.modules[\"revslider731\"].once = false;window.revapi73 = undefined;if (window.RS_MODULES.checkMinimal!==undefined) window.RS_MODULES.checkMinimal()}\n\t\t\t\t<\/script>\n\t\t\t<\/rs-module-wrap>\n\t\t\t<!-- END REVOLUTION SLIDER -->\n<\/div><\/div><\/div><\/div><\/div><div class=\"fusion-fullwidth fullwidth-box fusion-builder-row-2 fusion-flex-container nonhundred-percent-fullwidth non-hundred-percent-height-scrolling\" style=\"--awb-border-radius-top-left:0px;--awb-border-radius-top-right:0px;--awb-border-radius-bottom-right:0px;--awb-border-radius-bottom-left:0px;--awb-padding-top:50px;--awb-padding-bottom:30px;--awb-flex-wrap:wrap;\" ><div class=\"fusion-builder-row fusion-row fusion-flex-align-items-stretch fusion-flex-content-wrap\" style=\"max-width:1144px;margin-left: calc(-4% \/ 2 );margin-right: calc(-4% \/ 2 );\"><div class=\"fusion-layout-column fusion_builder_column fusion-builder-column-1 fusion_builder_column_1_2 1_2 fusion-flex-column\" style=\"--awb-bg-size:cover;--awb-width-large:50%;--awb-margin-top-large:0px;--awb-spacing-right-large:3.84%;--awb-margin-bottom-large:20px;--awb-spacing-left-large:3.84%;--awb-width-medium:100%;--awb-spacing-right-medium:1.92%;--awb-spacing-left-medium:1.92%;--awb-width-small:100%;--awb-spacing-right-small:1.92%;--awb-spacing-left-small:1.92%;\"><div class=\"fusion-column-wrapper fusion-flex-justify-content-center fusion-content-layout-column\"><div class=\"fusion-title title fusion-title-1 fusion-sep-none fusion-title-text fusion-title-size-two\" style=\"--awb-margin-top-small:0px;--awb-margin-right-small:0px;--awb-margin-bottom-small:20px;--awb-margin-left-small:0px;\"><h2 class=\"fusion-title-heading title-heading-left\" style=\"margin:0;\">Certains de nos emplacements offrent \u00e9galement des services suppl\u00e9mentaires pour votre commodit\u00e9.<\/h2><\/div><div class=\"fusion-image-element \" style=\"--awb-caption-title-font-family:var(--h2_typography-font-family);--awb-caption-title-font-weight:var(--h2_typography-font-weight);--awb-caption-title-font-style:var(--h2_typography-font-style);--awb-caption-title-size:var(--h2_typography-font-size);--awb-caption-title-transform:var(--h2_typography-text-transform);--awb-caption-title-line-height:var(--h2_typography-line-height);--awb-caption-title-letter-spacing:var(--h2_typography-letter-spacing);\"><span class=\" fusion-imageframe imageframe-none imageframe-1 hover-type-none\"><img decoding=\"async\" width=\"578\" height=\"404\" alt=\"Outdoor kitchen\" title=\"outdoor-kitchen-new\" src=\"https:\/\/decks.ca\/wp-content\/uploads\/2022\/11\/outdoor-kitchen-new.jpg\" data-orig-src=\"https:\/\/decks.ca\/wp-content\/uploads\/2022\/11\/outdoor-kitchen-new.jpg\" class=\"lazyload img-responsive wp-image-7373\" srcset=\"data:image\/svg+xml,%3Csvg%20xmlns%3D%27http%3A%2F%2Fwww.w3.org%2F2000%2Fsvg%27%20width%3D%27578%27%20height%3D%27404%27%20viewBox%3D%270%200%20578%20404%27%3E%3Crect%20width%3D%27578%27%20height%3D%27404%27%20fill-opacity%3D%220%22%2F%3E%3C%2Fsvg%3E\" data-srcset=\"https:\/\/decks.ca\/wp-content\/uploads\/2022\/11\/outdoor-kitchen-new-200x140.jpg 200w, https:\/\/decks.ca\/wp-content\/uploads\/2022\/11\/outdoor-kitchen-new-400x280.jpg 400w, https:\/\/decks.ca\/wp-content\/uploads\/2022\/11\/outdoor-kitchen-new.jpg 578w\" data-sizes=\"auto\" data-orig-sizes=\"(max-width: 1024px) 100vw, (max-width: 640px) 100vw, 578px\" \/><\/span><\/div><\/div><\/div><div class=\"fusion-layout-column fusion_builder_column fusion-builder-column-2 fusion_builder_column_1_2 1_2 fusion-flex-column\" style=\"--awb-bg-size:cover;--awb-width-large:50%;--awb-margin-top-large:0px;--awb-spacing-right-large:3.84%;--awb-margin-bottom-large:20px;--awb-spacing-left-large:3.84%;--awb-width-medium:100%;--awb-spacing-right-medium:1.92%;--awb-spacing-left-medium:1.92%;--awb-width-small:100%;--awb-spacing-right-small:1.92%;--awb-spacing-left-small:1.92%;\"><div class=\"fusion-column-wrapper fusion-flex-justify-content-center fusion-content-layout-column\"><div class=\"fusion-text fusion-text-1\"><p>Ces services comprennent les suivants :<\/p>\n<ul>\n<li><strong>Le nettoyage de la terrasse :<\/strong> Tous les patios et terrasses, quel que soit le mat\u00e9riau de surface utilis\u00e9, doivent \u00eatre r\u00e9guli\u00e8rement nettoy\u00e9s. Un entretien l\u00e9ger et un nettoyage simple suffisent \u00e0 pr\u00e9server leur beaut\u00e9. Si votre patio ou terrasse montre des signes de fatigue et que vous n\u2019avez pas le temps de les nettoyer, Hickory Dickory Decks propose des services de nettoyage professionnels dans de nombreuses r\u00e9gions.<\/li>\n<\/ul>\n<ul>\n<li><strong>Cl\u00f4tures :<\/strong> Nos constructeurs de terrasses sont des artisans exp\u00e9riment\u00e9s, dont beaucoup ont de l&#8217;exp\u00e9rience dans la construction de diff\u00e9rents styles de cl\u00f4tures en bois, en vinyle, en aluminium, en PVC et en mat\u00e9riaux composites. Si vous souhaitez ajouter des cl\u00f4tures \u00e0 votre projet de construction de terrasse, n&#8217;h\u00e9sitez pas \u00e0 demander \u00e0 votre expert local ! <\/li>\n<\/ul>\n<ul>\n<li><strong>Cuisines ext\u00e9rieures :<\/strong> Une cuisine ext\u00e9rieure est un ajout tr\u00e8s populaire \u00e0 une terrasse d&#8217;arri\u00e8re-cour, et fait vraiment de votre terrasse une extension de votre espace de vie int\u00e9rieur. Qu&#8217;il s&#8217;agisse d&#8217;un am\u00e9nagement simple comprenant des armoires de rangement pour le mat\u00e9riel de cuisine ou d&#8217;une cuisine compl\u00e8te avec gril, r\u00e9frig\u00e9rateur et \u00e9vier, demandez \u00e0 nos constructeurs experts ce qu&#8217;ils peuvent faire pour vous. <\/li>\n<\/ul>\n<\/div><\/div><\/div><\/div><\/div><\/p>\n","protected":false},"excerpt":{"rendered":"","protected":false},"author":1,"featured_media":0,"parent":0,"menu_order":0,"comment_status":"closed","ping_status":"closed","template":"100-width.php","meta":{"_acf_changed":false,"footnotes":""},"class_list":["post-8284","page","type-page","status-publish","hentry"],"acf":[],"yoast_head":"<!-- This site is optimized with the Yoast SEO plugin v27.4 - https:\/\/yoast.com\/product\/yoast-seo-wordpress\/ -->\n<title>Autres services | Nettoyage de terrasse, Construction de cl\u00f4tures, Cuisine ext\u00e9rieure<\/title>\n<meta name=\"description\" content=\"Certains de nos sites proposent \u00e9galement des services suppl\u00e9mentaires, notamment le nettoyage de terrasse, la construction d\u2019une cl\u00f4ture et d\u2019une cuisine ext\u00e9rieure.\" \/>\n<meta name=\"robots\" content=\"index, follow, max-snippet:-1, max-image-preview:large, max-video-preview:-1\" \/>\n<link rel=\"canonical\" href=\"https:\/\/decks.ca\/fr\/autre\/\" \/>\n<meta property=\"og:locale\" content=\"fr_CA\" \/>\n<meta property=\"og:type\" content=\"article\" \/>\n<meta property=\"og:title\" content=\"Autres services | Nettoyage de terrasse, Construction de cl\u00f4tures, Cuisine ext\u00e9rieure\" \/>\n<meta property=\"og:description\" content=\"Certains de nos sites proposent \u00e9galement des services suppl\u00e9mentaires, notamment le nettoyage de terrasse, la construction d\u2019une cl\u00f4ture et d\u2019une cuisine ext\u00e9rieure.\" \/>\n<meta property=\"og:url\" content=\"https:\/\/decks.ca\/fr\/autre\/\" \/>\n<meta property=\"og:site_name\" content=\"Hickory Dickory Decks\" \/>\n<meta property=\"article:modified_time\" content=\"2025-03-26T03:27:41+00:00\" \/>\n<meta property=\"og:image\" content=\"https:\/\/decks.ca\/wp-content\/uploads\/2025\/07\/hdd-og.jpg\" \/>\n\t<meta property=\"og:image:width\" content=\"1200\" \/>\n\t<meta property=\"og:image:height\" content=\"675\" \/>\n\t<meta property=\"og:image:type\" content=\"image\/jpeg\" \/>\n<meta name=\"twitter:card\" content=\"summary_large_image\" \/>\n<meta name=\"twitter:label1\" content=\"Estimation du temps de lecture\" \/>\n\t<meta name=\"twitter:data1\" content=\"4 minutes\" \/>\n<!-- \/ Yoast SEO plugin. -->","yoast_head_json":{"title":"Autres services | Nettoyage de terrasse, Construction de cl\u00f4tures, Cuisine ext\u00e9rieure","description":"Certains de nos sites proposent \u00e9galement des services suppl\u00e9mentaires, notamment le nettoyage de terrasse, la construction d\u2019une cl\u00f4ture et d\u2019une cuisine ext\u00e9rieure.","robots":{"index":"index","follow":"follow","max-snippet":"max-snippet:-1","max-image-preview":"max-image-preview:large","max-video-preview":"max-video-preview:-1"},"canonical":"https:\/\/decks.ca\/fr\/autre\/","og_locale":"fr_CA","og_type":"article","og_title":"Autres services | Nettoyage de terrasse, Construction de cl\u00f4tures, Cuisine ext\u00e9rieure","og_description":"Certains de nos sites proposent \u00e9galement des services suppl\u00e9mentaires, notamment le nettoyage de terrasse, la construction d\u2019une cl\u00f4ture et d\u2019une cuisine ext\u00e9rieure.","og_url":"https:\/\/decks.ca\/fr\/autre\/","og_site_name":"Hickory Dickory Decks","article_modified_time":"2025-03-26T03:27:41+00:00","og_image":[{"width":1200,"height":675,"url":"https:\/\/decks.ca\/wp-content\/uploads\/2025\/07\/hdd-og.jpg","type":"image\/jpeg"}],"twitter_card":"summary_large_image","twitter_misc":{"Estimation du temps de lecture":"4 minutes"},"schema":{"@context":"https:\/\/schema.org","@graph":[{"@type":"WebPage","@id":"https:\/\/decks.ca\/fr\/autre\/","url":"https:\/\/decks.ca\/fr\/autre\/","name":"Autres services | Nettoyage de terrasse, Construction de cl\u00f4tures, Cuisine ext\u00e9rieure","isPartOf":{"@id":"https:\/\/decks.ca\/fr\/#website"},"datePublished":"2022-08-09T12:40:23+00:00","dateModified":"2025-03-26T03:27:41+00:00","description":"Certains de nos sites proposent \u00e9galement des services suppl\u00e9mentaires, notamment le nettoyage de terrasse, la construction d\u2019une cl\u00f4ture et d\u2019une cuisine ext\u00e9rieure.","breadcrumb":{"@id":"https:\/\/decks.ca\/fr\/autre\/#breadcrumb"},"inLanguage":"fr-CA","potentialAction":[{"@type":"ReadAction","target":["https:\/\/decks.ca\/fr\/autre\/"]}]},{"@type":"BreadcrumbList","@id":"https:\/\/decks.ca\/fr\/autre\/#breadcrumb","itemListElement":[{"@type":"ListItem","position":1,"name":"Home","item":"https:\/\/decks.ca\/fr\/"},{"@type":"ListItem","position":2,"name":"Autres Services"}]},{"@type":"WebSite","@id":"https:\/\/decks.ca\/fr\/#website","url":"https:\/\/decks.ca\/fr\/","name":"Hickory Dickory Decks","description":"Enjoy life... Outdoors","potentialAction":[{"@type":"SearchAction","target":{"@type":"EntryPoint","urlTemplate":"https:\/\/decks.ca\/fr\/?s={search_term_string}"},"query-input":{"@type":"PropertyValueSpecification","valueRequired":true,"valueName":"search_term_string"}}],"inLanguage":"fr-CA"}]}},"_links":{"self":[{"href":"https:\/\/decks.ca\/fr\/wp-json\/wp\/v2\/pages\/8284","targetHints":{"allow":["GET"]}}],"collection":[{"href":"https:\/\/decks.ca\/fr\/wp-json\/wp\/v2\/pages"}],"about":[{"href":"https:\/\/decks.ca\/fr\/wp-json\/wp\/v2\/types\/page"}],"author":[{"embeddable":true,"href":"https:\/\/decks.ca\/fr\/wp-json\/wp\/v2\/users\/1"}],"replies":[{"embeddable":true,"href":"https:\/\/decks.ca\/fr\/wp-json\/wp\/v2\/comments?post=8284"}],"version-history":[{"count":0,"href":"https:\/\/decks.ca\/fr\/wp-json\/wp\/v2\/pages\/8284\/revisions"}],"wp:attachment":[{"href":"https:\/\/decks.ca\/fr\/wp-json\/wp\/v2\/media?parent=8284"}],"curies":[{"name":"wp","href":"https:\/\/api.w.org\/{rel}","templated":true}]}}