{"id":8288,"date":"2019-02-22T19:22:59","date_gmt":"2019-02-23T00:22:59","guid":{"rendered":"https:\/\/staging.decks.ca\/product-selection\/"},"modified":"2025-03-25T23:35:00","modified_gmt":"2025-03-26T03:35:00","slug":"la-selection-de-produits","status":"publish","type":"page","link":"https:\/\/decks.ca\/fr\/la-selection-de-produits\/","title":{"rendered":"La s\u00e9lection de produits"},"content":{"rendered":"<p><div class=\"fusion-fullwidth fullwidth-box fusion-builder-row-1 fusion-flex-container nonhundred-percent-fullwidth non-hundred-percent-height-scrolling\" style=\"--awb-border-radius-top-left:0px;--awb-border-radius-top-right:0px;--awb-border-radius-bottom-right:0px;--awb-border-radius-bottom-left:0px;--awb-flex-wrap:wrap;\" ><div class=\"fusion-builder-row fusion-row fusion-flex-align-items-flex-start fusion-flex-content-wrap\" style=\"max-width:calc( 1100px + 0px );margin-left: calc(-0px \/ 2 );margin-right: calc(-0px \/ 2 );\"><div class=\"fusion-layout-column fusion_builder_column fusion-builder-column-0 fusion_builder_column_1_1 1_1 fusion-flex-column\" style=\"--awb-bg-size:cover;--awb-width-large:100%;--awb-margin-top-large:0px;--awb-spacing-right-large:0px;--awb-margin-bottom-large:20px;--awb-spacing-left-large:0px;--awb-width-medium:100%;--awb-spacing-right-medium:0px;--awb-spacing-left-medium:0px;--awb-width-small:100%;--awb-spacing-right-small:0px;--awb-spacing-left-small:0px;\"><div class=\"fusion-column-wrapper fusion-flex-justify-content-flex-start fusion-content-layout-column\">\n<div class=\"fusion-slider-revolution rev_slider_wrapper\">\t\t\t<!-- START Product Selection REVOLUTION SLIDER 6.7.41 --><p class=\"rs-p-wp-fix\"><\/p>\n\t\t\t<rs-module-wrap id=\"rev_slider_22_1_wrapper\" data-source=\"gallery\" style=\"visibility:hidden;background:transparent;padding:0;margin:0px auto;margin-top:0;margin-bottom:0;\">\n\t\t\t\t<rs-module id=\"rev_slider_22_1\" style=\"\" data-version=\"6.7.41\">\n\t\t\t\t\t<rs-slides style=\"overflow: hidden; position: absolute;\">\n\t\t\t\t\t\t<rs-slide style=\"position: absolute;\" data-key=\"rs-22\" data-title=\"Slide\" data-anim=\"adpr:false;\" data-in=\"o:0;\" data-out=\"a:false;\">\n\t\t\t\t\t\t\t<img decoding=\"async\" src=\"\/\/decks.ca\/wp-content\/plugins\/revslider\/sr6\/assets\/assets\/dummy.png\" alt=\"\" title=\"La s\u00e9lection de produits\" class=\"rev-slidebg tp-rs-img rs-lazyload\" data-lazyload=\"\/\/decks.ca\/wp-content\/uploads\/2019\/02\/product-selection.jpg\" data-no-retina>\n<!---->\t\t\t\t\t<\/rs-slide>\n\t\t\t\t\t<\/rs-slides>\n\t\t\t\t<\/rs-module>\n\t\t\t\t<script>\n\t\t\t\t\tsetREVStartSize({c: 'rev_slider_22_1',rl:[1240,1024,778,480],el:[425,350,300,300],gw:[1240,1024,778,480],gh:[425,350,300,300],type:'standard',justify:'',layout:'fullwidth',mh:\"0\"});if (window.RS_MODULES!==undefined && window.RS_MODULES.modules!==undefined && window.RS_MODULES.modules[\"revslider221\"]!==undefined) {window.RS_MODULES.modules[\"revslider221\"].once = false;window.revapi22 = undefined;if (window.RS_MODULES.checkMinimal!==undefined) window.RS_MODULES.checkMinimal()}\n\t\t\t\t<\/script>\n\t\t\t<\/rs-module-wrap>\n\t\t\t<!-- END REVOLUTION SLIDER -->\n<\/div><\/div><\/div><\/div><\/div><div class=\"fusion-fullwidth fullwidth-box fusion-builder-row-2 fusion-flex-container nonhundred-percent-fullwidth non-hundred-percent-height-scrolling\" style=\"--awb-border-radius-top-left:0px;--awb-border-radius-top-right:0px;--awb-border-radius-bottom-right:0px;--awb-border-radius-bottom-left:0px;--awb-padding-top:50px;--awb-padding-bottom:30px;--awb-flex-wrap:wrap;\" ><div class=\"fusion-builder-row fusion-row fusion-flex-align-items-stretch fusion-flex-content-wrap\" style=\"max-width:1144px;margin-left: calc(-4% \/ 2 );margin-right: calc(-4% \/ 2 );\"><div class=\"fusion-layout-column fusion_builder_column fusion-builder-column-1 fusion_builder_column_1_2 1_2 fusion-flex-column\" style=\"--awb-bg-size:cover;--awb-width-large:50%;--awb-margin-top-large:0px;--awb-spacing-right-large:3.84%;--awb-margin-bottom-large:20px;--awb-spacing-left-large:3.84%;--awb-width-medium:100%;--awb-spacing-right-medium:1.92%;--awb-spacing-left-medium:1.92%;--awb-width-small:100%;--awb-spacing-right-small:1.92%;--awb-spacing-left-small:1.92%;\"><div class=\"fusion-column-wrapper fusion-flex-justify-content-center fusion-content-layout-column\"><div class=\"fusion-title title fusion-title-1 fusion-sep-none fusion-title-text fusion-title-size-two\" style=\"--awb-margin-top-small:0px;--awb-margin-right-small:0px;--awb-margin-bottom-small:20px;--awb-margin-left-small:0px;\"><h2 class=\"fusion-title-heading title-heading-left\" style=\"margin:0;\">Lorsque vous investissez dans un patio ou une terrasse qui vous procurera des ann\u00e9es de plaisir, vous souhaitez avoir un large choix d&#8217;options.<\/h2><\/div><\/div><\/div><div class=\"fusion-layout-column fusion_builder_column fusion-builder-column-2 fusion_builder_column_1_2 1_2 fusion-flex-column\" style=\"--awb-padding-left:15px;--awb-bg-size:cover;--awb-border-color:#00a860;--awb-border-left:6px;--awb-border-style:solid;--awb-width-large:50%;--awb-margin-top-large:0px;--awb-spacing-right-large:3.84%;--awb-margin-bottom-large:20px;--awb-spacing-left-large:3.84%;--awb-width-medium:100%;--awb-spacing-right-medium:1.92%;--awb-spacing-left-medium:1.92%;--awb-width-small:100%;--awb-spacing-right-small:1.92%;--awb-spacing-left-small:1.92%;\"><div class=\"fusion-column-wrapper fusion-flex-justify-content-center fusion-content-layout-column\"><div class=\"fusion-text fusion-text-1\"><p>Gr\u00e2ce \u00e0 notre position de leader dans l\u2019industrie de l&#8217;installation de patios et de terrasses, ainsi qu&#8217;\u00e0 nos relations de longue date avec les principaux fournisseurs de mat\u00e9riaux composites et en PVC, nous proposons le plus vaste choix de produits disponibles sur le march\u00e9 pour r\u00e9pondre \u00e0 vos besoins.<\/p>\n<p>Avec un grand choix de produits de terrasse, il y en a un qui vous conviendra parfaitement. Nos experts vous aideront \u00e0 s\u00e9lectionner le produit le mieux adapt\u00e9 \u00e0 vos besoins et \u00e0 votre budget, qu&#8217;il s&#8217;agisse des derni\u00e8res nouveaut\u00e9s en mati\u00e8re de terrasses en mat\u00e9riaux composites n\u00e9cessitant peu d&#8217;entretien ou d&#8217;options en bois traditionnel. En plus des produits de terrasse, nous avons de nombreuses options pour les garde-corps, les marches, les bacs \u00e0 fleurs, les structures d&#8217;ombrage, les cloisons, et plus encore pour personnaliser votre terrasse en fonction de votre style de vie.<\/p>\n<\/div><div ><a class=\"fusion-button button-flat fusion-button-default-size button-default fusion-button-default button-1 fusion-button-span-yes fusion-button-default-type\" target=\"_self\" href=\"https:\/\/decks.ca\/fr\/a-propos-des-terrasses-en-composite-pvc\/\"><span class=\"fusion-button-text awb-button__text awb-button__text--default\">APPRENEZ-EN PLUS SUR LES TERRASSES EN COMPOSITE\/PVC<\/span><\/a><\/div><div class=\"fusion-separator fusion-full-width-sep\" style=\"align-self: center;margin-left: auto;margin-right: auto;margin-top:20px;width:100%;\"><\/div><div ><a class=\"fusion-button button-flat fusion-button-default-size button-default fusion-button-default button-2 fusion-button-span-yes fusion-button-default-type\" target=\"_self\" href=\"https:\/\/decks.ca\/fr\/composite-pvc-et-autres-marques-liees-aux-terrasses\/\"><span class=\"fusion-button-text awb-button__text awb-button__text--default\">VOYEZ LES MARQUES DE TERRASSES EN COMPOSITE\/PVC<\/span><\/a><\/div><div class=\"fusion-separator fusion-full-width-sep fr-hide\" style=\"align-self: center;margin-left: auto;margin-right: auto;margin-top:20px;width:100%;\"><\/div><div ><a class=\"fusion-button button-flat fusion-button-default-size button-default fusion-button-default button-3 fusion-button-span-yes fusion-button-default-type fr-hide\" target=\"_blank\" rel=\"noopener noreferrer\" href=\"http:\/\/deckyard.ca\/\"><span class=\"fusion-button-text awb-button__text awb-button__text--default\">VISITEZ THE DECK YARD<\/span><\/a><\/div><\/div><\/div><\/div><\/div><\/p>\n","protected":false},"excerpt":{"rendered":"","protected":false},"author":1,"featured_media":0,"parent":0,"menu_order":0,"comment_status":"closed","ping_status":"closed","template":"100-width.php","meta":{"_acf_changed":false,"footnotes":""},"class_list":["post-8288","page","type-page","status-publish","hentry"],"acf":[],"yoast_head":"<!-- This site is optimized with the Yoast SEO plugin v27.4 - https:\/\/yoast.com\/product\/yoast-seo-wordpress\/ -->\n<title>Produits de terrasse | Choisissez parmi la plus vaste s\u00e9lection disponible<\/title>\n<meta name=\"description\" content=\"Gr\u00e2ce \u00e0 notre position au sein de l&#039;industrie et \u00e0 nos relations de longue date avec les principaux fournisseurs de terrasses en mat\u00e9riaux composites, nous vendons la plus grande s\u00e9lection de produits de terrasse disponibles.\" \/>\n<meta name=\"robots\" content=\"index, follow, max-snippet:-1, max-image-preview:large, max-video-preview:-1\" \/>\n<link rel=\"canonical\" href=\"https:\/\/decks.ca\/fr\/la-selection-de-produits\/\" \/>\n<meta property=\"og:locale\" content=\"fr_CA\" \/>\n<meta property=\"og:type\" content=\"article\" \/>\n<meta property=\"og:title\" content=\"Produits de terrasse | Choisissez parmi la plus vaste s\u00e9lection disponible\" \/>\n<meta property=\"og:description\" content=\"Gr\u00e2ce \u00e0 notre position au sein de l&#039;industrie et \u00e0 nos relations de longue date avec les principaux fournisseurs de terrasses en mat\u00e9riaux composites, nous vendons la plus grande s\u00e9lection de produits de terrasse disponibles.\" \/>\n<meta property=\"og:url\" content=\"https:\/\/decks.ca\/fr\/la-selection-de-produits\/\" \/>\n<meta property=\"og:site_name\" content=\"Hickory Dickory Decks\" \/>\n<meta property=\"article:modified_time\" content=\"2025-03-26T03:35:00+00:00\" \/>\n<meta property=\"og:image\" content=\"https:\/\/decks.ca\/wp-content\/uploads\/2025\/07\/hdd-og.jpg\" \/>\n\t<meta property=\"og:image:width\" content=\"1200\" \/>\n\t<meta property=\"og:image:height\" content=\"675\" \/>\n\t<meta property=\"og:image:type\" content=\"image\/jpeg\" \/>\n<meta name=\"twitter:card\" content=\"summary_large_image\" \/>\n<meta name=\"twitter:label1\" content=\"Estimation du temps de lecture\" \/>\n\t<meta name=\"twitter:data1\" content=\"4 minutes\" \/>\n<!-- \/ Yoast SEO plugin. -->","yoast_head_json":{"title":"Produits de terrasse | Choisissez parmi la plus vaste s\u00e9lection disponible","description":"Gr\u00e2ce \u00e0 notre position au sein de l'industrie et \u00e0 nos relations de longue date avec les principaux fournisseurs de terrasses en mat\u00e9riaux composites, nous vendons la plus grande s\u00e9lection de produits de terrasse disponibles.","robots":{"index":"index","follow":"follow","max-snippet":"max-snippet:-1","max-image-preview":"max-image-preview:large","max-video-preview":"max-video-preview:-1"},"canonical":"https:\/\/decks.ca\/fr\/la-selection-de-produits\/","og_locale":"fr_CA","og_type":"article","og_title":"Produits de terrasse | Choisissez parmi la plus vaste s\u00e9lection disponible","og_description":"Gr\u00e2ce \u00e0 notre position au sein de l'industrie et \u00e0 nos relations de longue date avec les principaux fournisseurs de terrasses en mat\u00e9riaux composites, nous vendons la plus grande s\u00e9lection de produits de terrasse disponibles.","og_url":"https:\/\/decks.ca\/fr\/la-selection-de-produits\/","og_site_name":"Hickory Dickory Decks","article_modified_time":"2025-03-26T03:35:00+00:00","og_image":[{"width":1200,"height":675,"url":"https:\/\/decks.ca\/wp-content\/uploads\/2025\/07\/hdd-og.jpg","type":"image\/jpeg"}],"twitter_card":"summary_large_image","twitter_misc":{"Estimation du temps de lecture":"4 minutes"},"schema":{"@context":"https:\/\/schema.org","@graph":[{"@type":"WebPage","@id":"https:\/\/decks.ca\/fr\/la-selection-de-produits\/","url":"https:\/\/decks.ca\/fr\/la-selection-de-produits\/","name":"Produits de terrasse | Choisissez parmi la plus vaste s\u00e9lection disponible","isPartOf":{"@id":"https:\/\/decks.ca\/fr\/#website"},"datePublished":"2019-02-23T00:22:59+00:00","dateModified":"2025-03-26T03:35:00+00:00","description":"Gr\u00e2ce \u00e0 notre position au sein de l'industrie et \u00e0 nos relations de longue date avec les principaux fournisseurs de terrasses en mat\u00e9riaux composites, nous vendons la plus grande s\u00e9lection de produits de terrasse disponibles.","breadcrumb":{"@id":"https:\/\/decks.ca\/fr\/la-selection-de-produits\/#breadcrumb"},"inLanguage":"fr-CA","potentialAction":[{"@type":"ReadAction","target":["https:\/\/decks.ca\/fr\/la-selection-de-produits\/"]}]},{"@type":"BreadcrumbList","@id":"https:\/\/decks.ca\/fr\/la-selection-de-produits\/#breadcrumb","itemListElement":[{"@type":"ListItem","position":1,"name":"Home","item":"https:\/\/decks.ca\/fr\/"},{"@type":"ListItem","position":2,"name":"La s\u00e9lection de produits"}]},{"@type":"WebSite","@id":"https:\/\/decks.ca\/fr\/#website","url":"https:\/\/decks.ca\/fr\/","name":"Hickory Dickory Decks","description":"Enjoy life... Outdoors","potentialAction":[{"@type":"SearchAction","target":{"@type":"EntryPoint","urlTemplate":"https:\/\/decks.ca\/fr\/?s={search_term_string}"},"query-input":{"@type":"PropertyValueSpecification","valueRequired":true,"valueName":"search_term_string"}}],"inLanguage":"fr-CA"}]}},"_links":{"self":[{"href":"https:\/\/decks.ca\/fr\/wp-json\/wp\/v2\/pages\/8288","targetHints":{"allow":["GET"]}}],"collection":[{"href":"https:\/\/decks.ca\/fr\/wp-json\/wp\/v2\/pages"}],"about":[{"href":"https:\/\/decks.ca\/fr\/wp-json\/wp\/v2\/types\/page"}],"author":[{"embeddable":true,"href":"https:\/\/decks.ca\/fr\/wp-json\/wp\/v2\/users\/1"}],"replies":[{"embeddable":true,"href":"https:\/\/decks.ca\/fr\/wp-json\/wp\/v2\/comments?post=8288"}],"version-history":[{"count":0,"href":"https:\/\/decks.ca\/fr\/wp-json\/wp\/v2\/pages\/8288\/revisions"}],"wp:attachment":[{"href":"https:\/\/decks.ca\/fr\/wp-json\/wp\/v2\/media?parent=8288"}],"curies":[{"name":"wp","href":"https:\/\/api.w.org\/{rel}","templated":true}]}}