{"id":8291,"date":"2022-08-09T15:17:33","date_gmt":"2022-08-09T19:17:33","guid":{"rendered":"https:\/\/staging.decks.ca\/notre-processus\/"},"modified":"2025-03-25T23:27:04","modified_gmt":"2025-03-26T03:27:04","slug":"notre-processus","status":"publish","type":"page","link":"https:\/\/decks.ca\/fr\/notre-processus\/","title":{"rendered":"Notre processus"},"content":{"rendered":"<p><div class=\"fusion-fullwidth fullwidth-box fusion-builder-row-1 fusion-flex-container nonhundred-percent-fullwidth non-hundred-percent-height-scrolling\" style=\"--awb-border-radius-top-left:0px;--awb-border-radius-top-right:0px;--awb-border-radius-bottom-right:0px;--awb-border-radius-bottom-left:0px;--awb-flex-wrap:wrap;\" ><div class=\"fusion-builder-row fusion-row fusion-flex-align-items-flex-start fusion-flex-content-wrap\" style=\"max-width:calc( 1100px + 0px );margin-left: calc(-0px \/ 2 );margin-right: calc(-0px \/ 2 );\"><div class=\"fusion-layout-column fusion_builder_column fusion-builder-column-0 fusion_builder_column_1_1 1_1 fusion-flex-column\" style=\"--awb-bg-size:cover;--awb-width-large:100%;--awb-margin-top-large:0px;--awb-spacing-right-large:0px;--awb-margin-bottom-large:20px;--awb-spacing-left-large:0px;--awb-width-medium:100%;--awb-spacing-right-medium:0px;--awb-spacing-left-medium:0px;--awb-width-small:100%;--awb-spacing-right-small:0px;--awb-spacing-left-small:0px;\"><div class=\"fusion-column-wrapper fusion-flex-justify-content-flex-start fusion-content-layout-column\">\n<div class=\"fusion-slider-revolution rev_slider_wrapper\">\t\t\t<!-- START ourprocessbanner REVOLUTION SLIDER 6.7.41 --><p class=\"rs-p-wp-fix\"><\/p>\n\t\t\t<rs-module-wrap id=\"rev_slider_75_1_wrapper\" data-source=\"gallery\" style=\"visibility:hidden;background:transparent;padding:0;margin:0px auto;margin-top:0;margin-bottom:0;\">\n\t\t\t\t<rs-module id=\"rev_slider_75_1\" style=\"\" data-version=\"6.7.41\">\n\t\t\t\t\t<rs-slides style=\"overflow: hidden; position: absolute;\">\n\t\t\t\t\t\t<rs-slide style=\"position: absolute;\" data-key=\"rs-102\" data-title=\"Slide\" data-anim=\"adpr:false;ms:600;\" data-in=\"o:0;\" data-out=\"a:false;\">\n\t\t\t\t\t\t\t<img decoding=\"async\" src=\"\/\/decks.ca\/wp-content\/plugins\/revslider\/sr6\/assets\/assets\/dummy.png\" alt=\"\" title=\"Notre processus\" class=\"rev-slidebg tp-rs-img rs-lazyload\" data-lazyload=\"\/\/decks.ca\/wp-content\/uploads\/2019\/02\/about-composite-decking.jpg\" data-no-retina>\n<!---->\t\t\t\t\t<\/rs-slide>\n\t\t\t\t\t<\/rs-slides>\n\t\t\t\t<\/rs-module>\n\t\t\t\t<script>\n\t\t\t\t\tsetREVStartSize({c: 'rev_slider_75_1',rl:[1240,1024,778,480],el:[425,350,300,300],gw:[1240,1024,778,480],gh:[425,350,300,300],type:'standard',justify:'',layout:'fullwidth',mh:\"0\"});if (window.RS_MODULES!==undefined && window.RS_MODULES.modules!==undefined && window.RS_MODULES.modules[\"revslider751\"]!==undefined) {window.RS_MODULES.modules[\"revslider751\"].once = false;window.revapi75 = undefined;if (window.RS_MODULES.checkMinimal!==undefined) window.RS_MODULES.checkMinimal()}\n\t\t\t\t<\/script>\n\t\t\t<\/rs-module-wrap>\n\t\t\t<!-- END REVOLUTION SLIDER -->\n<\/div><\/div><\/div><\/div><\/div><div class=\"fusion-fullwidth fullwidth-box fusion-builder-row-2 fusion-flex-container nonhundred-percent-fullwidth non-hundred-percent-height-scrolling\" style=\"--awb-border-radius-top-left:0px;--awb-border-radius-top-right:0px;--awb-border-radius-bottom-right:0px;--awb-border-radius-bottom-left:0px;--awb-padding-top:50px;--awb-padding-bottom:30px;--awb-flex-wrap:wrap;\" ><div class=\"fusion-builder-row fusion-row fusion-flex-align-items-stretch fusion-flex-content-wrap\" style=\"max-width:1144px;margin-left: calc(-4% \/ 2 );margin-right: calc(-4% \/ 2 );\"><div class=\"fusion-layout-column fusion_builder_column fusion-builder-column-1 fusion_builder_column_1_2 1_2 fusion-flex-column\" style=\"--awb-bg-size:cover;--awb-width-large:50%;--awb-margin-top-large:0px;--awb-spacing-right-large:3.84%;--awb-margin-bottom-large:20px;--awb-spacing-left-large:3.84%;--awb-width-medium:100%;--awb-spacing-right-medium:1.92%;--awb-spacing-left-medium:1.92%;--awb-width-small:100%;--awb-spacing-right-small:1.92%;--awb-spacing-left-small:1.92%;\"><div class=\"fusion-column-wrapper fusion-flex-justify-content-center fusion-content-layout-column\"><div class=\"fusion-title title fusion-title-1 fusion-sep-none fusion-title-text fusion-title-size-two\" style=\"--awb-margin-top-small:0px;--awb-margin-right-small:0px;--awb-margin-bottom-small:20px;--awb-margin-left-small:0px;\"><h2 class=\"fusion-title-heading title-heading-left\" style=\"margin:0;\">Chez Hickory Dickory Decks, nous savons qu&#8217;une <span style=\"white-space: nowrap;\">bonne communication<\/span> est essentielle \u00e0 la r\u00e9ussite d&#8217;un projet.<\/h2><\/div><\/div><\/div><div class=\"fusion-layout-column fusion_builder_column fusion-builder-column-2 fusion_builder_column_1_2 1_2 fusion-flex-column fr-hide\" style=\"--awb-bg-size:cover;--awb-width-large:50%;--awb-margin-top-large:0px;--awb-spacing-right-large:3.84%;--awb-margin-bottom-large:20px;--awb-spacing-left-large:3.84%;--awb-width-medium:100%;--awb-order-medium:0;--awb-spacing-right-medium:1.92%;--awb-spacing-left-medium:1.92%;--awb-width-small:100%;--awb-order-small:0;--awb-spacing-right-small:1.92%;--awb-spacing-left-small:1.92%;\" data-scroll-devices=\"small-visibility,medium-visibility,large-visibility\"><div class=\"fusion-column-wrapper fusion-column-has-shadow fusion-flex-justify-content-center fusion-content-layout-column\"><iframe class=\"lazyload\" width=\"560\" height=\"315\" src=\"data:image\/svg+xml,%3Csvg%20xmlns%3D%27http%3A%2F%2Fwww.w3.org%2F2000%2Fsvg%27%20width%3D%27560%27%20height%3D%27315%27%20viewBox%3D%270%200%20560%20315%27%3E%3Crect%20width%3D%27560%27%20height%3D%27315%27%20fill-opacity%3D%220%22%2F%3E%3C%2Fsvg%3E\" data-orig-src=\"https:\/\/www.youtube.com\/embed\/_9sDHRw3urk\" title=\"YouTube video player\" frameborder=\"0\" allow=\"accelerometer; autoplay; clipboard-write; encrypted-media; gyroscope; picture-in-picture\" allowfullscreen=\"\"><\/iframe><\/div><\/div><\/div><\/div><div class=\"fusion-fullwidth fullwidth-box fusion-builder-row-3 fusion-flex-container has-pattern-background has-mask-background nonhundred-percent-fullwidth non-hundred-percent-height-scrolling\" style=\"--awb-border-radius-top-left:0px;--awb-border-radius-top-right:0px;--awb-border-radius-bottom-right:0px;--awb-border-radius-bottom-left:0px;--awb-margin-bottom:60px;--awb-flex-wrap:wrap;\" ><div class=\"fusion-builder-row fusion-row fusion-flex-align-items-flex-start fusion-flex-content-wrap\" style=\"max-width:1144px;margin-left: calc(-4% \/ 2 );margin-right: calc(-4% \/ 2 );\"><div class=\"fusion-layout-column fusion_builder_column fusion-builder-column-3 fusion_builder_column_1_1 1_1 fusion-flex-column\" style=\"--awb-bg-size:cover;--awb-width-large:100%;--awb-margin-top-large:0px;--awb-spacing-right-large:1.92%;--awb-margin-bottom-large:20px;--awb-spacing-left-large:1.92%;--awb-width-medium:100%;--awb-order-medium:0;--awb-spacing-right-medium:1.92%;--awb-spacing-left-medium:1.92%;--awb-width-small:100%;--awb-order-small:0;--awb-spacing-right-small:1.92%;--awb-spacing-left-small:1.92%;\"><div class=\"fusion-column-wrapper fusion-column-has-shadow fusion-flex-justify-content-flex-start fusion-content-layout-column\"><div class=\"fusion-text fusion-text-1\"><p>Forts de nos <a href=\"https:\/\/decks.ca\/fr\/notre-histoire\/\">nombreuses ann\u00e9es d&#8217;exp\u00e9rience<\/a>, nous avons mis en place un processus \u00e9prouv\u00e9 qui garantit que vous appr\u00e9cierez non seulement la beaut\u00e9 du produit fini, mais aussi la collaboration avec notre \u00e9quipe tout au long du processus de construction de la terrasse.<\/p>\n<p>Pour les projets de construction de terrasses, notre processus comprend les \u00e9l\u00e9ments suivants :<\/p>\n<ol>\n<li><strong>Consultation<br \/>\n<\/strong>R\u00e9alis\u00e9e principalement par t\u00e9l\u00e9phone ou par courrier \u00e9lectronique, notre premi\u00e8re consultation nous permet de r\u00e9pondre \u00e0 toutes vos questions et de comprendre l&#8217;\u00e9tendue de votre projet.<\/li>\n<li><strong>Notre premi\u00e8re r\u00e9union<br \/>\n<\/strong>Notre premi\u00e8re r\u00e9union a g\u00e9n\u00e9ralement lieu \u00e0 votre domicile, ce qui nous permet de voir l&#8217;espace et de discuter des \u00e9l\u00e9ments cl\u00e9s pour vous aider \u00e0 concevoir la terrasse de vos r\u00eaves. Nous prenons les mesures, passons en revue notre questionnaire de conception complet (taille, budget, pr\u00e9f\u00e9rences personnelles, etc.) et vous encourageons \u00e0 nous faire part de vos commentaires et de votre vision. Nous vous pr\u00e9senterons \u00e9galement des \u00e9chantillons de <a href=\"https:\/\/decks.ca\/fr\/terrasses\/\">mat\u00e9riaux composites<\/a> et d&#8217;options n\u00e9cessitant peu d&#8217;entretien, et nous mettrons en \u00e9vidence les caract\u00e9ristiques qui, selon nous, pourraient vous convenir, \u00e0 vous et \u00e0 votre espace.  <\/li>\n<li><strong>Notre deuxi\u00e8me rencontre<br \/>\n<\/strong>Notre deuxi\u00e8me rencontre aura lieu \u00e0 votre domicile ou dans notre salle d&#8217;exposition. Nous vous pr\u00e9senterons des \u00e9chantillons de <a href=\"https:\/\/decks.ca\/fr\/la-selection-de-produits\/\">mat\u00e9riaux de terrasse <\/a>et vous aiderons \u00e0 visualiser ce que votre nouvelle terrasse apportera \u00e0 votre espace de vie ext\u00e9rieur.  Nous vous pr\u00e9senterons un projet de <a href=\"https:\/\/decks.ca\/fr\/conception-de-terrasses\/\">terrasse et un devis<\/a> \u00e0 examiner. Vous recevrez un mod\u00e8le en 2D et\/ou en <a href=\"https:\/\/decks.ca\/blog\/what-is-3d-deck-design\/\">3D de votre<\/a> terrasse avec un devis d\u00e9taill\u00e9 pour vous permettre de choisir ce qui correspond le mieux \u00e0 vos besoins et \u00e0 vos envies.<\/li>\n<li><strong>Avant la construction<br \/>\n<\/strong>Au cours de cette \u00e9tape, notre \u00e9quipe s&#8217;occupera de tout : les permis, le d\u00e9montage de votre ancienne terrasse si n\u00e9cessaire, l&#8217;organisation de la livraison des mat\u00e9riaux, l&#8217;installation de la semelle et la pr\u00e9paration du site pour l&#8217;arriv\u00e9e des charpentiers professionnels.<\/li>\n<li><strong>Construction<br \/>\n<\/strong>\u00c0 ce stade, vous pouvez vous asseoir et vous d\u00e9tendre pendant que votre projet de terrasse Hickory Dickory personnalis\u00e9e prend vie.<\/li>\n<li><strong>R\u00e9vision et cl\u00f4ture<br \/>\n<\/strong>Il n&#8217;y a rien de plus gratifiant que de revenir sur un projet termin\u00e9, de voir la joie sur le visage de nos clients et de savoir que vous profiterez de votre terrasse pendant de nombreuses ann\u00e9es ! Une fois votre projet termin\u00e9, nous discuterons avec vous pour nous assurer que vos besoins ont \u00e9t\u00e9 satisfaits et que vous \u00eates heureux du produit fini. <\/li>\n<\/ol>\n<\/div><\/div><\/div><\/div><\/div><\/p>\n","protected":false},"excerpt":{"rendered":"","protected":false},"author":1,"featured_media":0,"parent":0,"menu_order":0,"comment_status":"closed","ping_status":"closed","template":"100-width.php","meta":{"_acf_changed":false,"footnotes":""},"class_list":["post-8291","page","type-page","status-publish","hentry"],"acf":[],"yoast_head":"<!-- This site is optimized with the Yoast SEO plugin v27.5 - https:\/\/yoast.com\/product\/yoast-seo-wordpress\/ -->\n<title>D\u00e9couvrez notre processus de construction de terrasses : Du concept \u00e0 l&#039;ach\u00e8vement<\/title>\n<meta name=\"description\" content=\"Nous avons \u00e9tabli un processus \u00e9prouv\u00e9 qui garantit que vous appr\u00e9cierez de travailler avec notre \u00e9quipe tout au long du processus de construction de votre terrasse.\" \/>\n<meta name=\"robots\" content=\"index, follow, max-snippet:-1, max-image-preview:large, max-video-preview:-1\" \/>\n<link rel=\"canonical\" href=\"https:\/\/decks.ca\/fr\/notre-processus\/\" \/>\n<meta property=\"og:locale\" content=\"fr_CA\" \/>\n<meta property=\"og:type\" content=\"article\" \/>\n<meta property=\"og:title\" content=\"D\u00e9couvrez notre processus de construction de terrasses : Du concept \u00e0 l&#039;ach\u00e8vement\" \/>\n<meta property=\"og:description\" content=\"Nous avons \u00e9tabli un processus \u00e9prouv\u00e9 qui garantit que vous appr\u00e9cierez de travailler avec notre \u00e9quipe tout au long du processus de construction de votre terrasse.\" \/>\n<meta property=\"og:url\" content=\"https:\/\/decks.ca\/fr\/notre-processus\/\" \/>\n<meta property=\"og:site_name\" content=\"Hickory Dickory Decks\" \/>\n<meta property=\"article:modified_time\" content=\"2025-03-26T03:27:04+00:00\" \/>\n<meta property=\"og:image\" content=\"https:\/\/decks.ca\/wp-content\/uploads\/2025\/07\/hdd-og.jpg\" \/>\n\t<meta property=\"og:image:width\" content=\"1200\" \/>\n\t<meta property=\"og:image:height\" content=\"675\" \/>\n\t<meta property=\"og:image:type\" content=\"image\/jpeg\" \/>\n<meta name=\"twitter:card\" content=\"summary_large_image\" \/>\n<meta name=\"twitter:label1\" content=\"Estimation du temps de lecture\" \/>\n\t<meta name=\"twitter:data1\" content=\"11 minutes\" \/>\n<!-- \/ Yoast SEO plugin. -->","yoast_head_json":{"title":"D\u00e9couvrez notre processus de construction de terrasses : Du concept \u00e0 l'ach\u00e8vement","description":"Nous avons \u00e9tabli un processus \u00e9prouv\u00e9 qui garantit que vous appr\u00e9cierez de travailler avec notre \u00e9quipe tout au long du processus de construction de votre terrasse.","robots":{"index":"index","follow":"follow","max-snippet":"max-snippet:-1","max-image-preview":"max-image-preview:large","max-video-preview":"max-video-preview:-1"},"canonical":"https:\/\/decks.ca\/fr\/notre-processus\/","og_locale":"fr_CA","og_type":"article","og_title":"D\u00e9couvrez notre processus de construction de terrasses : Du concept \u00e0 l'ach\u00e8vement","og_description":"Nous avons \u00e9tabli un processus \u00e9prouv\u00e9 qui garantit que vous appr\u00e9cierez de travailler avec notre \u00e9quipe tout au long du processus de construction de votre terrasse.","og_url":"https:\/\/decks.ca\/fr\/notre-processus\/","og_site_name":"Hickory Dickory Decks","article_modified_time":"2025-03-26T03:27:04+00:00","og_image":[{"width":1200,"height":675,"url":"https:\/\/decks.ca\/wp-content\/uploads\/2025\/07\/hdd-og.jpg","type":"image\/jpeg"}],"twitter_card":"summary_large_image","twitter_misc":{"Estimation du temps de lecture":"11 minutes"},"schema":{"@context":"https:\/\/schema.org","@graph":[{"@type":"WebPage","@id":"https:\/\/decks.ca\/fr\/notre-processus\/","url":"https:\/\/decks.ca\/fr\/notre-processus\/","name":"D\u00e9couvrez notre processus de construction de terrasses : Du concept \u00e0 l'ach\u00e8vement","isPartOf":{"@id":"https:\/\/decks.ca\/fr\/#website"},"datePublished":"2022-08-09T19:17:33+00:00","dateModified":"2025-03-26T03:27:04+00:00","description":"Nous avons \u00e9tabli un processus \u00e9prouv\u00e9 qui garantit que vous appr\u00e9cierez de travailler avec notre \u00e9quipe tout au long du processus de construction de votre terrasse.","breadcrumb":{"@id":"https:\/\/decks.ca\/fr\/notre-processus\/#breadcrumb"},"inLanguage":"fr-CA","potentialAction":[{"@type":"ReadAction","target":["https:\/\/decks.ca\/fr\/notre-processus\/"]}]},{"@type":"BreadcrumbList","@id":"https:\/\/decks.ca\/fr\/notre-processus\/#breadcrumb","itemListElement":[{"@type":"ListItem","position":1,"name":"Home","item":"https:\/\/decks.ca\/fr\/"},{"@type":"ListItem","position":2,"name":"Notre processus"}]},{"@type":"WebSite","@id":"https:\/\/decks.ca\/fr\/#website","url":"https:\/\/decks.ca\/fr\/","name":"Hickory Dickory Decks","description":"Enjoy life... Outdoors","potentialAction":[{"@type":"SearchAction","target":{"@type":"EntryPoint","urlTemplate":"https:\/\/decks.ca\/fr\/?s={search_term_string}"},"query-input":{"@type":"PropertyValueSpecification","valueRequired":true,"valueName":"search_term_string"}}],"inLanguage":"fr-CA"}]}},"_links":{"self":[{"href":"https:\/\/decks.ca\/fr\/wp-json\/wp\/v2\/pages\/8291","targetHints":{"allow":["GET"]}}],"collection":[{"href":"https:\/\/decks.ca\/fr\/wp-json\/wp\/v2\/pages"}],"about":[{"href":"https:\/\/decks.ca\/fr\/wp-json\/wp\/v2\/types\/page"}],"author":[{"embeddable":true,"href":"https:\/\/decks.ca\/fr\/wp-json\/wp\/v2\/users\/1"}],"replies":[{"embeddable":true,"href":"https:\/\/decks.ca\/fr\/wp-json\/wp\/v2\/comments?post=8291"}],"version-history":[{"count":0,"href":"https:\/\/decks.ca\/fr\/wp-json\/wp\/v2\/pages\/8291\/revisions"}],"wp:attachment":[{"href":"https:\/\/decks.ca\/fr\/wp-json\/wp\/v2\/media?parent=8291"}],"curies":[{"name":"wp","href":"https:\/\/api.w.org\/{rel}","templated":true}]}}