{"id":8303,"date":"2022-08-09T12:44:43","date_gmt":"2022-08-09T16:44:43","guid":{"rendered":"https:\/\/staging.decks.ca\/avis\/"},"modified":"2025-03-25T23:27:16","modified_gmt":"2025-03-26T03:27:16","slug":"avis","status":"publish","type":"page","link":"https:\/\/decks.ca\/fr\/avis\/","title":{"rendered":"Avis"},"content":{"rendered":"<p><div class=\"fusion-fullwidth fullwidth-box fusion-builder-row-1 fusion-flex-container nonhundred-percent-fullwidth non-hundred-percent-height-scrolling\" style=\"--awb-border-radius-top-left:0px;--awb-border-radius-top-right:0px;--awb-border-radius-bottom-right:0px;--awb-border-radius-bottom-left:0px;--awb-flex-wrap:wrap;\" ><div class=\"fusion-builder-row fusion-row fusion-flex-align-items-flex-start fusion-flex-content-wrap\" style=\"max-width:calc( 1100px + 0px );margin-left: calc(-0px \/ 2 );margin-right: calc(-0px \/ 2 );\"><div class=\"fusion-layout-column fusion_builder_column fusion-builder-column-0 fusion_builder_column_1_1 1_1 fusion-flex-column\" style=\"--awb-bg-size:cover;--awb-width-large:100%;--awb-margin-top-large:0px;--awb-spacing-right-large:0px;--awb-margin-bottom-large:20px;--awb-spacing-left-large:0px;--awb-width-medium:100%;--awb-spacing-right-medium:0px;--awb-spacing-left-medium:0px;--awb-width-small:100%;--awb-spacing-right-small:0px;--awb-spacing-left-small:0px;\"><div class=\"fusion-column-wrapper fusion-flex-justify-content-flex-start fusion-content-layout-column\">\n<div class=\"fusion-slider-revolution rev_slider_wrapper\">\t\t\t<!-- START reviewsbanner REVOLUTION SLIDER 6.7.41 --><p class=\"rs-p-wp-fix\"><\/p>\n\t\t\t<rs-module-wrap id=\"rev_slider_74_1_wrapper\" data-source=\"gallery\" style=\"visibility:hidden;background:transparent;padding:0;margin:0px auto;margin-top:0;margin-bottom:0;\">\n\t\t\t\t<rs-module id=\"rev_slider_74_1\" style=\"\" data-version=\"6.7.41\">\n\t\t\t\t\t<rs-slides style=\"overflow: hidden; position: absolute;\">\n\t\t\t\t\t\t<rs-slide style=\"position: absolute;\" data-key=\"rs-101\" data-title=\"Slide\" data-anim=\"adpr:false;ms:600;\" data-in=\"o:0;\" data-out=\"a:false;\">\n\t\t\t\t\t\t\t<img decoding=\"async\" src=\"\/\/decks.ca\/wp-content\/plugins\/revslider\/sr6\/assets\/assets\/dummy.png\" alt=\"\" title=\"Avis\" class=\"rev-slidebg tp-rs-img rs-lazyload\" data-lazyload=\"\/\/decks.ca\/wp-content\/uploads\/2019\/02\/about-composite-decking.jpg\" data-no-retina>\n<!---->\t\t\t\t\t<\/rs-slide>\n\t\t\t\t\t<\/rs-slides>\n\t\t\t\t<\/rs-module>\n\t\t\t\t<script>\n\t\t\t\t\tsetREVStartSize({c: 'rev_slider_74_1',rl:[1240,1024,778,480],el:[425,350,300,300],gw:[1240,1024,778,480],gh:[425,350,300,300],type:'standard',justify:'',layout:'fullwidth',mh:\"0\"});if (window.RS_MODULES!==undefined && window.RS_MODULES.modules!==undefined && window.RS_MODULES.modules[\"revslider741\"]!==undefined) {window.RS_MODULES.modules[\"revslider741\"].once = false;window.revapi74 = undefined;if (window.RS_MODULES.checkMinimal!==undefined) window.RS_MODULES.checkMinimal()}\n\t\t\t\t<\/script>\n\t\t\t<\/rs-module-wrap>\n\t\t\t<!-- END REVOLUTION SLIDER -->\n<\/div><\/div><\/div><\/div><\/div><div class=\"fusion-fullwidth fullwidth-box fusion-builder-row-2 fusion-flex-container has-pattern-background has-mask-background nonhundred-percent-fullwidth non-hundred-percent-height-scrolling\" style=\"--awb-border-radius-top-left:0px;--awb-border-radius-top-right:0px;--awb-border-radius-bottom-right:0px;--awb-border-radius-bottom-left:0px;--awb-padding-top:50px;--awb-padding-bottom:30px;--awb-padding-top-medium:0px;--awb-flex-wrap:wrap;\" ><div class=\"fusion-builder-row fusion-row fusion-flex-align-items-stretch fusion-flex-content-wrap\" style=\"max-width:1144px;margin-left: calc(-4% \/ 2 );margin-right: calc(-4% \/ 2 );\"><div class=\"fusion-layout-column fusion_builder_column fusion-builder-column-1 fusion_builder_column_1_2 1_2 fusion-flex-column fusion-flex-align-self-center fusion-no-large-visibility\" style=\"--awb-bg-size:cover;--awb-width-large:50%;--awb-margin-top-large:0px;--awb-spacing-right-large:3.84%;--awb-margin-bottom-large:0px;--awb-spacing-left-large:3.84%;--awb-width-medium:100%;--awb-order-medium:0;--awb-spacing-right-medium:1.92%;--awb-spacing-left-medium:1.92%;--awb-width-small:100%;--awb-order-small:0;--awb-spacing-right-small:1.92%;--awb-spacing-left-small:1.92%;\"><div class=\"fusion-column-wrapper fusion-column-has-shadow fusion-flex-justify-content-center fusion-content-layout-column\"><div class=\"fusion-image-element \" style=\"text-align:center;--awb-margin-bottom:25px;--awb-caption-title-font-family:var(--h2_typography-font-family);--awb-caption-title-font-weight:var(--h2_typography-font-weight);--awb-caption-title-font-style:var(--h2_typography-font-style);--awb-caption-title-size:var(--h2_typography-font-size);--awb-caption-title-transform:var(--h2_typography-text-transform);--awb-caption-title-line-height:var(--h2_typography-line-height);--awb-caption-title-letter-spacing:var(--h2_typography-letter-spacing);\"><span class=\" fusion-imageframe imageframe-none imageframe-1 hover-type-none\"><img decoding=\"async\" width=\"266\" height=\"68\" alt=\"5 stars\" title=\"5-stars\" src=\"https:\/\/decks.ca\/wp-content\/uploads\/2022\/10\/5-stars.png\" data-orig-src=\"https:\/\/decks.ca\/wp-content\/uploads\/2022\/10\/5-stars.png\" class=\"lazyload img-responsive wp-image-7365\" srcset=\"data:image\/svg+xml,%3Csvg%20xmlns%3D%27http%3A%2F%2Fwww.w3.org%2F2000%2Fsvg%27%20width%3D%27266%27%20height%3D%2768%27%20viewBox%3D%270%200%20266%2068%27%3E%3Crect%20width%3D%27266%27%20height%3D%2768%27%20fill-opacity%3D%220%22%2F%3E%3C%2Fsvg%3E\" data-srcset=\"https:\/\/decks.ca\/wp-content\/uploads\/2022\/10\/5-stars-200x51.png 200w, https:\/\/decks.ca\/wp-content\/uploads\/2022\/10\/5-stars.png 266w\" data-sizes=\"auto\" data-orig-sizes=\"(max-width: 1024px) 100vw, (max-width: 640px) 100vw, 266px\" \/><\/span><\/div><\/div><\/div><div class=\"fusion-layout-column fusion_builder_column fusion-builder-column-2 fusion_builder_column_1_2 1_2 fusion-flex-column\" style=\"--awb-bg-size:cover;--awb-width-large:50%;--awb-margin-top-large:0px;--awb-spacing-right-large:3.84%;--awb-margin-bottom-large:0px;--awb-spacing-left-large:3.84%;--awb-width-medium:100%;--awb-order-medium:0;--awb-spacing-right-medium:1.92%;--awb-spacing-left-medium:1.92%;--awb-width-small:100%;--awb-order-small:0;--awb-spacing-right-small:1.92%;--awb-spacing-left-small:1.92%;\"><div class=\"fusion-column-wrapper fusion-column-has-shadow fusion-flex-justify-content-center fusion-content-layout-column\"><div class=\"fusion-title title fusion-title-1 fusion-sep-none fusion-title-text fusion-title-size-two\" style=\"--awb-margin-top-small:0px;--awb-margin-right-small:0px;--awb-margin-bottom-small:20px;--awb-margin-left-small:0px;\"><h2 class=\"fusion-title-heading title-heading-left\" style=\"margin:0;\">Notre objectif est toujours de satisfaire nos clients \u00e0 100 %. Voici ce que certains de nos clients disent de leur exp\u00e9rience avec Hickory Dickory Decks :<\/h2><\/div><\/div><\/div><div class=\"fusion-layout-column fusion_builder_column fusion-builder-column-3 fusion_builder_column_1_2 1_2 fusion-flex-column fusion-flex-align-self-center fusion-no-small-visibility fusion-no-medium-visibility\" style=\"--awb-bg-size:cover;--awb-width-large:50%;--awb-margin-top-large:0px;--awb-spacing-right-large:3.84%;--awb-margin-bottom-large:0px;--awb-spacing-left-large:3.84%;--awb-width-medium:100%;--awb-order-medium:0;--awb-spacing-right-medium:1.92%;--awb-spacing-left-medium:1.92%;--awb-width-small:100%;--awb-order-small:0;--awb-spacing-right-small:1.92%;--awb-spacing-left-small:1.92%;\"><div class=\"fusion-column-wrapper fusion-column-has-shadow fusion-flex-justify-content-center fusion-content-layout-column\"><div class=\"fusion-image-element \" style=\"text-align:center;--awb-caption-title-font-family:var(--h2_typography-font-family);--awb-caption-title-font-weight:var(--h2_typography-font-weight);--awb-caption-title-font-style:var(--h2_typography-font-style);--awb-caption-title-size:var(--h2_typography-font-size);--awb-caption-title-transform:var(--h2_typography-text-transform);--awb-caption-title-line-height:var(--h2_typography-line-height);--awb-caption-title-letter-spacing:var(--h2_typography-letter-spacing);\"><span class=\" fusion-imageframe imageframe-none imageframe-2 hover-type-none\"><img decoding=\"async\" width=\"266\" height=\"68\" alt=\"5 stars\" title=\"5-stars\" src=\"https:\/\/decks.ca\/wp-content\/uploads\/2022\/10\/5-stars.png\" data-orig-src=\"https:\/\/decks.ca\/wp-content\/uploads\/2022\/10\/5-stars.png\" class=\"lazyload img-responsive wp-image-7365\" srcset=\"data:image\/svg+xml,%3Csvg%20xmlns%3D%27http%3A%2F%2Fwww.w3.org%2F2000%2Fsvg%27%20width%3D%27266%27%20height%3D%2768%27%20viewBox%3D%270%200%20266%2068%27%3E%3Crect%20width%3D%27266%27%20height%3D%2768%27%20fill-opacity%3D%220%22%2F%3E%3C%2Fsvg%3E\" data-srcset=\"https:\/\/decks.ca\/wp-content\/uploads\/2022\/10\/5-stars-200x51.png 200w, https:\/\/decks.ca\/wp-content\/uploads\/2022\/10\/5-stars.png 266w\" data-sizes=\"auto\" data-orig-sizes=\"(max-width: 1024px) 100vw, (max-width: 640px) 100vw, 266px\" \/><\/span><\/div><\/div><\/div><\/div><\/div><div class=\"fusion-fullwidth fullwidth-box fusion-builder-row-3 fusion-flex-container has-pattern-background has-mask-background nonhundred-percent-fullwidth non-hundred-percent-height-scrolling\" style=\"--awb-border-radius-top-left:0px;--awb-border-radius-top-right:0px;--awb-border-radius-bottom-right:0px;--awb-border-radius-bottom-left:0px;--awb-margin-bottom:60px;--awb-flex-wrap:wrap;\" ><div class=\"fusion-builder-row fusion-row fusion-flex-align-items-flex-start fusion-flex-content-wrap\" style=\"max-width:1144px;margin-left: calc(-4% \/ 2 );margin-right: calc(-4% \/ 2 );\"><div class=\"fusion-layout-column fusion_builder_column fusion-builder-column-4 fusion_builder_column_1_1 1_1 fusion-flex-column\" style=\"--awb-bg-size:cover;--awb-width-large:100%;--awb-margin-top-large:0px;--awb-spacing-right-large:1.92%;--awb-margin-bottom-large:20px;--awb-spacing-left-large:1.92%;--awb-width-medium:100%;--awb-order-medium:0;--awb-spacing-right-medium:1.92%;--awb-spacing-left-medium:1.92%;--awb-width-small:100%;--awb-order-small:0;--awb-spacing-right-small:1.92%;--awb-spacing-left-small:1.92%;\"><div class=\"fusion-column-wrapper fusion-column-has-shadow fusion-flex-justify-content-flex-start fusion-content-layout-column\"><div class=\"fusion-post-cards fusion-post-cards-1 fusion-grid-archive fusion-grid-columns-1\" style=\"--awb-column-spacing:0px;--awb-columns:1;--awb-active-filter-border-size:3px;--awb-filters-height:36px;--awb-load-more-btn-color:var(--awb-custom15);--awb-load-more-btn-bg-color:var(--awb-custom12);--awb-load-more-btn-hover-color:var(--awb-color1);--awb-load-more-btn-hover-bg-color:var(--awb-custom15);\" data-post-type-label=\"reviews\"><ul class=\"fusion-grid fusion-grid-1 fusion-flex-align-items-stretch fusion-grid-posts-cards fusion-grid-container-infinite fusion-grid-container-load-more\" data-pages=\"1\"><li class=\"fusion-layout-column fusion_builder_column fusion-builder-column-5 fusion-flex-column post-card fusion-grid-column fusion-post-cards-grid-column\" style=\"--awb-bg-blend:overlay;--awb-bg-size:cover;--awb-flex-grow:0;--awb-flex-shrink:0;--awb-flex-grow-medium:0;--awb-flex-shrink-medium:0;--awb-flex-grow-small:0;--awb-flex-shrink-small:0;\"><div class=\"fusion-column-wrapper fusion-flex-justify-content-flex-start fusion-content-layout-column\"><div class=\"fusion-text fusion-text-1\"><p>\"Ma femme et moi sommes tr\u00e8s satisfaits de la nouvelle terrasse en composite que Will et B.J. nous ont install\u00e9e cet \u00e9t\u00e9, en remplacement de notre ancienne terrasse en composite, d\u00e9mod\u00e9e et tombant en ruine, vieille de 15 ans. Depuis la premi\u00e8re rencontre, de la phase de conception et jusqu'\u00e0 l'ach\u00e8vement des travaux, nous avons \u00e9t\u00e9 impressionn\u00e9s par les suggestions et les renseignements utiles qu'ils nous ont donn\u00e9s. Ils ont fourni un travail professionnel et de qualit\u00e9 tout au long du projet. Nous avons re\u00e7u de nombreux compliments sur notre nouvelle terrasse, qui s'est consid\u00e9rablement am\u00e9lior\u00e9e! Nous recommandons sans h\u00e9siter Hickory Dickory Decks. Merci encore, les gars!     \"<\/p>\n<\/div><div class=\"fusion-text fusion-text-2\" style=\"--awb-text-transform:var(--awb-typography4-text-transform);--awb-text-color:var(--awb-custom15);--awb-text-font-family:&quot;Inter&quot;;--awb-text-font-style:normal;--awb-text-font-weight:700;\"><p>- Un client de Hickory Dickory Decks \u00e0 Brantford en Ontario<\/p>\n<\/div><\/div><div class=\"fusion-separator fusion-full-width-sep fusion-absolute-separator fusion-align-center fusion-single-px\" style=\"width:100%;max-width:100%;\"><div class=\"fusion-separator-border sep-single sep-solid\" style=\"--awb-height:20px;--awb-amount:20px;border-color:#e0dede;border-top-width:1px;\"><\/div><\/div><\/li>\n<li class=\"fusion-layout-column fusion_builder_column fusion-builder-column-6 fusion-flex-column post-card fusion-grid-column fusion-post-cards-grid-column\" style=\"--awb-bg-blend:overlay;--awb-bg-size:cover;--awb-flex-grow:0;--awb-flex-shrink:0;--awb-flex-grow-medium:0;--awb-flex-shrink-medium:0;--awb-flex-grow-small:0;--awb-flex-shrink-small:0;\"><div class=\"fusion-column-wrapper fusion-flex-justify-content-flex-start fusion-content-layout-column\"><div class=\"fusion-text fusion-text-3\"><p>\"Un excellent travail et un service irr\u00e9prochable. Un grand merci \u00e0 Chris C. d'Etobicoke pour son souci du d\u00e9tail et la satisfaction du client. Nous sommes reconnaissants pour cette belle extension de notre balcon et un grand escalier qui s'int\u00e8gre aux structures existantes.  \"<\/p>\n<\/div><div class=\"fusion-text fusion-text-4\" style=\"--awb-text-transform:var(--awb-typography4-text-transform);--awb-text-color:var(--awb-custom15);--awb-text-font-family:&quot;Inter&quot;;--awb-text-font-style:normal;--awb-text-font-weight:700;\"><p>- Nora C. d'Etobicoke en Ontario<\/p>\n<\/div><\/div><div class=\"fusion-separator fusion-full-width-sep fusion-absolute-separator fusion-align-center fusion-single-px\" style=\"width:100%;max-width:100%;\"><div class=\"fusion-separator-border sep-single sep-solid\" style=\"--awb-height:20px;--awb-amount:20px;border-color:#e0dede;border-top-width:1px;\"><\/div><\/div><\/li>\n<li class=\"fusion-layout-column fusion_builder_column fusion-builder-column-7 fusion-flex-column post-card fusion-grid-column fusion-post-cards-grid-column\" style=\"--awb-bg-blend:overlay;--awb-bg-size:cover;--awb-flex-grow:0;--awb-flex-shrink:0;--awb-flex-grow-medium:0;--awb-flex-shrink-medium:0;--awb-flex-grow-small:0;--awb-flex-shrink-small:0;\"><div class=\"fusion-column-wrapper fusion-flex-justify-content-flex-start fusion-content-layout-column\"><div class=\"fusion-text fusion-text-5\"><p>\"Cinq \u00e9toiles! Si c'est sur cinq \u00e9toiles. Dix \u00e9toiles si c'est sur dix \u00e9toiles. En gros, nous disons que Hickory Dickory Deck est l'entreprise que vous devez contacter si vous voulez un nouvel espace ext\u00e9rieur ou si vous cherchez \u00e0 am\u00e9liorer votre espace ext\u00e9rieur existant.  <\/p>\n<p>De la premi\u00e8re r\u00e9union au bureau de Cambridge avec Pierce, \u00e0 la logistique avec Hughes, en passant par la construction avec le ma\u00eetre menuisier Thyan et son associ\u00e9 M. Brown, l'ensemble du processus a \u00e9t\u00e9 non seulement g\u00e9r\u00e9 de mani\u00e8re professionnelle, mais aussi sans stress, et a d\u00e9pass\u00e9 toutes nos attentes. <\/p>\n<p>L'\u00e9quipe de Hickory Dickory Decks de Cambridge a pris un espace qui \u00e9tait totalement inutilisable et franchement une horreur et a cr\u00e9\u00e9 une extension de notre espace de vie \u00e0 l'ext\u00e9rieur. <\/p>\n<p>Nous les recommanderons et ferons de nouveau appel \u00e0 eux pour tous nos besoins futurs en mati\u00e8re d'espace de vie ext\u00e9rieur.<\/p>\n<p>Merci beaucoup \u00e0 tous pour notre nouvel espace magnifique.\n\"<\/p>\n<\/div><div class=\"fusion-text fusion-text-6\" style=\"--awb-text-transform:var(--awb-typography4-text-transform);--awb-text-color:var(--awb-custom15);--awb-text-font-family:&quot;Inter&quot;;--awb-text-font-style:normal;--awb-text-font-weight:700;\"><p>- Un client de Hickory Dickory Decks \u00e0 Cambridge en Ontario<\/p>\n<\/div><\/div><div class=\"fusion-separator fusion-full-width-sep fusion-absolute-separator fusion-align-center fusion-single-px\" style=\"width:100%;max-width:100%;\"><div class=\"fusion-separator-border sep-single sep-solid\" style=\"--awb-height:20px;--awb-amount:20px;border-color:#e0dede;border-top-width:1px;\"><\/div><\/div><\/li>\n<li class=\"fusion-layout-column fusion_builder_column fusion-builder-column-8 fusion-flex-column post-card fusion-grid-column fusion-post-cards-grid-column\" style=\"--awb-bg-blend:overlay;--awb-bg-size:cover;--awb-flex-grow:0;--awb-flex-shrink:0;--awb-flex-grow-medium:0;--awb-flex-shrink-medium:0;--awb-flex-grow-small:0;--awb-flex-shrink-small:0;\"><div class=\"fusion-column-wrapper fusion-flex-justify-content-flex-start fusion-content-layout-column\"><div class=\"fusion-text fusion-text-7\"><p>\"Une excellente exp\u00e9rience : professionnelle, fiable, attentionn\u00e9e. Ma terrasse et mes garde-corps ont \u00e9t\u00e9 install\u00e9s rapidement et dans les d\u00e9lais pr\u00e9vus, m\u00eame si les conditions m\u00e9t\u00e9orologiques ont \u00e9t\u00e9 mauvaises et si l'approvisionnement en mat\u00e9riaux a \u00e9t\u00e9 retard\u00e9.  \"<\/p>\n<\/div><div class=\"fusion-text fusion-text-8\" style=\"--awb-text-transform:var(--awb-typography4-text-transform);--awb-text-color:var(--awb-custom15);--awb-text-font-family:&quot;Inter&quot;;--awb-text-font-style:normal;--awb-text-font-weight:700;\"><p>- Un client de Hickory Dickory Decks \u00e0 Hamilton en Ontario<\/p>\n<\/div><\/div><div class=\"fusion-separator fusion-full-width-sep fusion-absolute-separator fusion-align-center fusion-single-px\" style=\"width:100%;max-width:100%;\"><div class=\"fusion-separator-border sep-single sep-solid\" style=\"--awb-height:20px;--awb-amount:20px;border-color:#e0dede;border-top-width:1px;\"><\/div><\/div><\/li>\n<li class=\"fusion-layout-column fusion_builder_column fusion-builder-column-9 fusion-flex-column post-card fusion-grid-column fusion-post-cards-grid-column\" style=\"--awb-bg-blend:overlay;--awb-bg-size:cover;--awb-flex-grow:0;--awb-flex-shrink:0;--awb-flex-grow-medium:0;--awb-flex-shrink-medium:0;--awb-flex-grow-small:0;--awb-flex-shrink-small:0;\"><div class=\"fusion-column-wrapper fusion-flex-justify-content-flex-start fusion-content-layout-column\"><div class=\"fusion-text fusion-text-9\"><p>\"Hickory Dickory Decks a \u00e9t\u00e9 charg\u00e9 de construire une terrasse en mat\u00e9riau composite pour remplacer une terrasse en bois vieillissante. Nous avons \u00e9t\u00e9 satisfaits de tous les aspects de l'exp\u00e9rience, depuis le premier contact avec le vendeur jusqu'\u00e0 l'installation, en passant par les changements de conception, la s\u00e9lection et les sp\u00e9cifications des mat\u00e9riaux. Nous avons \u00e9t\u00e9 particuli\u00e8rement impressionn\u00e9s par les menuisiers charg\u00e9s de l'installation et par la qualit\u00e9 de leur travail. Je n'h\u00e9siterais pas \u00e0 recommander Hickory-Dickory-Decks.   \"<\/p>\n<\/div><div class=\"fusion-text fusion-text-10\" style=\"--awb-text-transform:var(--awb-typography4-text-transform);--awb-text-color:var(--awb-custom15);--awb-text-font-family:&quot;Inter&quot;;--awb-text-font-style:normal;--awb-text-font-weight:700;\"><p>- Un client de Hickory Dickory Decks \u00e0 Lynden en Ontario<\/p>\n<\/div><\/div><div class=\"fusion-separator fusion-full-width-sep fusion-absolute-separator fusion-align-center fusion-single-px\" style=\"width:100%;max-width:100%;\"><div class=\"fusion-separator-border sep-single sep-solid\" style=\"--awb-height:20px;--awb-amount:20px;border-color:#e0dede;border-top-width:1px;\"><\/div><\/div><\/li>\n<\/ul><\/div><\/div><\/div><\/div><\/div><\/p>\n","protected":false},"excerpt":{"rendered":"","protected":false},"author":1,"featured_media":0,"parent":0,"menu_order":0,"comment_status":"closed","ping_status":"closed","template":"100-width.php","meta":{"_acf_changed":false,"footnotes":""},"class_list":["post-8303","page","type-page","status-publish","hentry"],"acf":[],"yoast_head":"<!-- This site is optimized with the Yoast SEO plugin v27.3 - https:\/\/yoast.com\/product\/yoast-seo-wordpress\/ -->\n<title>Avis de clients - Hickory Dickory Decks<\/title>\n<meta name=\"description\" content=\"Notre objectif est toujours de satisfaire nos clients \u00e0 100 %. Voici ce que certains de nos clients disent de leur exp\u00e9rience avec Hickory Dickory Decks.\" \/>\n<meta name=\"robots\" content=\"index, follow, max-snippet:-1, max-image-preview:large, max-video-preview:-1\" \/>\n<link rel=\"canonical\" href=\"https:\/\/decks.ca\/fr\/avis\/\" \/>\n<meta property=\"og:locale\" content=\"fr_CA\" \/>\n<meta property=\"og:type\" content=\"article\" \/>\n<meta property=\"og:title\" content=\"Avis de clients - Hickory Dickory Decks\" \/>\n<meta property=\"og:description\" content=\"Notre objectif est toujours de satisfaire nos clients \u00e0 100 %. Voici ce que certains de nos clients disent de leur exp\u00e9rience avec Hickory Dickory Decks.\" \/>\n<meta property=\"og:url\" content=\"https:\/\/decks.ca\/fr\/avis\/\" \/>\n<meta property=\"og:site_name\" content=\"Hickory Dickory Decks\" \/>\n<meta property=\"article:modified_time\" content=\"2025-03-26T03:27:16+00:00\" \/>\n<meta property=\"og:image\" content=\"https:\/\/decks.ca\/wp-content\/uploads\/2025\/07\/hdd-og.jpg\" \/>\n\t<meta property=\"og:image:width\" content=\"1200\" \/>\n\t<meta property=\"og:image:height\" content=\"675\" \/>\n\t<meta property=\"og:image:type\" content=\"image\/jpeg\" \/>\n<meta name=\"twitter:card\" content=\"summary_large_image\" \/>\n<meta name=\"twitter:label1\" content=\"Estimation du temps de lecture\" \/>\n\t<meta name=\"twitter:data1\" content=\"4 minutes\" \/>\n<!-- \/ Yoast SEO plugin. -->","yoast_head_json":{"title":"Avis de clients - Hickory Dickory Decks","description":"Notre objectif est toujours de satisfaire nos clients \u00e0 100 %. Voici ce que certains de nos clients disent de leur exp\u00e9rience avec Hickory Dickory Decks.","robots":{"index":"index","follow":"follow","max-snippet":"max-snippet:-1","max-image-preview":"max-image-preview:large","max-video-preview":"max-video-preview:-1"},"canonical":"https:\/\/decks.ca\/fr\/avis\/","og_locale":"fr_CA","og_type":"article","og_title":"Avis de clients - Hickory Dickory Decks","og_description":"Notre objectif est toujours de satisfaire nos clients \u00e0 100 %. Voici ce que certains de nos clients disent de leur exp\u00e9rience avec Hickory Dickory Decks.","og_url":"https:\/\/decks.ca\/fr\/avis\/","og_site_name":"Hickory Dickory Decks","article_modified_time":"2025-03-26T03:27:16+00:00","og_image":[{"width":1200,"height":675,"url":"https:\/\/decks.ca\/wp-content\/uploads\/2025\/07\/hdd-og.jpg","type":"image\/jpeg"}],"twitter_card":"summary_large_image","twitter_misc":{"Estimation du temps de lecture":"4 minutes"},"schema":{"@context":"https:\/\/schema.org","@graph":[{"@type":"WebPage","@id":"https:\/\/decks.ca\/fr\/avis\/","url":"https:\/\/decks.ca\/fr\/avis\/","name":"Avis de clients - Hickory Dickory Decks","isPartOf":{"@id":"https:\/\/decks.ca\/fr\/#website"},"datePublished":"2022-08-09T16:44:43+00:00","dateModified":"2025-03-26T03:27:16+00:00","description":"Notre objectif est toujours de satisfaire nos clients \u00e0 100 %. Voici ce que certains de nos clients disent de leur exp\u00e9rience avec Hickory Dickory Decks.","breadcrumb":{"@id":"https:\/\/decks.ca\/fr\/avis\/#breadcrumb"},"inLanguage":"fr-CA","potentialAction":[{"@type":"ReadAction","target":["https:\/\/decks.ca\/fr\/avis\/"]}]},{"@type":"BreadcrumbList","@id":"https:\/\/decks.ca\/fr\/avis\/#breadcrumb","itemListElement":[{"@type":"ListItem","position":1,"name":"Home","item":"https:\/\/decks.ca\/fr\/"},{"@type":"ListItem","position":2,"name":"Avis"}]},{"@type":"WebSite","@id":"https:\/\/decks.ca\/fr\/#website","url":"https:\/\/decks.ca\/fr\/","name":"Hickory Dickory Decks","description":"Enjoy life... Outdoors","potentialAction":[{"@type":"SearchAction","target":{"@type":"EntryPoint","urlTemplate":"https:\/\/decks.ca\/fr\/?s={search_term_string}"},"query-input":{"@type":"PropertyValueSpecification","valueRequired":true,"valueName":"search_term_string"}}],"inLanguage":"fr-CA"}]}},"_links":{"self":[{"href":"https:\/\/decks.ca\/fr\/wp-json\/wp\/v2\/pages\/8303","targetHints":{"allow":["GET"]}}],"collection":[{"href":"https:\/\/decks.ca\/fr\/wp-json\/wp\/v2\/pages"}],"about":[{"href":"https:\/\/decks.ca\/fr\/wp-json\/wp\/v2\/types\/page"}],"author":[{"embeddable":true,"href":"https:\/\/decks.ca\/fr\/wp-json\/wp\/v2\/users\/1"}],"replies":[{"embeddable":true,"href":"https:\/\/decks.ca\/fr\/wp-json\/wp\/v2\/comments?post=8303"}],"version-history":[{"count":0,"href":"https:\/\/decks.ca\/fr\/wp-json\/wp\/v2\/pages\/8303\/revisions"}],"wp:attachment":[{"href":"https:\/\/decks.ca\/fr\/wp-json\/wp\/v2\/media?parent=8303"}],"curies":[{"name":"wp","href":"https:\/\/api.w.org\/{rel}","templated":true}]}}