{"id":8473,"date":"2022-02-02T15:21:01","date_gmt":"2022-02-02T20:21:01","guid":{"rendered":"https:\/\/staging.decks.ca\/emplois\/les-possibilites-pour-le-menuisier-lapprenti\/"},"modified":"2025-03-25T23:37:13","modified_gmt":"2025-03-26T03:37:13","slug":"les-possibilites-pour-le-menuisier-lapprenti","status":"publish","type":"page","link":"https:\/\/decks.ca\/fr\/emplois\/les-possibilites-pour-le-menuisier-lapprenti\/","title":{"rendered":"Les possibilit\u00e9s pour le menuisier\/l\u2019apprenti"},"content":{"rendered":"<p><div class=\"fusion-fullwidth fullwidth-box fusion-builder-row-1 fusion-flex-container nonhundred-percent-fullwidth non-hundred-percent-height-scrolling\" style=\"--awb-border-radius-top-left:0px;--awb-border-radius-top-right:0px;--awb-border-radius-bottom-right:0px;--awb-border-radius-bottom-left:0px;--awb-flex-wrap:wrap;\" ><div class=\"fusion-builder-row fusion-row fusion-flex-align-items-flex-start fusion-flex-content-wrap\" style=\"max-width:calc( 1100px + 0px );margin-left: calc(-0px \/ 2 );margin-right: calc(-0px \/ 2 );\"><div class=\"fusion-layout-column fusion_builder_column fusion-builder-column-0 fusion_builder_column_1_1 1_1 fusion-flex-column\" style=\"--awb-bg-size:cover;--awb-width-large:100%;--awb-margin-top-large:0px;--awb-spacing-right-large:0px;--awb-margin-bottom-large:20px;--awb-spacing-left-large:0px;--awb-width-medium:100%;--awb-spacing-right-medium:0px;--awb-spacing-left-medium:0px;--awb-width-small:100%;--awb-spacing-right-small:0px;--awb-spacing-left-small:0px;\"><div class=\"fusion-column-wrapper fusion-flex-justify-content-flex-start fusion-content-layout-column\">\n<div class=\"fusion-slider-revolution rev_slider_wrapper\">\t\t\t<!-- START Carpenters\/Apprentice REVOLUTION SLIDER 6.7.41 --><p class=\"rs-p-wp-fix\"><\/p>\n\t\t\t<rs-module-wrap id=\"rev_slider_65_1_wrapper\" data-source=\"gallery\" style=\"visibility:hidden;background:transparent;padding:0;margin:0px auto;margin-top:0;margin-bottom:0;\">\n\t\t\t\t<rs-module id=\"rev_slider_65_1\" style=\"\" data-version=\"6.7.41\">\n\t\t\t\t\t<rs-slides style=\"overflow: hidden; position: absolute;\">\n\t\t\t\t\t\t<rs-slide style=\"position: absolute;\" data-key=\"rs-92\" data-title=\"Slide\" data-anim=\"ms:600;\" data-in=\"o:0;\" data-out=\"a:false;\">\n\t\t\t\t\t\t\t<img decoding=\"async\" src=\"\/\/decks.ca\/wp-content\/plugins\/revslider\/sr6\/assets\/assets\/dummy.png\" alt=\"carpenter banner\" title=\"carpenter-banner\" width=\"2560\" height=\"532\" class=\"rev-slidebg tp-rs-img rs-lazyload\" data-lazyload=\"\/\/decks.ca\/wp-content\/uploads\/2022\/02\/carpenter-banner-scaled.jpg\" data-no-retina>\n<!---->\t\t\t\t\t<\/rs-slide>\n\t\t\t\t\t<\/rs-slides>\n\t\t\t\t<\/rs-module>\n\t\t\t\t<script>\n\t\t\t\t\tsetREVStartSize({c: 'rev_slider_65_1',rl:[1240,1024,778,480],el:[425,350,300,300],gw:[1240,1024,778,480],gh:[425,350,300,300],type:'standard',justify:'',layout:'fullwidth',mh:\"0\"});if (window.RS_MODULES!==undefined && window.RS_MODULES.modules!==undefined && window.RS_MODULES.modules[\"revslider651\"]!==undefined) {window.RS_MODULES.modules[\"revslider651\"].once = false;window.revapi65 = undefined;if (window.RS_MODULES.checkMinimal!==undefined) window.RS_MODULES.checkMinimal()}\n\t\t\t\t<\/script>\n\t\t\t<\/rs-module-wrap>\n\t\t\t<!-- END REVOLUTION SLIDER -->\n<\/div><\/div><\/div><\/div><\/div><div class=\"fusion-fullwidth fullwidth-box fusion-builder-row-2 fusion-flex-container nonhundred-percent-fullwidth non-hundred-percent-height-scrolling\" style=\"--awb-border-radius-top-left:0px;--awb-border-radius-top-right:0px;--awb-border-radius-bottom-right:0px;--awb-border-radius-bottom-left:0px;--awb-padding-top:50px;--awb-padding-bottom:30px;--awb-flex-wrap:wrap;\" ><div class=\"fusion-builder-row fusion-row fusion-flex-align-items-stretch fusion-flex-justify-content-center fusion-flex-content-wrap\" style=\"max-width:1144px;margin-left: calc(-4% \/ 2 );margin-right: calc(-4% \/ 2 );\"><div class=\"fusion-layout-column fusion_builder_column fusion-builder-column-1 fusion-flex-column\" style=\"--awb-bg-size:cover;--awb-width-large:45%;--awb-margin-top-large:0px;--awb-spacing-right-large:4.26666666667%;--awb-margin-bottom-large:20px;--awb-spacing-left-large:4.26666666667%;--awb-width-medium:100%;--awb-order-medium:0;--awb-spacing-right-medium:1.92%;--awb-spacing-left-medium:1.92%;--awb-width-small:100%;--awb-order-small:0;--awb-spacing-right-small:1.92%;--awb-spacing-left-small:1.92%;\"><div class=\"fusion-column-wrapper fusion-column-has-shadow fusion-flex-justify-content-flex-start fusion-content-layout-column\"><div class=\"fusion-title title fusion-title-1 fusion-sep-none fusion-title-text fusion-title-size-two\" style=\"--awb-margin-top-small:0px;--awb-margin-right-small:0px;--awb-margin-bottom-small:20px;--awb-margin-left-small:0px;--awb-font-size:35px;\"><h2 class=\"fusion-title-heading title-heading-left\" style=\"margin:0;font-size:1em;\"><strong>\u00cates-vous \u00e0 la recherche d&#8217;une possibilit\u00e9 passionnante en tant que menuisier ou apprenti ?<\/strong><\/h2><\/div><div class=\"fusion-text fusion-text-1\"><p>Nous sommes \u00e0 la recherche de menuisiers et d&#8217;apprentis motiv\u00e9s pour se joindre \u00e0 diff\u00e9rents sites franchis\u00e9s \u00e0 travers le Canada. Ces postes chez Hickory Dickory Decks consistent \u00e0 construire de magnifiques terrasses personnalis\u00e9es et d&#8217;autres structures ext\u00e9rieures \u00e0 partir de plans et de mat\u00e9riaux fournis. <\/p>\n<p>Chacune de nos franchises \u00e0 travers le pays a cr\u00e9\u00e9 une solide \u00e9quipe de constructeurs de terrasses professionnels.<\/p>\n<p>Les postes disponibles comprennent des menuisiers professionnels, des sous-traitants, des apprentis, des postes coop\u00e9ratifs pour les \u00e9tudiants et des aides-menuisiers. Il s&#8217;agit g\u00e9n\u00e9ralement de postes saisonniers \u00e0 temps plein qui peuvent s&#8217;\u00e9tendre sur toute l&#8217;ann\u00e9e.<\/p>\n<\/div><\/div><\/div><div class=\"fusion-layout-column fusion_builder_column fusion-builder-column-2 fusion-flex-column\" style=\"--awb-bg-size:cover;--awb-width-large:45%;--awb-margin-top-large:0px;--awb-spacing-right-large:4.26666666667%;--awb-margin-bottom-large:20px;--awb-spacing-left-large:4.26666666667%;--awb-width-medium:100%;--awb-order-medium:0;--awb-spacing-right-medium:1.92%;--awb-spacing-left-medium:1.92%;--awb-width-small:100%;--awb-order-small:0;--awb-spacing-right-small:1.92%;--awb-spacing-left-small:1.92%;\"><div class=\"fusion-column-wrapper fusion-column-has-shadow fusion-flex-justify-content-flex-start fusion-content-layout-column\"><div class=\"fusion-title title fusion-title-2 fusion-sep-none fusion-title-text fusion-title-size-five\" style=\"--awb-text-color:#26a663;--awb-margin-bottom:10px;--awb-margin-top-small:0px;--awb-margin-right-small:0px;--awb-margin-bottom-small:20px;--awb-margin-left-small:0px;--awb-font-size:18px;\"><h5 class=\"fusion-title-heading title-heading-left\" style=\"margin:0;font-size:1em;\">LES RESPONSABILIT\u00c9S :<\/h5><\/div><div class=\"fusion-text fusion-text-2\"><ul style=\"margin-top: 0;\">\n<li>Construire des terrasses et des structures sur mesure<\/li>\n<li>Travailler avec les inspecteurs en b\u00e2timent et les permis<\/li>\n<li>Maintenir un chantier propre<\/li>\n<li>Interagir avec les propri\u00e9taires<\/li>\n<li>Travailler avec des listes de mat\u00e9riaux et des calendriers de livraison peut \u00eatre n\u00e9cessaire.<\/li>\n<\/ul>\n<\/div><div class=\"fusion-title title fusion-title-3 fusion-sep-none fusion-title-text fusion-title-size-five\" style=\"--awb-text-color:#26a663;--awb-margin-bottom:10px;--awb-margin-top-small:0px;--awb-margin-right-small:0px;--awb-margin-bottom-small:20px;--awb-margin-left-small:0px;--awb-font-size:18px;\"><h5 class=\"fusion-title-heading title-heading-left\" style=\"margin:0;font-size:1em;\">LES QUALIFICATIONS<\/h5><\/div><div class=\"fusion-text fusion-text-3\"><p>Les qualifications varient en fonction de l\u2019emplacement. Les personnes qui ont une passion pour la construction et le travail en plein air sont encourag\u00e9es \u00e0 postuler. Chez Hickory Dickory Decks, nous recherchons des personnes motiv\u00e9es, dot\u00e9es de bonnes aptitudes \u00e0 la communication, de grandes qualit\u00e9s de leadership et d&#8217;une solide \u00e9thique de travail.<\/p>\n<\/div><div class=\"fusion-title title fusion-title-4 fusion-sep-none fusion-title-text fusion-title-size-five\" style=\"--awb-text-color:#26a663;--awb-margin-bottom:10px;--awb-margin-top-small:0px;--awb-margin-right-small:0px;--awb-margin-bottom-small:20px;--awb-margin-left-small:0px;--awb-font-size:18px;\"><h5 class=\"fusion-title-heading title-heading-left\" style=\"margin:0;font-size:1em;\">LE SALAIRE ET LES AVANTAGES SOCIAUX<\/h5><\/div><div class=\"fusion-text fusion-text-4\"><p>La r\u00e9mun\u00e9ration est concurrentielle et bas\u00e9e sur l\u2019\u00e9ducation, l&#8217;exp\u00e9rience et les qualifications.<\/p>\n<p>Le salaire varie entre le salaire minimum et 50 $ de l&#8217;heure et peut inclure d&#8217;autres compensations, notamment des primes, un v\u00e9hicule de soci\u00e9t\u00e9 et des avantages sociaux.<\/p>\n<\/div><\/div><\/div><div class=\"fusion-layout-column fusion_builder_column fusion-builder-column-3 fusion-flex-column\" style=\"--awb-bg-size:cover;--awb-width-large:90%;--awb-margin-top-large:0px;--awb-spacing-right-large:2.13333333333%;--awb-margin-bottom-large:20px;--awb-spacing-left-large:2.13333333333%;--awb-width-medium:100%;--awb-order-medium:0;--awb-spacing-right-medium:1.92%;--awb-spacing-left-medium:1.92%;--awb-width-small:100%;--awb-order-small:0;--awb-spacing-right-small:1.92%;--awb-spacing-left-small:1.92%;\"><div class=\"fusion-column-wrapper fusion-column-has-shadow fusion-flex-justify-content-flex-start fusion-content-layout-column\"><div class=\"fusion-text fusion-text-5\"><p><strong>Pour postuler comme menuisier ou apprenti chez Hickory Dickory Decks, veuillez cliquer ci-apr\u00e8s pour acc\u00e9der \u00e0 notre formulaire de candidature et nous vous contacterons bient\u00f4t!<\/strong><\/p>\n<p>Avez-vous des questions? Veuillez contacter notre si\u00e8ge social au <a href=\"tel:(905)%20689-4774\">(905) 689-4774<\/a> ou par courriel \u00e0 <a href=\"mailto:office@decks.ca\">office@decks.ca<\/a>.<\/p>\n<\/div><\/div><\/div><\/div><\/div><div id=\"form\" class=\"fusion-container-anchor\"><div class=\"fusion-fullwidth fullwidth-box fusion-builder-row-3 fusion-flex-container nonhundred-percent-fullwidth non-hundred-percent-height-scrolling\" style=\"--awb-border-radius-top-left:0px;--awb-border-radius-top-right:0px;--awb-border-radius-bottom-right:0px;--awb-border-radius-bottom-left:0px;--awb-margin-bottom:40px;--awb-flex-wrap:wrap;\" ><div class=\"fusion-builder-row fusion-row fusion-flex-align-items-flex-start fusion-flex-content-wrap\" style=\"max-width:1144px;margin-left: calc(-4% \/ 2 );margin-right: calc(-4% \/ 2 );\"><div class=\"fusion-layout-column fusion_builder_column fusion-builder-column-4 fusion_builder_column_1_1 1_1 fusion-flex-column fusion-column-inner-bg-wrapper\" style=\"--awb-padding-top:30px;--awb-padding-right:30px;--awb-padding-bottom:30px;--awb-padding-left:30px;--awb-inner-bg-color:#26a663;--awb-inner-bg-color-hover:#26a663;--awb-inner-bg-size:cover;--awb-width-large:100%;--awb-margin-top-large:0px;--awb-spacing-right-large:1.92%;--awb-margin-bottom-large:20px;--awb-spacing-left-large:1.92%;--awb-width-medium:100%;--awb-order-medium:0;--awb-spacing-right-medium:1.92%;--awb-spacing-left-medium:1.92%;--awb-width-small:100%;--awb-order-small:0;--awb-spacing-right-small:1.92%;--awb-spacing-left-small:1.92%;\"><span class=\"fusion-column-inner-bg hover-type-none\"><a class=\"fusion-column-anchor\" href=\"https:\/\/dashboard.decks.ca\/fr\/apply-now\" rel=\"noopener noreferrer\" target=\"_blank\"><span class=\"fusion-column-inner-bg-image\"><\/span><\/a><\/span><div class=\"fusion-column-wrapper fusion-column-has-shadow fusion-flex-justify-content-flex-start fusion-content-layout-column\"><div class=\"fusion-title title fusion-title-5 fusion-sep-none fusion-title-center fusion-title-text fusion-title-size-three\" style=\"--awb-text-color:#ffffff;--awb-margin-bottom:0px;--awb-margin-top-small:0px;--awb-margin-right-small:0px;--awb-margin-bottom-small:20px;--awb-margin-left-small:0px;--awb-font-size:35px;\"><h3 class=\"fusion-title-heading title-heading-center\" style=\"margin:0;font-size:1em;\">Cliquez ici pour postuler d\u00e8s maintenant!<\/h3><\/div><\/div><\/div><\/div><\/div><\/div><\/p>\n","protected":false},"excerpt":{"rendered":"","protected":false},"author":1,"featured_media":0,"parent":8255,"menu_order":0,"comment_status":"closed","ping_status":"closed","template":"100-width.php","meta":{"_acf_changed":false,"footnotes":""},"class_list":["post-8473","page","type-page","status-publish","hentry"],"acf":[],"yoast_head":"<!-- This site is optimized with the Yoast SEO plugin v27.4 - https:\/\/yoast.com\/product\/yoast-seo-wordpress\/ -->\n<title>Menuisiers\/apprentis - La plus grande entreprise de construction de terrasses au Canada<\/title>\n<meta name=\"description\" content=\"En tant que principale entreprise de terrasses au Canada, nous sommes toujours \u00e0 la recherche de grands talents voulant se joindre \u00e0 notre \u00e9quipe. Si vous \u00eates int\u00e9ress\u00e9, veuillez nous contacter au 1 800 263-4774.\" \/>\n<meta name=\"robots\" content=\"index, follow, max-snippet:-1, max-image-preview:large, max-video-preview:-1\" \/>\n<link rel=\"canonical\" href=\"https:\/\/decks.ca\/fr\/emplois\/les-possibilites-pour-le-menuisier-lapprenti\/\" \/>\n<meta property=\"og:locale\" content=\"fr_CA\" \/>\n<meta property=\"og:type\" content=\"article\" \/>\n<meta property=\"og:title\" content=\"Menuisiers\/apprentis - La plus grande entreprise de construction de terrasses au Canada\" \/>\n<meta property=\"og:description\" content=\"En tant que principale entreprise de terrasses au Canada, nous sommes toujours \u00e0 la recherche de grands talents voulant se joindre \u00e0 notre \u00e9quipe. Si vous \u00eates int\u00e9ress\u00e9, veuillez nous contacter au 1 800 263-4774.\" \/>\n<meta property=\"og:url\" content=\"https:\/\/decks.ca\/fr\/emplois\/les-possibilites-pour-le-menuisier-lapprenti\/\" \/>\n<meta property=\"og:site_name\" content=\"Hickory Dickory Decks\" \/>\n<meta property=\"article:modified_time\" content=\"2025-03-26T03:37:13+00:00\" \/>\n<meta property=\"og:image\" content=\"https:\/\/decks.ca\/wp-content\/uploads\/2025\/07\/hdd-og.jpg\" \/>\n\t<meta property=\"og:image:width\" content=\"1200\" \/>\n\t<meta property=\"og:image:height\" content=\"675\" \/>\n\t<meta property=\"og:image:type\" content=\"image\/jpeg\" \/>\n<meta name=\"twitter:card\" content=\"summary_large_image\" \/>\n<meta name=\"twitter:label1\" content=\"Estimation du temps de lecture\" \/>\n\t<meta name=\"twitter:data1\" content=\"16 minutes\" \/>\n<!-- \/ Yoast SEO plugin. -->","yoast_head_json":{"title":"Menuisiers\/apprentis - La plus grande entreprise de construction de terrasses au Canada","description":"En tant que principale entreprise de terrasses au Canada, nous sommes toujours \u00e0 la recherche de grands talents voulant se joindre \u00e0 notre \u00e9quipe. Si vous \u00eates int\u00e9ress\u00e9, veuillez nous contacter au 1 800 263-4774.","robots":{"index":"index","follow":"follow","max-snippet":"max-snippet:-1","max-image-preview":"max-image-preview:large","max-video-preview":"max-video-preview:-1"},"canonical":"https:\/\/decks.ca\/fr\/emplois\/les-possibilites-pour-le-menuisier-lapprenti\/","og_locale":"fr_CA","og_type":"article","og_title":"Menuisiers\/apprentis - La plus grande entreprise de construction de terrasses au Canada","og_description":"En tant que principale entreprise de terrasses au Canada, nous sommes toujours \u00e0 la recherche de grands talents voulant se joindre \u00e0 notre \u00e9quipe. Si vous \u00eates int\u00e9ress\u00e9, veuillez nous contacter au 1 800 263-4774.","og_url":"https:\/\/decks.ca\/fr\/emplois\/les-possibilites-pour-le-menuisier-lapprenti\/","og_site_name":"Hickory Dickory Decks","article_modified_time":"2025-03-26T03:37:13+00:00","og_image":[{"width":1200,"height":675,"url":"https:\/\/decks.ca\/wp-content\/uploads\/2025\/07\/hdd-og.jpg","type":"image\/jpeg"}],"twitter_card":"summary_large_image","twitter_misc":{"Estimation du temps de lecture":"16 minutes"},"schema":{"@context":"https:\/\/schema.org","@graph":[{"@type":"WebPage","@id":"https:\/\/decks.ca\/fr\/emplois\/les-possibilites-pour-le-menuisier-lapprenti\/","url":"https:\/\/decks.ca\/fr\/emplois\/les-possibilites-pour-le-menuisier-lapprenti\/","name":"Menuisiers\/apprentis - La plus grande entreprise de construction de terrasses au Canada","isPartOf":{"@id":"https:\/\/decks.ca\/fr\/#website"},"datePublished":"2022-02-02T20:21:01+00:00","dateModified":"2025-03-26T03:37:13+00:00","description":"En tant que principale entreprise de terrasses au Canada, nous sommes toujours \u00e0 la recherche de grands talents voulant se joindre \u00e0 notre \u00e9quipe. Si vous \u00eates int\u00e9ress\u00e9, veuillez nous contacter au 1 800 263-4774.","breadcrumb":{"@id":"https:\/\/decks.ca\/fr\/emplois\/les-possibilites-pour-le-menuisier-lapprenti\/#breadcrumb"},"inLanguage":"fr-CA","potentialAction":[{"@type":"ReadAction","target":["https:\/\/decks.ca\/fr\/emplois\/les-possibilites-pour-le-menuisier-lapprenti\/"]}]},{"@type":"BreadcrumbList","@id":"https:\/\/decks.ca\/fr\/emplois\/les-possibilites-pour-le-menuisier-lapprenti\/#breadcrumb","itemListElement":[{"@type":"ListItem","position":1,"name":"Home","item":"https:\/\/decks.ca\/fr\/"},{"@type":"ListItem","position":2,"name":"Les emplois","item":"https:\/\/decks.ca\/fr\/about-us\/employment\/"},{"@type":"ListItem","position":3,"name":"Les possibilit\u00e9s pour le menuisier\/l\u2019apprenti"}]},{"@type":"WebSite","@id":"https:\/\/decks.ca\/fr\/#website","url":"https:\/\/decks.ca\/fr\/","name":"Hickory Dickory Decks","description":"Enjoy life... Outdoors","potentialAction":[{"@type":"SearchAction","target":{"@type":"EntryPoint","urlTemplate":"https:\/\/decks.ca\/fr\/?s={search_term_string}"},"query-input":{"@type":"PropertyValueSpecification","valueRequired":true,"valueName":"search_term_string"}}],"inLanguage":"fr-CA"}]}},"_links":{"self":[{"href":"https:\/\/decks.ca\/fr\/wp-json\/wp\/v2\/pages\/8473","targetHints":{"allow":["GET"]}}],"collection":[{"href":"https:\/\/decks.ca\/fr\/wp-json\/wp\/v2\/pages"}],"about":[{"href":"https:\/\/decks.ca\/fr\/wp-json\/wp\/v2\/types\/page"}],"author":[{"embeddable":true,"href":"https:\/\/decks.ca\/fr\/wp-json\/wp\/v2\/users\/1"}],"replies":[{"embeddable":true,"href":"https:\/\/decks.ca\/fr\/wp-json\/wp\/v2\/comments?post=8473"}],"version-history":[{"count":0,"href":"https:\/\/decks.ca\/fr\/wp-json\/wp\/v2\/pages\/8473\/revisions"}],"up":[{"embeddable":true,"href":"https:\/\/decks.ca\/fr\/wp-json\/wp\/v2\/pages\/8255"}],"wp:attachment":[{"href":"https:\/\/decks.ca\/fr\/wp-json\/wp\/v2\/media?parent=8473"}],"curies":[{"name":"wp","href":"https:\/\/api.w.org\/{rel}","templated":true}]}}