{"id":8485,"date":"2022-08-09T08:38:30","date_gmt":"2022-08-09T12:38:30","guid":{"rendered":"https:\/\/staging.decks.ca\/structures-dombrage-de-toiture\/"},"modified":"2025-03-25T23:30:59","modified_gmt":"2025-03-26T03:30:59","slug":"structures-dombrage-de-toiture","status":"publish","type":"page","link":"https:\/\/decks.ca\/fr\/structures-dombrage-de-toiture\/","title":{"rendered":"Structures d&#8217;ombrage\/de toiture"},"content":{"rendered":"<p><div class=\"fusion-fullwidth fullwidth-box fusion-builder-row-1 fusion-flex-container nonhundred-percent-fullwidth non-hundred-percent-height-scrolling\" style=\"--awb-border-radius-top-left:0px;--awb-border-radius-top-right:0px;--awb-border-radius-bottom-right:0px;--awb-border-radius-bottom-left:0px;--awb-flex-wrap:wrap;\" ><div class=\"fusion-builder-row fusion-row fusion-flex-align-items-flex-start fusion-flex-content-wrap\" style=\"max-width:calc( 1100px + 0px );margin-left: calc(-0px \/ 2 );margin-right: calc(-0px \/ 2 );\"><div class=\"fusion-layout-column fusion_builder_column fusion-builder-column-0 fusion_builder_column_1_1 1_1 fusion-flex-column\" style=\"--awb-bg-size:cover;--awb-width-large:100%;--awb-margin-top-large:0px;--awb-spacing-right-large:0px;--awb-margin-bottom-large:20px;--awb-spacing-left-large:0px;--awb-width-medium:100%;--awb-spacing-right-medium:0px;--awb-spacing-left-medium:0px;--awb-width-small:100%;--awb-spacing-right-small:0px;--awb-spacing-left-small:0px;\"><div class=\"fusion-column-wrapper fusion-flex-justify-content-flex-start fusion-content-layout-column\">\n<div class=\"fusion-slider-revolution rev_slider_wrapper\">\t\t\t<!-- START servicesshaderoof REVOLUTION SLIDER 6.7.41 --><p class=\"rs-p-wp-fix\"><\/p>\n\t\t\t<rs-module-wrap id=\"rev_slider_70_1_wrapper\" data-source=\"gallery\" style=\"visibility:hidden;background:transparent;padding:0;margin:0px auto;margin-top:0;margin-bottom:0;\">\n\t\t\t\t<rs-module id=\"rev_slider_70_1\" style=\"\" data-version=\"6.7.41\">\n\t\t\t\t\t<rs-slides style=\"overflow: hidden; position: absolute;\">\n\t\t\t\t\t\t<rs-slide style=\"position: absolute;\" data-key=\"rs-97\" data-title=\"Slide\" data-anim=\"adpr:false;ms:600;\" data-in=\"o:0;\" data-out=\"a:false;\">\n\t\t\t\t\t\t\t<img decoding=\"async\" src=\"\/\/decks.ca\/wp-content\/plugins\/revslider\/sr6\/assets\/assets\/dummy.png\" alt=\"outdoor kitchen with roof\" title=\"services-shadestructures\" width=\"1679\" height=\"382\" class=\"rev-slidebg tp-rs-img rs-lazyload\" data-lazyload=\"\/\/decks.ca\/wp-content\/uploads\/2022\/09\/services-shadestructures.jpg\" data-bg=\"p:left center;\" data-no-retina>\n<!---->\t\t\t\t\t<\/rs-slide>\n\t\t\t\t\t<\/rs-slides>\n\t\t\t\t<\/rs-module>\n\t\t\t\t<script>\n\t\t\t\t\tsetREVStartSize({c: 'rev_slider_70_1',rl:[1240,1024,778,480],el:[425,350,300,300],gw:[1240,1024,778,480],gh:[425,350,300,300],type:'standard',justify:'',layout:'fullwidth',mh:\"0\"});if (window.RS_MODULES!==undefined && window.RS_MODULES.modules!==undefined && window.RS_MODULES.modules[\"revslider701\"]!==undefined) {window.RS_MODULES.modules[\"revslider701\"].once = false;window.revapi70 = undefined;if (window.RS_MODULES.checkMinimal!==undefined) window.RS_MODULES.checkMinimal()}\n\t\t\t\t<\/script>\n\t\t\t<\/rs-module-wrap>\n\t\t\t<!-- END REVOLUTION SLIDER -->\n<\/div><\/div><\/div><\/div><\/div><div class=\"fusion-fullwidth fullwidth-box fusion-builder-row-2 fusion-flex-container nonhundred-percent-fullwidth non-hundred-percent-height-scrolling\" style=\"--awb-border-radius-top-left:0px;--awb-border-radius-top-right:0px;--awb-border-radius-bottom-right:0px;--awb-border-radius-bottom-left:0px;--awb-padding-top:50px;--awb-padding-bottom:30px;--awb-flex-wrap:wrap;\" ><div class=\"fusion-builder-row fusion-row fusion-flex-align-items-stretch fusion-flex-content-wrap\" style=\"max-width:1144px;margin-left: calc(-4% \/ 2 );margin-right: calc(-4% \/ 2 );\"><div class=\"fusion-layout-column fusion_builder_column fusion-builder-column-1 fusion_builder_column_1_2 1_2 fusion-flex-column\" style=\"--awb-bg-size:cover;--awb-width-large:50%;--awb-margin-top-large:0px;--awb-spacing-right-large:3.84%;--awb-margin-bottom-large:20px;--awb-spacing-left-large:3.84%;--awb-width-medium:100%;--awb-spacing-right-medium:1.92%;--awb-spacing-left-medium:1.92%;--awb-width-small:100%;--awb-spacing-right-small:1.92%;--awb-spacing-left-small:1.92%;\"><div class=\"fusion-column-wrapper fusion-flex-justify-content-center fusion-content-layout-column\"><div class=\"fusion-title title fusion-title-1 fusion-sep-none fusion-title-text fusion-title-size-two\" style=\"--awb-margin-top-small:0px;--awb-margin-right-small:0px;--awb-margin-bottom-small:20px;--awb-margin-left-small:0px;\"><h2 class=\"fusion-title-heading title-heading-left\" style=\"margin:0;\">Une structure d&#8217;ombrage ajoute de la fonctionnalit\u00e9 \u00e0 votre terrasse, offrant une protection contre les \u00e9l\u00e9ments tout en cr\u00e9ant un espace confortable pour se d\u00e9tendre avec des amis.<\/h2><\/div><\/div><\/div><div class=\"fusion-layout-column fusion_builder_column fusion-builder-column-2 fusion_builder_column_1_2 1_2 fusion-flex-column\" style=\"--awb-bg-size:cover;--awb-width-large:50%;--awb-margin-top-large:0px;--awb-spacing-right-large:3.84%;--awb-margin-bottom-large:20px;--awb-spacing-left-large:3.84%;--awb-width-medium:100%;--awb-spacing-right-medium:1.92%;--awb-spacing-left-medium:1.92%;--awb-width-small:100%;--awb-spacing-right-small:1.92%;--awb-spacing-left-small:1.92%;\"><div class=\"fusion-column-wrapper fusion-flex-justify-content-center fusion-content-layout-column\"><div class=\"fusion-text fusion-text-1\"><p>Il existe de nombreux types de structures d&#8217;ombrage et de toiture qui peuvent \u00eatre construites pour optimiser votre terrasse. Ces structures pr\u00e9sentent l&#8217;avantage de prolonger la saison de votre terrasse : <\/p>\n<ul>\n<li>Protection contre le soleil<\/li>\n<li>Protection contre la pluie<\/li>\n<li>Protection de la vie priv\u00e9e<\/li>\n<li>Ajout de hauteur et dimension \u00e0 votre terrasse<\/li>\n<\/ul>\n<\/div><\/div><\/div><\/div><\/div><div class=\"fusion-fullwidth fullwidth-box fusion-builder-row-3 fusion-flex-container nonhundred-percent-fullwidth non-hundred-percent-height-scrolling\" style=\"--awb-border-radius-top-left:0px;--awb-border-radius-top-right:0px;--awb-border-radius-bottom-right:0px;--awb-border-radius-bottom-left:0px;--awb-flex-wrap:wrap;\" ><div class=\"fusion-builder-row fusion-row fusion-flex-align-items-flex-start fusion-flex-content-wrap\" style=\"max-width:1144px;margin-left: calc(-4% \/ 2 );margin-right: calc(-4% \/ 2 );\"><div class=\"fusion-layout-column fusion_builder_column fusion-builder-column-3 fusion_builder_column_1_1 1_1 fusion-flex-column\" style=\"--awb-bg-size:cover;--awb-width-large:100%;--awb-margin-top-large:0px;--awb-spacing-right-large:1.92%;--awb-margin-bottom-large:20px;--awb-spacing-left-large:1.92%;--awb-width-medium:100%;--awb-order-medium:0;--awb-spacing-right-medium:1.92%;--awb-spacing-left-medium:1.92%;--awb-width-small:100%;--awb-order-small:0;--awb-spacing-right-small:1.92%;--awb-spacing-left-small:1.92%;\"><div class=\"fusion-column-wrapper fusion-column-has-shadow fusion-flex-justify-content-flex-start fusion-content-layout-column\"><div class=\"fusion-text fusion-text-2\"><p>Nos entrepreneurs peuvent concevoir et construire de nombreux types de structures d\u2019ombrage et de toiture, notamment les suivants :<\/p>\n<\/div><div class=\"accordian fusion-accordian\" style=\"--awb-border-size:1px;--awb-icon-size:15px;--awb-content-font-size:18px;--awb-icon-alignment:left;--awb-hover-color:#f9f9f9;--awb-border-color:#cccccc;--awb-background-color:#ffffff;--awb-divider-color:#e0dede;--awb-divider-hover-color:#e0dede;--awb-icon-color:var(--awb-color6);--awb-title-color:#444444;--awb-content-color:#444444;--awb-icon-box-color:#333333;--awb-toggle-hover-accent-color:#00a860;--awb-title-font-family:&quot;Raleway&quot;;--awb-title-font-weight:400;--awb-title-font-style:normal;--awb-title-font-size:18px;--awb-content-font-family:&quot;Raleway&quot;;--awb-content-font-style:normal;--awb-content-font-weight:400;\" id=\"shade_structures_toggle\"><div class=\"panel-group fusion-toggle-icon-unboxed\" id=\"accordion-8485-1\"><div class=\"fusion-panel panel-default panel-5d5e8a2f0b4c00b51 fusion-toggle-has-divider\" style=\"--awb-title-color:#00884e;--awb-content-color:#444444;\"><div class=\"panel-heading\"><h4 class=\"panel-title toggle\" id=\"toggle_5d5e8a2f0b4c00b51\"><a aria-expanded=\"false\" aria-controls=\"5d5e8a2f0b4c00b51\" role=\"button\" data-toggle=\"collapse\" data-parent=\"#accordion-8485-1\" data-target=\"#5d5e8a2f0b4c00b51\" href=\"#5d5e8a2f0b4c00b51\"><span class=\"fusion-toggle-icon-wrapper\" aria-hidden=\"true\"><i class=\"fa-fusion-box active-icon awb-icon-minus\" aria-hidden=\"true\"><\/i><i class=\"fa-fusion-box inactive-icon awb-icon-plus\" aria-hidden=\"true\"><\/i><\/span><span class=\"fusion-toggle-heading\">Pavillons<\/span><\/a><\/h4><\/div><div id=\"5d5e8a2f0b4c00b51\" class=\"panel-collapse collapse \" aria-labelledby=\"toggle_5d5e8a2f0b4c00b51\"><div class=\"panel-body toggle-content fusion-clearfix\">\n<p>Un pavillon est une structure de toit sans parois lat\u00e9rales, g\u00e9n\u00e9ralement autoportante, qui peut \u00eatre ajout\u00e9e \u00e0 une terrasse ou \u00e0 un patio existant. <a href=\"https:\/\/decks.ca\/fr\/galerie-de-design\/photos-de-terrasse?categories=pavilion\">Les pavillons<\/a> sont souvent confondus avec les pergolas, mais leur toit est totalement ferm\u00e9, ce qui permet d&#8217;ajouter un plafond fini, des lumi\u00e8res, des ventilateurs et de les utiliser en cas de pluie l\u00e9g\u00e8re.Un pavillon est une structure de toit sans parois lat\u00e9rales, g\u00e9n\u00e9ralement autoportante, qui peut \u00eatre ajout\u00e9e \u00e0 une terrasse ou \u00e0 un patio existant.<\/p>\n<\/div><\/div><\/div><div class=\"fusion-panel panel-default panel-86416e45687177a0e fusion-toggle-has-divider\" style=\"--awb-title-color:#00884e;--awb-content-color:#444444;\"><div class=\"panel-heading\"><h4 class=\"panel-title toggle\" id=\"toggle_86416e45687177a0e\"><a aria-expanded=\"false\" aria-controls=\"86416e45687177a0e\" role=\"button\" data-toggle=\"collapse\" data-parent=\"#accordion-8485-1\" data-target=\"#86416e45687177a0e\" href=\"#86416e45687177a0e\"><span class=\"fusion-toggle-icon-wrapper\" aria-hidden=\"true\"><i class=\"fa-fusion-box active-icon awb-icon-minus\" aria-hidden=\"true\"><\/i><i class=\"fa-fusion-box inactive-icon awb-icon-plus\" aria-hidden=\"true\"><\/i><\/span><span class=\"fusion-toggle-heading\">Toits sur mesure<\/span><\/a><\/h4><\/div><div id=\"86416e45687177a0e\" class=\"panel-collapse collapse \" aria-labelledby=\"toggle_86416e45687177a0e\"><div class=\"panel-body toggle-content fusion-clearfix\">\n<p><a href=\"https:\/\/decks.ca\/fr\/galerie-de-design\/photos-de-terrasse?categories=custom-roofs\">Un toit sur mesure<\/a> est g\u00e9n\u00e9ralement reli\u00e9 \u00e0 une structure de toit existante, cr\u00e9ant ainsi une protection sans faille contre les \u00e9l\u00e9ments. Il existe de nombreux styles, notamment les toits en appentis, les toits \u00e0 deux versants et les toits \u00e0 quatre versants. Ces structures personnalis\u00e9es peuvent \u00eatre dot\u00e9es d&#8217;un grand nombre d&#8217;options diff\u00e9rentes, notamment des luminaires cylindriques \u00e0 encastrer, des ventilateurs de plafond et des murs-d\u00e9cor.<\/p>\n<\/div><\/div><\/div><div class=\"fusion-panel panel-default panel-9625dc66231fbccdb fusion-toggle-has-divider\" style=\"--awb-title-color:#00884e;--awb-content-color:#444444;\"><div class=\"panel-heading\"><h4 class=\"panel-title toggle\" id=\"toggle_9625dc66231fbccdb\"><a aria-expanded=\"false\" aria-controls=\"9625dc66231fbccdb\" role=\"button\" data-toggle=\"collapse\" data-parent=\"#accordion-8485-1\" data-target=\"#9625dc66231fbccdb\" href=\"#9625dc66231fbccdb\"><span class=\"fusion-toggle-icon-wrapper\" aria-hidden=\"true\"><i class=\"fa-fusion-box active-icon awb-icon-minus\" aria-hidden=\"true\"><\/i><i class=\"fa-fusion-box inactive-icon awb-icon-plus\" aria-hidden=\"true\"><\/i><\/span><span class=\"fusion-toggle-heading\">Pergolas<\/span><\/a><\/h4><\/div><div id=\"9625dc66231fbccdb\" class=\"panel-collapse collapse \" aria-labelledby=\"toggle_9625dc66231fbccdb\"><div class=\"panel-body toggle-content fusion-clearfix\">\n<p>Les pergolas sont des structures partiellement couvertes qui sont traditionnellement utilis\u00e9es comme arches et passerelles. Une petite <a href=\"https:\/\/decks.ca\/fr\/galerie-de-design\/photos-de-terrasse?categories=pergola\">pergola<\/a> peut servir d&#8217;entr\u00e9e \u00e0 votre jardin, tandis qu&#8217;une plus grande peut devenir un compl\u00e9ment esth\u00e9tique \u00e0 un coin salon sur une terrasse.  Certaines personnes choisissent de recouvrir une pergola de plantes grimpantes pour qu&#8217;elle serve de refuge frais et partiellement ombrag\u00e9 pendant les chaudes journ\u00e9es d&#8217;\u00e9t\u00e9.<\/p>\n<\/div><\/div><\/div><div class=\"fusion-panel panel-default panel-00a30f6c25eeaf2f7 fusion-toggle-has-divider\" style=\"--awb-title-color:#00884e;--awb-content-color:#444444;\"><div class=\"panel-heading\"><h4 class=\"panel-title toggle\" id=\"toggle_00a30f6c25eeaf2f7\"><a aria-expanded=\"false\" aria-controls=\"00a30f6c25eeaf2f7\" role=\"button\" data-toggle=\"collapse\" data-parent=\"#accordion-8485-1\" data-target=\"#00a30f6c25eeaf2f7\" href=\"#00a30f6c25eeaf2f7\"><span class=\"fusion-toggle-icon-wrapper\" aria-hidden=\"true\"><i class=\"fa-fusion-box active-icon awb-icon-minus\" aria-hidden=\"true\"><\/i><i class=\"fa-fusion-box inactive-icon awb-icon-plus\" aria-hidden=\"true\"><\/i><\/span><span class=\"fusion-toggle-heading\">Kiosques de jardin<\/span><\/a><\/h4><\/div><div id=\"00a30f6c25eeaf2f7\" class=\"panel-collapse collapse \" aria-labelledby=\"toggle_00a30f6c25eeaf2f7\"><div class=\"panel-body toggle-content fusion-clearfix\">\n<p>Datant de l&#8217;\u00e9poque victorienne, les kiosques de jardin \u00e9taient traditionnellement des structures rondes ou octogonales destin\u00e9es \u00e0 la contemplation, certaines \u00e9tant presque purement d\u00e9coratives. Dans l&#8217;am\u00e9nagement paysager moderne, <a href=\"https:\/\/decks.ca\/fr\/galerie-de-design\/photos-de-terrasse?categories=gazebo\">un kiosque de jardin<\/a> peut avoir pratiquement n&#8217;importe quelle forme ou taille, la facilit\u00e9 <a href=\"https:\/\/decks.ca\/blog\/the-grillzebo-its-a-thing-trust-us\/\">d&#8217;utilisation<\/a> devenant une consid\u00e9ration plus importante.<\/p>\n<\/div><\/div><\/div><div class=\"fusion-panel panel-default panel-6697aa304056d97a7 fusion-toggle-has-divider\" style=\"--awb-title-color:#00884e;--awb-content-color:#444444;\"><div class=\"panel-heading\"><h4 class=\"panel-title toggle\" id=\"toggle_6697aa304056d97a7\"><a aria-expanded=\"false\" aria-controls=\"6697aa304056d97a7\" role=\"button\" data-toggle=\"collapse\" data-parent=\"#accordion-8485-1\" data-target=\"#6697aa304056d97a7\" href=\"#6697aa304056d97a7\"><span class=\"fusion-toggle-icon-wrapper\" aria-hidden=\"true\"><i class=\"fa-fusion-box active-icon awb-icon-minus\" aria-hidden=\"true\"><\/i><i class=\"fa-fusion-box inactive-icon awb-icon-plus\" aria-hidden=\"true\"><\/i><\/span><span class=\"fusion-toggle-heading\">V\u00e9randas<\/span><\/a><\/h4><\/div><div id=\"6697aa304056d97a7\" class=\"panel-collapse collapse \" aria-labelledby=\"toggle_6697aa304056d97a7\"><div class=\"panel-body toggle-content fusion-clearfix\">\n<p>Une <a href=\"https:\/\/decks.ca\/fr\/galerie-de-design\/photos-de-terrasse?categories=sunroom\">v\u00e9randa<\/a> sert d&#8217;abri contre le soleil, le vent et la pluie. G\u00e9n\u00e9ralement construits en forme de carr\u00e9 ou de rectangle avec des parois vitr\u00e9es ou grillag\u00e9es, les v\u00e9randas offrent une structure plus ferm\u00e9e et, selon le mod\u00e8le, certaines sont con\u00e7ues pour trois saisons et permettent vraiment de prolonger le temps pass\u00e9 \u00e0 l&#8217;ext\u00e9rieur.<\/p>\n<\/div><\/div><\/div><div class=\"fusion-panel panel-default panel-267ae3f4638a75a9a fusion-toggle-has-divider\" style=\"--awb-title-color:#00884e;--awb-content-color:#444444;\"><div class=\"panel-heading\"><h4 class=\"panel-title toggle\" id=\"toggle_267ae3f4638a75a9a\"><a aria-expanded=\"false\" aria-controls=\"267ae3f4638a75a9a\" role=\"button\" data-toggle=\"collapse\" data-parent=\"#accordion-8485-1\" data-target=\"#267ae3f4638a75a9a\" href=\"#267ae3f4638a75a9a\"><span class=\"fusion-toggle-icon-wrapper\" aria-hidden=\"true\"><i class=\"fa-fusion-box active-icon awb-icon-minus\" aria-hidden=\"true\"><\/i><i class=\"fa-fusion-box inactive-icon awb-icon-plus\" aria-hidden=\"true\"><\/i><\/span><span class=\"fusion-toggle-heading\">Toitures-solariums<\/span><\/a><\/h4><\/div><div id=\"267ae3f4638a75a9a\" class=\"panel-collapse collapse \" aria-labelledby=\"toggle_267ae3f4638a75a9a\"><div class=\"panel-body toggle-content fusion-clearfix\">Une toiture-solarium est une v\u00e9randa sans murs qui, dans certains cas, peut bloquer la chaleur du soleil tout en laissant p\u00e9n\u00e9trer la lumi\u00e8re. Les toitures-solariums deviennent de plus en plus populaires chaque ann\u00e9e, puisque les clients recherchent des options d&#8217;ombrage modernes et n\u00e9cessitant peu d&#8217;entretien.<\/div><\/div><\/div><div class=\"fusion-panel panel-default panel-3ca53ccb70381135e fusion-toggle-has-divider\" style=\"--awb-title-color:#00884e;--awb-content-color:#444444;\"><div class=\"panel-heading\"><h4 class=\"panel-title toggle\" id=\"toggle_3ca53ccb70381135e\"><a aria-expanded=\"false\" aria-controls=\"3ca53ccb70381135e\" role=\"button\" data-toggle=\"collapse\" data-parent=\"#accordion-8485-1\" data-target=\"#3ca53ccb70381135e\" href=\"#3ca53ccb70381135e\"><span class=\"fusion-toggle-icon-wrapper\" aria-hidden=\"true\"><i class=\"fa-fusion-box active-icon awb-icon-minus\" aria-hidden=\"true\"><\/i><i class=\"fa-fusion-box inactive-icon awb-icon-plus\" aria-hidden=\"true\"><\/i><\/span><span class=\"fusion-toggle-heading\">Auvents<\/span><\/a><\/h4><\/div><div id=\"3ca53ccb70381135e\" class=\"panel-collapse collapse \" aria-labelledby=\"toggle_3ca53ccb70381135e\"><div class=\"panel-body toggle-content fusion-clearfix\">\n<p>Un auvent est une structure de toit qui s&#8217;\u00e9tend au-dessus de votre terrasse pour vous prot\u00e9ger du soleil, de la pluie et de la neige. Les <a href=\"https:\/\/decks.ca\/fr\/galerie-de-design\/photos-de-terrasse?features=awning\">auvents<\/a> prot\u00e8gent \u00e9galement votre terrasse et vos meubles des rayons UV et vous permettent de r\u00e9aliser des \u00e9conomies d&#8217;\u00e9nergie en bloquant le soleil de vos fen\u00eatres. Cette forme d&#8217;ombrage est \u00e9galement int\u00e9ressante pour les personnes qui ne veulent pas d&#8217;une structure permanente, mais qui peuvent la ranger lorsqu&#8217;ils veulent profiter du soleil.<\/p>\n<\/div><\/div><\/div><\/div><\/div><div class=\"fusion-text fusion-text-3\"><p><a href=\"https:\/\/decks.ca\/fr\/galerie-de-design\/photos-de-terrasse?categories=pavilion,gazebo,custom-roofs,sunroom,pergola\">&gt; Voir des photos de structures d&#8217;ombrage dans notre galerie de photos.<\/a><\/p>\n<p>Vous ne trouvez pas de structure d&#8217;ombrage qui vous convienne? N&#8217;h\u00e9sitez pas \u00e0 contacter votre <a href=\"https:\/\/decks.ca\/fr\/trouvez-votre-constructeur-de-terrasses-local\/\">vendeur local<\/a>; nous serons heureux de travailler avec vous pour cr\u00e9er un design qui corresponde \u00e0 vos attentes et aux besoins de votre espace ext\u00e9rieur.<\/p>\n<\/div><\/div><\/div><\/div><\/div><\/p>\n","protected":false},"excerpt":{"rendered":"","protected":false},"author":1,"featured_media":0,"parent":0,"menu_order":0,"comment_status":"closed","ping_status":"closed","template":"100-width.php","meta":{"_acf_changed":false,"footnotes":""},"class_list":["post-8485","page","type-page","status-publish","hentry"],"acf":[],"yoast_head":"<!-- This site is optimized with the Yoast SEO plugin v27.3 - https:\/\/yoast.com\/product\/yoast-seo-wordpress\/ -->\n<title>Structures d\u2019ombrage et de toiture de terrasse \u2013 Hickory Dickory Decks<\/title>\n<meta name=\"description\" content=\"Une structure d&#039;ombrage ajoute de la fonctionnalit\u00e9 \u00e0 votre terrasse, offrant une protection contre les \u00e9l\u00e9ments tout en cr\u00e9ant un espace confortable pour se d\u00e9tendre avec des amis.\" \/>\n<meta name=\"robots\" content=\"index, follow, max-snippet:-1, max-image-preview:large, max-video-preview:-1\" \/>\n<link rel=\"canonical\" href=\"https:\/\/decks.ca\/fr\/structures-dombrage-de-toiture\/\" \/>\n<meta property=\"og:locale\" content=\"fr_CA\" \/>\n<meta property=\"og:type\" content=\"article\" \/>\n<meta property=\"og:title\" content=\"Structures d\u2019ombrage et de toiture de terrasse \u2013 Hickory Dickory Decks\" \/>\n<meta property=\"og:description\" content=\"Une structure d&#039;ombrage ajoute de la fonctionnalit\u00e9 \u00e0 votre terrasse, offrant une protection contre les \u00e9l\u00e9ments tout en cr\u00e9ant un espace confortable pour se d\u00e9tendre avec des amis.\" \/>\n<meta property=\"og:url\" content=\"https:\/\/decks.ca\/fr\/structures-dombrage-de-toiture\/\" \/>\n<meta property=\"og:site_name\" content=\"Hickory Dickory Decks\" \/>\n<meta property=\"article:modified_time\" content=\"2025-03-26T03:30:59+00:00\" \/>\n<meta property=\"og:image\" content=\"https:\/\/decks.ca\/wp-content\/uploads\/2025\/07\/hdd-og.jpg\" \/>\n\t<meta property=\"og:image:width\" content=\"1200\" \/>\n\t<meta property=\"og:image:height\" content=\"675\" \/>\n\t<meta property=\"og:image:type\" content=\"image\/jpeg\" \/>\n<meta name=\"twitter:card\" content=\"summary_large_image\" \/>\n<meta name=\"twitter:label1\" content=\"Estimation du temps de lecture\" \/>\n\t<meta name=\"twitter:data1\" content=\"13 minutes\" \/>\n<!-- \/ Yoast SEO plugin. -->","yoast_head_json":{"title":"Structures d\u2019ombrage et de toiture de terrasse \u2013 Hickory Dickory Decks","description":"Une structure d'ombrage ajoute de la fonctionnalit\u00e9 \u00e0 votre terrasse, offrant une protection contre les \u00e9l\u00e9ments tout en cr\u00e9ant un espace confortable pour se d\u00e9tendre avec des amis.","robots":{"index":"index","follow":"follow","max-snippet":"max-snippet:-1","max-image-preview":"max-image-preview:large","max-video-preview":"max-video-preview:-1"},"canonical":"https:\/\/decks.ca\/fr\/structures-dombrage-de-toiture\/","og_locale":"fr_CA","og_type":"article","og_title":"Structures d\u2019ombrage et de toiture de terrasse \u2013 Hickory Dickory Decks","og_description":"Une structure d'ombrage ajoute de la fonctionnalit\u00e9 \u00e0 votre terrasse, offrant une protection contre les \u00e9l\u00e9ments tout en cr\u00e9ant un espace confortable pour se d\u00e9tendre avec des amis.","og_url":"https:\/\/decks.ca\/fr\/structures-dombrage-de-toiture\/","og_site_name":"Hickory Dickory Decks","article_modified_time":"2025-03-26T03:30:59+00:00","og_image":[{"width":1200,"height":675,"url":"https:\/\/decks.ca\/wp-content\/uploads\/2025\/07\/hdd-og.jpg","type":"image\/jpeg"}],"twitter_card":"summary_large_image","twitter_misc":{"Estimation du temps de lecture":"13 minutes"},"schema":{"@context":"https:\/\/schema.org","@graph":[{"@type":"WebPage","@id":"https:\/\/decks.ca\/fr\/structures-dombrage-de-toiture\/","url":"https:\/\/decks.ca\/fr\/structures-dombrage-de-toiture\/","name":"Structures d\u2019ombrage et de toiture de terrasse \u2013 Hickory Dickory Decks","isPartOf":{"@id":"https:\/\/decks.ca\/fr\/#website"},"datePublished":"2022-08-09T12:38:30+00:00","dateModified":"2025-03-26T03:30:59+00:00","description":"Une structure d'ombrage ajoute de la fonctionnalit\u00e9 \u00e0 votre terrasse, offrant une protection contre les \u00e9l\u00e9ments tout en cr\u00e9ant un espace confortable pour se d\u00e9tendre avec des amis.","breadcrumb":{"@id":"https:\/\/decks.ca\/fr\/structures-dombrage-de-toiture\/#breadcrumb"},"inLanguage":"fr-CA","potentialAction":[{"@type":"ReadAction","target":["https:\/\/decks.ca\/fr\/structures-dombrage-de-toiture\/"]}]},{"@type":"BreadcrumbList","@id":"https:\/\/decks.ca\/fr\/structures-dombrage-de-toiture\/#breadcrumb","itemListElement":[{"@type":"ListItem","position":1,"name":"Home","item":"https:\/\/decks.ca\/fr\/"},{"@type":"ListItem","position":2,"name":"Structures d&#8217;ombrage\/de toiture"}]},{"@type":"WebSite","@id":"https:\/\/decks.ca\/fr\/#website","url":"https:\/\/decks.ca\/fr\/","name":"Hickory Dickory Decks","description":"Enjoy life... Outdoors","potentialAction":[{"@type":"SearchAction","target":{"@type":"EntryPoint","urlTemplate":"https:\/\/decks.ca\/fr\/?s={search_term_string}"},"query-input":{"@type":"PropertyValueSpecification","valueRequired":true,"valueName":"search_term_string"}}],"inLanguage":"fr-CA"}]}},"_links":{"self":[{"href":"https:\/\/decks.ca\/fr\/wp-json\/wp\/v2\/pages\/8485","targetHints":{"allow":["GET"]}}],"collection":[{"href":"https:\/\/decks.ca\/fr\/wp-json\/wp\/v2\/pages"}],"about":[{"href":"https:\/\/decks.ca\/fr\/wp-json\/wp\/v2\/types\/page"}],"author":[{"embeddable":true,"href":"https:\/\/decks.ca\/fr\/wp-json\/wp\/v2\/users\/1"}],"replies":[{"embeddable":true,"href":"https:\/\/decks.ca\/fr\/wp-json\/wp\/v2\/comments?post=8485"}],"version-history":[{"count":0,"href":"https:\/\/decks.ca\/fr\/wp-json\/wp\/v2\/pages\/8485\/revisions"}],"wp:attachment":[{"href":"https:\/\/decks.ca\/fr\/wp-json\/wp\/v2\/media?parent=8485"}],"curies":[{"name":"wp","href":"https:\/\/api.w.org\/{rel}","templated":true}]}}