{"id":8506,"date":"2019-01-29T21:48:00","date_gmt":"2019-01-30T02:48:00","guid":{"rendered":"https:\/\/staging.decks.ca\/a-propos-des-terrasses-en-composite-pvc\/"},"modified":"2026-02-02T09:41:34","modified_gmt":"2026-02-02T14:41:34","slug":"a-propos-des-terrasses-en-composite-pvc","status":"publish","type":"page","link":"https:\/\/decks.ca\/fr\/a-propos-des-terrasses-en-composite-pvc\/","title":{"rendered":"\u00c0 propos des terrasses en composite\/pvc"},"content":{"rendered":"<p><div class=\"fusion-fullwidth fullwidth-box fusion-builder-row-1 fusion-flex-container nonhundred-percent-fullwidth non-hundred-percent-height-scrolling\" style=\"--awb-border-radius-top-left:0px;--awb-border-radius-top-right:0px;--awb-border-radius-bottom-right:0px;--awb-border-radius-bottom-left:0px;--awb-flex-wrap:wrap;\" ><div class=\"fusion-builder-row fusion-row fusion-flex-align-items-flex-start fusion-flex-content-wrap\" style=\"max-width:1144px;margin-left: calc(-4% \/ 2 );margin-right: calc(-4% \/ 2 );\"><div class=\"fusion-layout-column fusion_builder_column fusion-builder-column-0 fusion_builder_column_1_1 1_1 fusion-flex-column\" style=\"--awb-bg-blend:overlay;--awb-bg-size:cover;--awb-width-large:100%;--awb-margin-top-large:0px;--awb-spacing-right-large:1.92%;--awb-margin-bottom-large:20px;--awb-spacing-left-large:1.92%;--awb-width-medium:100%;--awb-spacing-right-medium:1.92%;--awb-spacing-left-medium:1.92%;--awb-width-small:100%;--awb-spacing-right-small:1.92%;--awb-spacing-left-small:1.92%;\"><div class=\"fusion-column-wrapper fusion-flex-justify-content-flex-start fusion-content-layout-column\">\n<div class=\"fusion-slider-revolution rev_slider_wrapper\">\t\t\t<!-- START About Composite Decking REVOLUTION SLIDER 6.7.41 --><p class=\"rs-p-wp-fix\"><\/p>\n\t\t\t<rs-module-wrap id=\"rev_slider_16_1_wrapper\" data-source=\"gallery\" style=\"visibility:hidden;background:transparent;padding:0;margin:0px auto;margin-top:0;margin-bottom:0;\">\n\t\t\t\t<rs-module id=\"rev_slider_16_1\" style=\"\" data-version=\"6.7.41\">\n\t\t\t\t\t<rs-slides style=\"overflow: hidden; position: absolute;\">\n\t\t\t\t\t\t<rs-slide style=\"position: absolute;\" data-key=\"rs-16\" data-title=\"Slide\" data-anim=\"ms:600;\" data-in=\"o:0;\" data-out=\"a:false;\">\n\t\t\t\t\t\t\t<img decoding=\"async\" src=\"\/\/decks.ca\/wp-content\/plugins\/revslider\/sr6\/assets\/assets\/dummy.png\" alt=\"\" title=\"\u00c0 propos des terrasses en composite\/pvc\" class=\"rev-slidebg tp-rs-img rs-lazyload\" data-lazyload=\"\/\/decks.ca\/wp-content\/uploads\/2019\/02\/about-composite-decking.jpg\" data-no-retina>\n<!---->\t\t\t\t\t<\/rs-slide>\n\t\t\t\t\t<\/rs-slides>\n\t\t\t\t<\/rs-module>\n\t\t\t\t<script>\n\t\t\t\t\tsetREVStartSize({c: 'rev_slider_16_1',rl:[1240,1024,778,480],el:[425,350,300,300],gw:[1240,1024,778,480],gh:[425,350,300,300],type:'standard',justify:'',layout:'fullwidth',mh:\"0\"});if (window.RS_MODULES!==undefined && window.RS_MODULES.modules!==undefined && window.RS_MODULES.modules[\"revslider161\"]!==undefined) {window.RS_MODULES.modules[\"revslider161\"].once = false;window.revapi16 = undefined;if (window.RS_MODULES.checkMinimal!==undefined) window.RS_MODULES.checkMinimal()}\n\t\t\t\t<\/script>\n\t\t\t<\/rs-module-wrap>\n\t\t\t<!-- END REVOLUTION SLIDER -->\n<\/div><\/div><\/div><\/div><\/div><div class=\"fusion-fullwidth fullwidth-box fusion-builder-row-2 fusion-flex-container nonhundred-percent-fullwidth non-hundred-percent-height-scrolling\" style=\"--awb-border-radius-top-left:0px;--awb-border-radius-top-right:0px;--awb-border-radius-bottom-right:0px;--awb-border-radius-bottom-left:0px;--awb-padding-top:50px;--awb-padding-bottom:30px;--awb-flex-wrap:wrap;\" ><div class=\"fusion-builder-row fusion-row fusion-flex-align-items-stretch fusion-flex-content-wrap\" style=\"max-width:1144px;margin-left: calc(-4% \/ 2 );margin-right: calc(-4% \/ 2 );\"><div class=\"fusion-layout-column fusion_builder_column fusion-builder-column-1 fusion_builder_column_1_2 1_2 fusion-flex-column\" style=\"--awb-bg-blend:overlay;--awb-bg-size:cover;--awb-width-large:50%;--awb-margin-top-large:0px;--awb-spacing-right-large:3.84%;--awb-margin-bottom-large:20px;--awb-spacing-left-large:3.84%;--awb-width-medium:100%;--awb-spacing-right-medium:1.92%;--awb-spacing-left-medium:1.92%;--awb-width-small:100%;--awb-spacing-right-small:1.92%;--awb-spacing-left-small:1.92%;\"><div class=\"fusion-column-wrapper fusion-flex-justify-content-center fusion-content-layout-column\"><div class=\"fusion-title title fusion-title-1 fusion-sep-none fusion-title-text fusion-title-size-two\" style=\"--awb-margin-top-small:0px;--awb-margin-right-small:0px;--awb-margin-bottom-small:20px;--awb-margin-left-small:0px;\"><h2 class=\"fusion-title-heading title-heading-left\" style=\"margin:0;\">Bien qu\u2019elles soient encore relativement nouvelles sur le march\u00e9, les terrasses en composite et en PVC remplacent rapidement le bois en tant que mat\u00e9riau de choix pour les terrasses.<\/h2><\/div><div class=\"fusion-image-element fusion-no-small-visibility fusion-no-medium-visibility\" style=\"--awb-caption-title-font-family:var(--h2_typography-font-family);--awb-caption-title-font-weight:var(--h2_typography-font-weight);--awb-caption-title-font-style:var(--h2_typography-font-style);--awb-caption-title-size:var(--h2_typography-font-size);--awb-caption-title-transform:var(--h2_typography-text-transform);--awb-caption-title-line-height:var(--h2_typography-line-height);--awb-caption-title-letter-spacing:var(--h2_typography-letter-spacing);\"><span class=\" fusion-imageframe imageframe-none imageframe-1 hover-type-none\"><img decoding=\"async\" width=\"600\" height=\"543\" alt=\"composite wood deck\" title=\"Theo-Truck\" src=\"https:\/\/decks.ca\/wp-content\/uploads\/2019\/04\/Theo-Truck.jpg\" data-orig-src=\"https:\/\/decks.ca\/wp-content\/uploads\/2019\/04\/Theo-Truck.jpg\" class=\"lazyload img-responsive wp-image-7051\" srcset=\"data:image\/svg+xml,%3Csvg%20xmlns%3D%27http%3A%2F%2Fwww.w3.org%2F2000%2Fsvg%27%20width%3D%27600%27%20height%3D%27543%27%20viewBox%3D%270%200%20600%20543%27%3E%3Crect%20width%3D%27600%27%20height%3D%27543%27%20fill-opacity%3D%220%22%2F%3E%3C%2Fsvg%3E\" data-srcset=\"https:\/\/decks.ca\/wp-content\/uploads\/2019\/04\/Theo-Truck-200x181.jpg 200w, https:\/\/decks.ca\/wp-content\/uploads\/2019\/04\/Theo-Truck-400x362.jpg 400w, https:\/\/decks.ca\/wp-content\/uploads\/2019\/04\/Theo-Truck.jpg 600w\" data-sizes=\"auto\" data-orig-sizes=\"(max-width: 1024px) 100vw, (max-width: 640px) 100vw, 600px\" \/><\/span><\/div><\/div><\/div><div class=\"fusion-layout-column fusion_builder_column fusion-builder-column-2 fusion_builder_column_1_2 1_2 fusion-flex-column\" style=\"--awb-bg-blend:overlay;--awb-bg-size:cover;--awb-width-large:50%;--awb-margin-top-large:0px;--awb-spacing-right-large:3.84%;--awb-margin-bottom-large:20px;--awb-spacing-left-large:3.84%;--awb-width-medium:100%;--awb-spacing-right-medium:1.92%;--awb-spacing-left-medium:1.92%;--awb-width-small:100%;--awb-spacing-right-small:1.92%;--awb-spacing-left-small:1.92%;\"><div class=\"fusion-column-wrapper fusion-flex-justify-content-center fusion-content-layout-column\"><div class=\"fusion-text fusion-text-1\"><p>Tout en conservant la beaut\u00e9 du bois, les mat\u00e9riaux de terrasse en composite et en PVC sont plus durables et n\u00e9cessitent moins d&#8217;entretien.<\/p>\n<p><strong>Les nombreux avantages des terrasses en composite et en PVC sont les suivants :<\/strong><\/p>\n<ul>\n<li><strong>Durabilit\u00e9<\/strong> : r\u00e9siste \u00e0 la d\u00e9coloration, aux taches, aux rayures et \u00e0 la moisissure, et ne pourrit pas, ne se fissure pas et ne se d\u00e9forme pas.<\/li>\n<li><strong>Faible entretien<\/strong> : aucune finition n&#8217;est n\u00e9cessaire ; certains composites sont assortis d&#8217;une garantie de 25 ans contre la d\u00e9coloration et les taches.<\/li>\n<li><strong>Esth\u00e9tique<\/strong> : ressemble au bois, avec beaucoup plus d&#8217;options de couleurs.<\/li>\n<li><strong>Durabilit\u00e9<\/strong> : la plupart des composites sont fabriqu\u00e9s \u00e0 partir de mat\u00e9riaux recycl\u00e9s.<\/li>\n<li><strong>Valeur<\/strong> : le produit sera amorti en moins de 10 ans.<\/li>\n<\/ul>\n<p>Hickory Dickory Decks utilise des mat\u00e9riaux composites et PVC depuis 1995, et nos constructeurs ont construit plus de 40 000 magnifiques terrasses en composite et en PVC. Les nombreuses options de terrasses en composite et en PVC disponibles aujourd\u2019hui \u2013 y compris une grande vari\u00e9t\u00e9 de finitions et de couleurs \u2013 peuvent produire des terrasses absolument magnifiques qui ne n\u00e9cessitent qu\u2019un nettoyage normal et r\u00e9gulier pour conserver leur beaut\u00e9.<\/p>\n<\/div><div ><a class=\"fusion-button button-flat fusion-button-default-size button-default fusion-button-default button-1 fusion-button-default-span fusion-button-default-type\" target=\"_self\" href=\"https:\/\/decks.ca\/fr\/composite-pvc-et-autres-marques-liees-aux-terrasses\/\"><span class=\"fusion-button-text awb-button__text awb-button__text--default\">Voir les marques de terrasse en composite<\/span><\/a><\/div><\/div><\/div><\/div><\/div><\/p>\n","protected":false},"excerpt":{"rendered":"","protected":false},"author":1,"featured_media":0,"parent":0,"menu_order":0,"comment_status":"closed","ping_status":"closed","template":"100-width.php","meta":{"_acf_changed":false,"footnotes":""},"class_list":["post-8506","page","type-page","status-publish","hentry"],"acf":[],"yoast_head":"<!-- This site is optimized with the Yoast SEO plugin v27.3 - https:\/\/yoast.com\/product\/yoast-seo-wordpress\/ -->\n<title>Terrasse en composite \u00e0 faible entretien | Avantages des terrasses en PVC<\/title>\n<meta name=\"description\" content=\"D\u00e9couvrez les nombreux avantages des terrasses en composite et leurs qualit\u00e9s de faible entretien qui vous permettront de profiter de votre terrasse pendant des ann\u00e9es.\" \/>\n<meta name=\"robots\" content=\"index, follow, max-snippet:-1, max-image-preview:large, max-video-preview:-1\" \/>\n<link rel=\"canonical\" href=\"https:\/\/decks.ca\/fr\/a-propos-des-terrasses-en-composite-pvc\/\" \/>\n<meta property=\"og:locale\" content=\"fr_CA\" \/>\n<meta property=\"og:type\" content=\"article\" \/>\n<meta property=\"og:title\" content=\"Terrasse en composite \u00e0 faible entretien | Avantages des terrasses en PVC\" \/>\n<meta property=\"og:description\" content=\"D\u00e9couvrez les nombreux avantages des terrasses en composite et leurs qualit\u00e9s de faible entretien qui vous permettront de profiter de votre terrasse pendant des ann\u00e9es.\" \/>\n<meta property=\"og:url\" content=\"https:\/\/decks.ca\/fr\/a-propos-des-terrasses-en-composite-pvc\/\" \/>\n<meta property=\"og:site_name\" content=\"Hickory Dickory Decks\" \/>\n<meta property=\"article:modified_time\" content=\"2026-02-02T14:41:34+00:00\" \/>\n<meta property=\"og:image\" content=\"https:\/\/decks.ca\/wp-content\/uploads\/2025\/07\/hdd-og.jpg\" \/>\n\t<meta property=\"og:image:width\" content=\"1200\" \/>\n\t<meta property=\"og:image:height\" content=\"675\" \/>\n\t<meta property=\"og:image:type\" content=\"image\/jpeg\" \/>\n<meta name=\"twitter:card\" content=\"summary_large_image\" \/>\n<meta name=\"twitter:label1\" content=\"Estimation du temps de lecture\" \/>\n\t<meta name=\"twitter:data1\" content=\"5 minutes\" \/>\n<!-- \/ Yoast SEO plugin. -->","yoast_head_json":{"title":"Terrasse en composite \u00e0 faible entretien | Avantages des terrasses en PVC","description":"D\u00e9couvrez les nombreux avantages des terrasses en composite et leurs qualit\u00e9s de faible entretien qui vous permettront de profiter de votre terrasse pendant des ann\u00e9es.","robots":{"index":"index","follow":"follow","max-snippet":"max-snippet:-1","max-image-preview":"max-image-preview:large","max-video-preview":"max-video-preview:-1"},"canonical":"https:\/\/decks.ca\/fr\/a-propos-des-terrasses-en-composite-pvc\/","og_locale":"fr_CA","og_type":"article","og_title":"Terrasse en composite \u00e0 faible entretien | Avantages des terrasses en PVC","og_description":"D\u00e9couvrez les nombreux avantages des terrasses en composite et leurs qualit\u00e9s de faible entretien qui vous permettront de profiter de votre terrasse pendant des ann\u00e9es.","og_url":"https:\/\/decks.ca\/fr\/a-propos-des-terrasses-en-composite-pvc\/","og_site_name":"Hickory Dickory Decks","article_modified_time":"2026-02-02T14:41:34+00:00","og_image":[{"width":1200,"height":675,"url":"https:\/\/decks.ca\/wp-content\/uploads\/2025\/07\/hdd-og.jpg","type":"image\/jpeg"}],"twitter_card":"summary_large_image","twitter_misc":{"Estimation du temps de lecture":"5 minutes"},"schema":{"@context":"https:\/\/schema.org","@graph":[{"@type":"WebPage","@id":"https:\/\/decks.ca\/fr\/a-propos-des-terrasses-en-composite-pvc\/","url":"https:\/\/decks.ca\/fr\/a-propos-des-terrasses-en-composite-pvc\/","name":"Terrasse en composite \u00e0 faible entretien | Avantages des terrasses en PVC","isPartOf":{"@id":"https:\/\/decks.ca\/fr\/#website"},"datePublished":"2019-01-30T02:48:00+00:00","dateModified":"2026-02-02T14:41:34+00:00","description":"D\u00e9couvrez les nombreux avantages des terrasses en composite et leurs qualit\u00e9s de faible entretien qui vous permettront de profiter de votre terrasse pendant des ann\u00e9es.","breadcrumb":{"@id":"https:\/\/decks.ca\/fr\/a-propos-des-terrasses-en-composite-pvc\/#breadcrumb"},"inLanguage":"fr-CA","potentialAction":[{"@type":"ReadAction","target":["https:\/\/decks.ca\/fr\/a-propos-des-terrasses-en-composite-pvc\/"]}]},{"@type":"BreadcrumbList","@id":"https:\/\/decks.ca\/fr\/a-propos-des-terrasses-en-composite-pvc\/#breadcrumb","itemListElement":[{"@type":"ListItem","position":1,"name":"Home","item":"https:\/\/decks.ca\/fr\/"},{"@type":"ListItem","position":2,"name":"\u00c0 propos des terrasses en composite\/pvc"}]},{"@type":"WebSite","@id":"https:\/\/decks.ca\/fr\/#website","url":"https:\/\/decks.ca\/fr\/","name":"Hickory Dickory Decks","description":"Enjoy life... Outdoors","potentialAction":[{"@type":"SearchAction","target":{"@type":"EntryPoint","urlTemplate":"https:\/\/decks.ca\/fr\/?s={search_term_string}"},"query-input":{"@type":"PropertyValueSpecification","valueRequired":true,"valueName":"search_term_string"}}],"inLanguage":"fr-CA"}]}},"_links":{"self":[{"href":"https:\/\/decks.ca\/fr\/wp-json\/wp\/v2\/pages\/8506","targetHints":{"allow":["GET"]}}],"collection":[{"href":"https:\/\/decks.ca\/fr\/wp-json\/wp\/v2\/pages"}],"about":[{"href":"https:\/\/decks.ca\/fr\/wp-json\/wp\/v2\/types\/page"}],"author":[{"embeddable":true,"href":"https:\/\/decks.ca\/fr\/wp-json\/wp\/v2\/users\/1"}],"replies":[{"embeddable":true,"href":"https:\/\/decks.ca\/fr\/wp-json\/wp\/v2\/comments?post=8506"}],"version-history":[{"count":0,"href":"https:\/\/decks.ca\/fr\/wp-json\/wp\/v2\/pages\/8506\/revisions"}],"wp:attachment":[{"href":"https:\/\/decks.ca\/fr\/wp-json\/wp\/v2\/media?parent=8506"}],"curies":[{"name":"wp","href":"https:\/\/api.w.org\/{rel}","templated":true}]}}