{"id":8531,"date":"2019-03-13T17:47:31","date_gmt":"2019-03-13T21:47:31","guid":{"rendered":"https:\/\/staging.decks.ca\/demande-de-consultation\/"},"modified":"2025-03-25T23:31:47","modified_gmt":"2025-03-26T03:31:47","slug":"demande-de-consultation","status":"publish","type":"page","link":"https:\/\/decks.ca\/fr\/demande-de-consultation\/","title":{"rendered":"Demande de consultation"},"content":{"rendered":"<p><div class=\"fusion-fullwidth fullwidth-box fusion-builder-row-1 fusion-flex-container nonhundred-percent-fullwidth non-hundred-percent-height-scrolling\" style=\"--awb-border-radius-top-left:0px;--awb-border-radius-top-right:0px;--awb-border-radius-bottom-right:0px;--awb-border-radius-bottom-left:0px;--awb-flex-wrap:wrap;\" ><div class=\"fusion-builder-row fusion-row fusion-flex-align-items-flex-start fusion-flex-content-wrap\" style=\"max-width:calc( 1100px + 0px );margin-left: calc(-0px \/ 2 );margin-right: calc(-0px \/ 2 );\"><div class=\"fusion-layout-column fusion_builder_column fusion-builder-column-0 fusion_builder_column_1_1 1_1 fusion-flex-column\" style=\"--awb-bg-size:cover;--awb-width-large:100%;--awb-margin-top-large:0px;--awb-spacing-right-large:0px;--awb-margin-bottom-large:20px;--awb-spacing-left-large:0px;--awb-width-medium:100%;--awb-spacing-right-medium:0px;--awb-spacing-left-medium:0px;--awb-width-small:100%;--awb-spacing-right-small:0px;--awb-spacing-left-small:0px;\"><div class=\"fusion-column-wrapper fusion-flex-justify-content-flex-start fusion-content-layout-column\">\n<div class=\"fusion-slider-revolution rev_slider_wrapper\">\t\t\t<!-- START Consultation Request REVOLUTION SLIDER 6.7.41 --><p class=\"rs-p-wp-fix\"><\/p>\n\t\t\t<rs-module-wrap id=\"rev_slider_31_1_wrapper\" data-source=\"gallery\" style=\"visibility:hidden;background:transparent;padding:0;margin:0px auto;margin-top:0;margin-bottom:0;\">\n\t\t\t\t<rs-module id=\"rev_slider_31_1\" style=\"\" data-version=\"6.7.41\">\n\t\t\t\t\t<rs-slides style=\"overflow: hidden; position: absolute;\">\n\t\t\t\t\t\t<rs-slide style=\"position: absolute;\" data-key=\"rs-31\" data-title=\"Slide\" data-anim=\"adpr:false;\" data-in=\"o:0;\" data-out=\"a:false;\">\n\t\t\t\t\t\t\t<img decoding=\"async\" src=\"\/\/decks.ca\/wp-content\/plugins\/revslider\/sr6\/assets\/assets\/dummy.png\" alt=\"\" title=\"Demande de consultation\" class=\"rev-slidebg tp-rs-img rs-lazyload\" data-lazyload=\"\/\/decks.ca\/wp-content\/uploads\/2019\/03\/consultation-request-banner.jpg\" data-no-retina>\n<!--\n\t\t\t\t\t\t\t--><rs-layer\n\t\t\t\t\t\t\t\tid=\"slider-31-slide-31-layer-1\" \n\t\t\t\t\t\t\t\tdata-type=\"text\"\n\t\t\t\t\t\t\t\tdata-rsp_ch=\"on\"\n\t\t\t\t\t\t\t\tdata-xy=\"x:c;y:m;\"\n\t\t\t\t\t\t\t\tdata-text=\"s:60;l:22;a:inherit;\"\n\t\t\t\t\t\t\t\tdata-frame_999=\"o:0;st:w;sR:8700;\"\n\t\t\t\t\t\t\t\tstyle=\"z-index:5;font-family:'Roboto Slab';\"\n\t\t\t\t\t\t\t> \n\t\t\t\t\t\t\t<\/rs-layer><!--\n-->\t\t\t\t\t<\/rs-slide>\n\t\t\t\t\t<\/rs-slides>\n\t\t\t\t<\/rs-module>\n\t\t\t\t<script>\n\t\t\t\t\tsetREVStartSize({c: 'rev_slider_31_1',rl:[1240,1024,778,480],el:[425,350,300,300],gw:[1240,1024,778,480],gh:[425,350,300,300],type:'standard',justify:'',layout:'fullwidth',mh:\"0\"});if (window.RS_MODULES!==undefined && window.RS_MODULES.modules!==undefined && window.RS_MODULES.modules[\"revslider311\"]!==undefined) {window.RS_MODULES.modules[\"revslider311\"].once = false;window.revapi31 = undefined;if (window.RS_MODULES.checkMinimal!==undefined) window.RS_MODULES.checkMinimal()}\n\t\t\t\t<\/script>\n\t\t\t<\/rs-module-wrap>\n\t\t\t<!-- END REVOLUTION SLIDER -->\n<\/div><\/div><\/div><\/div><\/div><div class=\"fusion-fullwidth fullwidth-box fusion-builder-row-2 fusion-flex-container nonhundred-percent-fullwidth non-hundred-percent-height-scrolling\" style=\"--awb-border-radius-top-left:0px;--awb-border-radius-top-right:0px;--awb-border-radius-bottom-right:0px;--awb-border-radius-bottom-left:0px;--awb-padding-top:50px;--awb-padding-bottom:30px;--awb-flex-wrap:wrap;\" ><div class=\"fusion-builder-row fusion-row fusion-flex-align-items-stretch fusion-flex-content-wrap\" style=\"max-width:1144px;margin-left: calc(-4% \/ 2 );margin-right: calc(-4% \/ 2 );\"><div class=\"fusion-layout-column fusion_builder_column fusion-builder-column-1 fusion_builder_column_1_2 1_2 fusion-flex-column\" style=\"--awb-bg-size:cover;--awb-width-large:50%;--awb-margin-top-large:0px;--awb-spacing-right-large:3.84%;--awb-margin-bottom-large:20px;--awb-spacing-left-large:3.84%;--awb-width-medium:100%;--awb-spacing-right-medium:1.92%;--awb-spacing-left-medium:1.92%;--awb-width-small:100%;--awb-spacing-right-small:1.92%;--awb-spacing-left-small:1.92%;\"><div class=\"fusion-column-wrapper fusion-flex-justify-content-center fusion-content-layout-column\"><div class=\"fusion-title title fusion-title-1 fusion-sep-none fusion-title-text fusion-title-size-two\" style=\"--awb-margin-top-small:0px;--awb-margin-right-small:0px;--awb-margin-bottom-small:20px;--awb-margin-left-small:0px;\"><h2 class=\"fusion-title-heading title-heading-left\" style=\"margin:0;\">\u00cates-vous pr\u00eat pour une nouvelle terrasse?<\/h2><\/div><\/div><\/div><div class=\"fusion-layout-column fusion_builder_column fusion-builder-column-2 fusion_builder_column_1_2 1_2 fusion-flex-column\" style=\"--awb-padding-left:15px;--awb-bg-size:cover;--awb-border-color:#00a860;--awb-border-left:6px;--awb-border-style:solid;--awb-width-large:50%;--awb-margin-top-large:0px;--awb-spacing-right-large:3.84%;--awb-margin-bottom-large:20px;--awb-spacing-left-large:3.84%;--awb-width-medium:100%;--awb-spacing-right-medium:1.92%;--awb-spacing-left-medium:1.92%;--awb-width-small:100%;--awb-spacing-right-small:1.92%;--awb-spacing-left-small:1.92%;\"><div class=\"fusion-column-wrapper fusion-flex-justify-content-center fusion-content-layout-column\"><div class=\"fusion-text fusion-text-1\"><p>Il vous suffit de soumettre le formulaire ci-apr\u00e8s et Hickory Dickory Decks organisera une consultation avec vous, \u00e0 votre convenance.<\/p>\n<\/div><\/div><\/div><\/div><\/div><div id=\"form\" class=\"fusion-container-anchor\"><div class=\"fusion-fullwidth fullwidth-box fusion-builder-row-3 fusion-flex-container nonhundred-percent-fullwidth non-hundred-percent-height-scrolling\" style=\"--awb-border-radius-top-left:0px;--awb-border-radius-top-right:0px;--awb-border-radius-bottom-right:0px;--awb-border-radius-bottom-left:0px;--awb-flex-wrap:wrap;\" ><div class=\"fusion-builder-row fusion-row fusion-flex-align-items-flex-start fusion-flex-content-wrap\" style=\"max-width:calc( 1100px + 0px );margin-left: calc(-0px \/ 2 );margin-right: calc(-0px \/ 2 );\"><div class=\"fusion-layout-column fusion_builder_column fusion-builder-column-3 fusion_builder_column_1_1 1_1 fusion-flex-column\" style=\"--awb-bg-size:cover;--awb-width-large:100%;--awb-margin-top-large:0px;--awb-spacing-right-large:0px;--awb-margin-bottom-large:20px;--awb-spacing-left-large:0px;--awb-width-medium:100%;--awb-spacing-right-medium:0px;--awb-spacing-left-medium:0px;--awb-width-small:100%;--awb-spacing-right-small:0px;--awb-spacing-left-small:0px;\"><div class=\"fusion-column-wrapper fusion-flex-justify-content-flex-start fusion-content-layout-column\"><div class=\"fusion-title title fusion-title-2 sep-underline sep-solid fusion-title-text fusion-title-size-three\" style=\"--awb-margin-top-small:0px;--awb-margin-right-small:0px;--awb-margin-bottom-small:20px;--awb-margin-left-small:0px;\"><h3 class=\"fusion-title-heading title-heading-left\" style=\"margin:0;\">DEMANDE DE CONSULTATION<\/h3><\/div><\/div><\/div><\/div><\/div><\/div><div class=\"fusion-fullwidth fullwidth-box fusion-builder-row-4 fusion-flex-container nonhundred-percent-fullwidth non-hundred-percent-height-scrolling\" style=\"--awb-border-radius-top-left:0px;--awb-border-radius-top-right:0px;--awb-border-radius-bottom-right:0px;--awb-border-radius-bottom-left:0px;--awb-flex-wrap:wrap;\" ><div class=\"fusion-builder-row fusion-row fusion-flex-align-items-stretch fusion-flex-content-wrap\" style=\"max-width:calc( 1100px + 0px );margin-left: calc(-0px \/ 2 );margin-right: calc(-0px \/ 2 );\"><div class=\"fusion-layout-column fusion_builder_column fusion-builder-column-4 fusion_builder_column_1_1 1_1 fusion-flex-column\" style=\"--awb-bg-size:cover;--awb-width-large:100%;--awb-margin-top-large:0px;--awb-spacing-right-large:0px;--awb-margin-bottom-large:20px;--awb-spacing-left-large:0px;--awb-width-medium:100%;--awb-spacing-right-medium:0px;--awb-spacing-left-medium:0px;--awb-width-small:100%;--awb-spacing-right-small:0px;--awb-spacing-left-small:0px;\"><div class=\"fusion-column-wrapper fusion-flex-justify-content-flex-start fusion-content-layout-column\">\n<div class=\"wpcf7 no-js\" id=\"wpcf7-f8534-o1\" lang=\"fr-CA\" dir=\"ltr\" data-wpcf7-id=\"8534\">\n<div class=\"screen-reader-response\"><p role=\"status\" aria-live=\"polite\" aria-atomic=\"true\"><\/p> <ul><\/ul><\/div>\n<form action=\"\/fr\/wp-json\/wp\/v2\/pages\/8531#wpcf7-f8534-o1\" method=\"post\" class=\"wpcf7-form init\" aria-label=\"Contact form\" novalidate=\"novalidate\" data-status=\"init\">\n<fieldset class=\"hidden-fields-container\"><input type=\"hidden\" name=\"_wpcf7\" value=\"8534\" \/><input type=\"hidden\" name=\"_wpcf7_version\" value=\"6.1.5\" \/><input type=\"hidden\" name=\"_wpcf7_locale\" value=\"fr_CA\" \/><input type=\"hidden\" name=\"_wpcf7_unit_tag\" value=\"wpcf7-f8534-o1\" \/><input type=\"hidden\" name=\"_wpcf7_container_post\" value=\"0\" \/><input type=\"hidden\" name=\"_wpcf7_posted_data_hash\" value=\"\" \/><input type=\"hidden\" name=\"_wpcf7_recaptcha_response\" value=\"\" \/>\n<\/fieldset>\n<input class=\"wpcf7-form-control wpcf7-hidden\" value=\"\" type=\"hidden\" name=\"generate_crm_lead\" \/>\n<div class=\"row\">\n\t<div class=\"col-sm-6 col-xs-12\">\n\t\t<p><label>Pr\u00e9nom<span class=\"required\">*<\/span><\/label><br \/>\n<span class=\"wpcf7-form-control-wrap\" data-name=\"first_name\"><input size=\"40\" maxlength=\"400\" class=\"wpcf7-form-control wpcf7-text wpcf7-validates-as-required\" aria-required=\"true\" aria-invalid=\"false\" placeholder=\"John\" value=\"\" type=\"text\" name=\"first_name\" \/><\/span>\n\t\t<\/p>\n\t<\/div>\n\t<div class=\"col-sm-6 col-xs-12\">\n\t\t<p><label>Nom de famille<span class=\"required\">*<\/span><\/label><br \/>\n<span class=\"wpcf7-form-control-wrap\" data-name=\"last_name\"><input size=\"40\" maxlength=\"400\" class=\"wpcf7-form-control wpcf7-text wpcf7-validates-as-required\" aria-required=\"true\" aria-invalid=\"false\" placeholder=\"Doe\" value=\"\" type=\"text\" name=\"last_name\" \/><\/span>\n\t\t<\/p>\n\t<\/div>\n<\/div>\n<div class=\"row\">\n\t<div class=\"col-sm-6\">\n\t\t<p><label>T\u00e9l\u00e9phone<\/label><br \/>\n<span class=\"wpcf7-form-control-wrap\" data-name=\"phone_number\"><input size=\"40\" maxlength=\"400\" class=\"wpcf7-form-control wpcf7-tel wpcf7-text wpcf7-validates-as-tel\" aria-invalid=\"false\" placeholder=\"1 123-123-1234\" value=\"\" type=\"tel\" name=\"phone_number\" \/><\/span>\n\t\t<\/p>\n\t<\/div>\n\t<div class=\"col-sm-6\">\n\t\t<p><label>Courriel<span class=\"required\">*<\/span><\/label><br \/>\n<span class=\"wpcf7-form-control-wrap\" data-name=\"email_address\"><input size=\"40\" maxlength=\"400\" class=\"wpcf7-form-control wpcf7-email wpcf7-validates-as-required wpcf7-text wpcf7-validates-as-email\" aria-required=\"true\" aria-invalid=\"false\" placeholder=\"john@domain.com\" value=\"\" type=\"email\" name=\"email_address\" \/><\/span>\n\t\t<\/p>\n\t<\/div>\n<\/div>\n<div class=\"row\">\n\t<div class=\"col-sm-6\">\n\t\t<p><label>Adresse<span class=\"required\">*<\/span><\/label><br \/>\n<span class=\"wpcf7-form-control-wrap\" data-name=\"address\"><input size=\"40\" maxlength=\"400\" class=\"wpcf7-form-control wpcf7-text wpcf7-validates-as-required\" aria-required=\"true\" aria-invalid=\"false\" placeholder=\"123, rue\" value=\"\" type=\"text\" name=\"address\" \/><\/span>\n\t\t<\/p>\n\t<\/div>\n\t<div class=\"col-sm-6\">\n\t\t<p><label>Ville<span class=\"required\">*<\/span><\/label><br \/>\n<span class=\"wpcf7-form-control-wrap\" data-name=\"city\"><input size=\"40\" maxlength=\"400\" class=\"wpcf7-form-control wpcf7-text wpcf7-validates-as-required\" aria-required=\"true\" aria-invalid=\"false\" placeholder=\"Dundas\" value=\"\" type=\"text\" name=\"city\" \/><\/span>\n\t\t<\/p>\n\t<\/div>\n<\/div>\n<div class=\"row\">\n\t<div class=\"col-sm-6\">\n\t\t<p><label>Province\/\u00c9tat<span class=\"required\">*<\/span><\/label><br \/>\n<span class=\"wpcf7-form-control-wrap\" data-name=\"province\"><select class=\"wpcf7-form-control wpcf7-select wpcf7-validates-as-required\" aria-required=\"true\" aria-invalid=\"false\" name=\"province\"><option value=\"\">\u2014Veuillez choisir une option\u2014<\/option><option value=\"Alberta\">Alberta<\/option><option value=\"British Columbia\">British Columbia<\/option><option value=\"Manitoba\">Manitoba<\/option><option value=\"New Brunswick\">New Brunswick<\/option><option value=\"Newfoundland\">Newfoundland<\/option><option value=\"Northwest Territories\">Northwest Territories<\/option><option value=\"Nova Scotia\">Nova Scotia<\/option><option value=\"Nunavut\">Nunavut<\/option><option value=\"Ontario\">Ontario<\/option><option value=\"Prince Edward Island\">Prince Edward Island<\/option><option value=\"Quebec\">Quebec<\/option><option value=\"Saskatchewan\">Saskatchewan<\/option><option value=\"Yukon\">Yukon<\/option><option value=\"Alabama\">Alabama<\/option><option value=\"Alaska\">Alaska<\/option><option value=\"Arizona\">Arizona<\/option><option value=\"Arkansas\">Arkansas<\/option><option value=\"California\">California<\/option><option value=\"Colorado\">Colorado<\/option><option value=\"Connecticut\">Connecticut<\/option><option value=\"Delaware\">Delaware<\/option><option value=\"Florida\">Florida<\/option><option value=\"Georgia\">Georgia<\/option><option value=\"Hawaii\">Hawaii<\/option><option value=\"Idaho\">Idaho<\/option><option value=\"Illinois\">Illinois<\/option><option value=\"Indiana\">Indiana<\/option><option value=\"Iowa\">Iowa<\/option><option value=\"Kansas\">Kansas<\/option><option value=\"Kentucky\">Kentucky<\/option><option value=\"Louisiana\">Louisiana<\/option><option value=\"Maine\">Maine<\/option><option value=\"Maryland\">Maryland<\/option><option value=\"Massachusetts\">Massachusetts<\/option><option value=\"Michigan\">Michigan<\/option><option value=\"Minnesota\">Minnesota<\/option><option value=\"Mississippi\">Mississippi<\/option><option value=\"Missouri\">Missouri<\/option><option value=\"Montana\">Montana<\/option><option value=\"Nebraska\">Nebraska<\/option><option value=\"Nevada\">Nevada<\/option><option value=\"New Hampshire\">New Hampshire<\/option><option value=\"New Jersey\">New Jersey<\/option><option value=\"New Mexico\">New Mexico<\/option><option value=\"New York\">New York<\/option><option value=\"North Carolina\">North Carolina<\/option><option value=\"North Dakota\">North Dakota<\/option><option value=\"Ohio\">Ohio<\/option><option value=\"Oklahoma\">Oklahoma<\/option><option value=\"Oregon\">Oregon<\/option><option value=\"Pennsylvania\">Pennsylvania<\/option><option value=\"Puerto Rico\">Puerto Rico<\/option><option value=\"Rhode Island\">Rhode Island<\/option><option value=\"South Carolina\">South Carolina<\/option><option value=\"South Dakota\">South Dakota<\/option><option value=\"Tennessee\">Tennessee<\/option><option value=\"Texas\">Texas<\/option><option value=\"Utah\">Utah<\/option><option value=\"Vermont\">Vermont<\/option><option value=\"Virginia\">Virginia<\/option><option value=\"Washington\">Washington<\/option><option value=\"West Virginia\">West Virginia<\/option><option value=\"Wisconsin\">Wisconsin<\/option><option value=\"Wyoming\">Wyoming<\/option><\/select><\/span>\n\t\t<\/p>\n\t<\/div>\n\t<div class=\"col-sm-6\">\n\t\t<p><label>Code postal<span class=\"required\">*<\/span><\/label><br \/>\n<span class=\"wpcf7-form-control-wrap\" data-name=\"postal_code\"><input size=\"40\" maxlength=\"400\" class=\"wpcf7-form-control wpcf7-text wpcf7-validates-as-required\" aria-required=\"true\" aria-invalid=\"false\" placeholder=\"A1A 1A1\" value=\"\" type=\"text\" name=\"postal_code\" \/><\/span>\n\t\t<\/p>\n\t<\/div>\n<\/div>\n<div class=\"row\">\n\t<div class=\"col-sm-12\">\n\t\t<p><label>Quel type de projet envisagez-vous? <span class=\"required\">*<\/span><\/label><br \/>\n<span class=\"wpcf7-form-control-wrap\" data-name=\"project_type\"><select class=\"wpcf7-form-control wpcf7-select wpcf7-validates-as-required\" aria-required=\"true\" aria-invalid=\"false\" name=\"project_type\"><option value=\"\">\u2014Veuillez choisir une option\u2014<\/option><option value=\"Deck\">Deck<\/option><option value=\"Add-On\">Add-On<\/option><option value=\"Porch\">Porch<\/option><option value=\"Pergola\">Pergola<\/option><option value=\"Resurface\">Resurface<\/option><option value=\"Drawings\/ Consultation\">Drawings\/ Consultation<\/option><option value=\"Roof\">Roof<\/option><option value=\"Deck Cleaning\">Deck Cleaning<\/option><option value=\"Repair\">Repair<\/option><\/select><\/span>\n\t\t<\/p>\n\t<\/div>\n<\/div>\n<div class=\"row\">\n\t<div class=\"col-sm-12\">\n\t\t<p><label>Commentaires suppl\u00e9mentaires<\/label><br \/>\n<span class=\"wpcf7-form-control-wrap\" data-name=\"customer_comments\"><textarea cols=\"40\" rows=\"10\" maxlength=\"2000\" class=\"wpcf7-form-control wpcf7-textarea\" aria-invalid=\"false\" placeholder=\"Veuillez fournir tout commentaire suppl\u00e9mentaire que vous souhaiteriez formuler\" name=\"customer_comments\"><\/textarea><\/span>\n\t\t<\/p>\n\t<\/div>\n<\/div>\n<p><input class=\"wpcf7-form-control wpcf7-submit has-spinner\" type=\"submit\" value=\"Submit\" \/>\n<\/p><div class=\"fusion-alert alert custom alert-custom fusion-alert-center wpcf7-response-output fusion-alert-capitalize awb-alert-native-link-color\" style=\"--awb-border-size:1px;--awb-border-top-left-radius:0px;--awb-border-top-right-radius:0px;--awb-border-bottom-left-radius:0px;--awb-border-bottom-right-radius:0px;\" role=\"alert\"><div class=\"fusion-alert-content-wrapper\"><span class=\"fusion-alert-content\"><\/span><\/div><\/div>\n<\/form>\n<\/div>\n<\/div><\/div><\/div><\/div><\/p>\n","protected":false},"excerpt":{"rendered":"","protected":false},"author":1,"featured_media":0,"parent":0,"menu_order":0,"comment_status":"closed","ping_status":"closed","template":"100-width.php","meta":{"_acf_changed":false,"footnotes":""},"class_list":["post-8531","page","type-page","status-publish","hentry"],"acf":[],"yoast_head":"<!-- This site is optimized with the Yoast SEO plugin v27.3 - https:\/\/yoast.com\/product\/yoast-seo-wordpress\/ -->\n<title>Demande de consultation - Hickory Dickory Decks<\/title>\n<meta name=\"description\" content=\"\u00cates-vous pr\u00eat pour une nouvelle terrasse? Il vous suffit de soumettre le formulaire ci-apr\u00e8s et Hickory Dickory Decks organisera une consultation avec vous, \u00e0 votre convenance.\" \/>\n<meta name=\"robots\" content=\"index, follow, max-snippet:-1, max-image-preview:large, max-video-preview:-1\" \/>\n<link rel=\"canonical\" href=\"https:\/\/decks.ca\/fr\/demande-de-consultation\/\" \/>\n<meta property=\"og:locale\" content=\"fr_CA\" \/>\n<meta property=\"og:type\" content=\"article\" \/>\n<meta property=\"og:title\" content=\"Demande de consultation - Hickory Dickory Decks\" \/>\n<meta property=\"og:description\" content=\"\u00cates-vous pr\u00eat pour une nouvelle terrasse? Il vous suffit de soumettre le formulaire ci-apr\u00e8s et Hickory Dickory Decks organisera une consultation avec vous, \u00e0 votre convenance.\" \/>\n<meta property=\"og:url\" content=\"https:\/\/decks.ca\/fr\/demande-de-consultation\/\" \/>\n<meta property=\"og:site_name\" content=\"Hickory Dickory Decks\" \/>\n<meta property=\"article:modified_time\" content=\"2025-03-26T03:31:47+00:00\" \/>\n<meta property=\"og:image\" content=\"https:\/\/decks.ca\/wp-content\/uploads\/2025\/07\/hdd-og.jpg\" \/>\n\t<meta property=\"og:image:width\" content=\"1200\" \/>\n\t<meta property=\"og:image:height\" content=\"675\" \/>\n\t<meta property=\"og:image:type\" content=\"image\/jpeg\" \/>\n<meta name=\"twitter:card\" content=\"summary_large_image\" \/>\n<meta name=\"twitter:label1\" content=\"Estimation du temps de lecture\" \/>\n\t<meta name=\"twitter:data1\" content=\"5 minutes\" \/>\n<!-- \/ Yoast SEO plugin. -->","yoast_head_json":{"title":"Demande de consultation - Hickory Dickory Decks","description":"\u00cates-vous pr\u00eat pour une nouvelle terrasse? Il vous suffit de soumettre le formulaire ci-apr\u00e8s et Hickory Dickory Decks organisera une consultation avec vous, \u00e0 votre convenance.","robots":{"index":"index","follow":"follow","max-snippet":"max-snippet:-1","max-image-preview":"max-image-preview:large","max-video-preview":"max-video-preview:-1"},"canonical":"https:\/\/decks.ca\/fr\/demande-de-consultation\/","og_locale":"fr_CA","og_type":"article","og_title":"Demande de consultation - Hickory Dickory Decks","og_description":"\u00cates-vous pr\u00eat pour une nouvelle terrasse? Il vous suffit de soumettre le formulaire ci-apr\u00e8s et Hickory Dickory Decks organisera une consultation avec vous, \u00e0 votre convenance.","og_url":"https:\/\/decks.ca\/fr\/demande-de-consultation\/","og_site_name":"Hickory Dickory Decks","article_modified_time":"2025-03-26T03:31:47+00:00","og_image":[{"width":1200,"height":675,"url":"https:\/\/decks.ca\/wp-content\/uploads\/2025\/07\/hdd-og.jpg","type":"image\/jpeg"}],"twitter_card":"summary_large_image","twitter_misc":{"Estimation du temps de lecture":"5 minutes"},"schema":{"@context":"https:\/\/schema.org","@graph":[{"@type":"WebPage","@id":"https:\/\/decks.ca\/fr\/demande-de-consultation\/","url":"https:\/\/decks.ca\/fr\/demande-de-consultation\/","name":"Demande de consultation - Hickory Dickory Decks","isPartOf":{"@id":"https:\/\/decks.ca\/fr\/#website"},"datePublished":"2019-03-13T21:47:31+00:00","dateModified":"2025-03-26T03:31:47+00:00","description":"\u00cates-vous pr\u00eat pour une nouvelle terrasse? Il vous suffit de soumettre le formulaire ci-apr\u00e8s et Hickory Dickory Decks organisera une consultation avec vous, \u00e0 votre convenance.","breadcrumb":{"@id":"https:\/\/decks.ca\/fr\/demande-de-consultation\/#breadcrumb"},"inLanguage":"fr-CA","potentialAction":[{"@type":"ReadAction","target":["https:\/\/decks.ca\/fr\/demande-de-consultation\/"]}]},{"@type":"BreadcrumbList","@id":"https:\/\/decks.ca\/fr\/demande-de-consultation\/#breadcrumb","itemListElement":[{"@type":"ListItem","position":1,"name":"Home","item":"https:\/\/decks.ca\/fr\/"},{"@type":"ListItem","position":2,"name":"Demande de consultation"}]},{"@type":"WebSite","@id":"https:\/\/decks.ca\/fr\/#website","url":"https:\/\/decks.ca\/fr\/","name":"Hickory Dickory Decks","description":"Enjoy life... Outdoors","potentialAction":[{"@type":"SearchAction","target":{"@type":"EntryPoint","urlTemplate":"https:\/\/decks.ca\/fr\/?s={search_term_string}"},"query-input":{"@type":"PropertyValueSpecification","valueRequired":true,"valueName":"search_term_string"}}],"inLanguage":"fr-CA"}]}},"_links":{"self":[{"href":"https:\/\/decks.ca\/fr\/wp-json\/wp\/v2\/pages\/8531","targetHints":{"allow":["GET"]}}],"collection":[{"href":"https:\/\/decks.ca\/fr\/wp-json\/wp\/v2\/pages"}],"about":[{"href":"https:\/\/decks.ca\/fr\/wp-json\/wp\/v2\/types\/page"}],"author":[{"embeddable":true,"href":"https:\/\/decks.ca\/fr\/wp-json\/wp\/v2\/users\/1"}],"replies":[{"embeddable":true,"href":"https:\/\/decks.ca\/fr\/wp-json\/wp\/v2\/comments?post=8531"}],"version-history":[{"count":0,"href":"https:\/\/decks.ca\/fr\/wp-json\/wp\/v2\/pages\/8531\/revisions"}],"wp:attachment":[{"href":"https:\/\/decks.ca\/fr\/wp-json\/wp\/v2\/media?parent=8531"}],"curies":[{"name":"wp","href":"https:\/\/api.w.org\/{rel}","templated":true}]}}