{"id":8535,"date":"2019-02-08T20:49:12","date_gmt":"2019-02-09T01:49:12","guid":{"rendered":"https:\/\/staging.decks.ca\/politique-de-confidentialite\/"},"modified":"2025-03-25T23:34:31","modified_gmt":"2025-03-26T03:34:31","slug":"politique-de-confidentialite","status":"publish","type":"page","link":"https:\/\/decks.ca\/fr\/politique-de-confidentialite\/","title":{"rendered":"Politique de confidentialit\u00e9"},"content":{"rendered":"<p><div class=\"fusion-fullwidth fullwidth-box fusion-builder-row-1 fusion-flex-container nonhundred-percent-fullwidth non-hundred-percent-height-scrolling\" style=\"--awb-border-radius-top-left:0px;--awb-border-radius-top-right:0px;--awb-border-radius-bottom-right:0px;--awb-border-radius-bottom-left:0px;--awb-flex-wrap:wrap;\" ><div class=\"fusion-builder-row fusion-row fusion-flex-align-items-flex-start fusion-flex-content-wrap\" style=\"max-width:calc( 1100px + 0px );margin-left: calc(-0px \/ 2 );margin-right: calc(-0px \/ 2 );\"><div class=\"fusion-layout-column fusion_builder_column fusion-builder-column-0 fusion_builder_column_1_1 1_1 fusion-flex-column\" style=\"--awb-bg-size:cover;--awb-width-large:100%;--awb-margin-top-large:0px;--awb-spacing-right-large:0px;--awb-margin-bottom-large:20px;--awb-spacing-left-large:0px;--awb-width-medium:100%;--awb-spacing-right-medium:0px;--awb-spacing-left-medium:0px;--awb-width-small:100%;--awb-spacing-right-small:0px;--awb-spacing-left-small:0px;\"><div class=\"fusion-column-wrapper fusion-flex-justify-content-flex-start fusion-content-layout-column\">\n<div class=\"fusion-slider-revolution rev_slider_wrapper\">\t\t\t<!-- START Privacy Policy REVOLUTION SLIDER 6.7.41 --><p class=\"rs-p-wp-fix\"><\/p>\n\t\t\t<rs-module-wrap id=\"rev_slider_25_1_wrapper\" data-source=\"gallery\" style=\"visibility:hidden;background:transparent;padding:0;margin:0px auto;margin-top:0;margin-bottom:0;\">\n\t\t\t\t<rs-module id=\"rev_slider_25_1\" style=\"\" data-version=\"6.7.41\">\n\t\t\t\t\t<rs-slides style=\"overflow: hidden; position: absolute;\">\n\t\t\t\t\t\t<rs-slide style=\"position: absolute;\" data-key=\"rs-25\" data-title=\"Slide\" data-anim=\"adpr:false;\" data-in=\"o:0;\" data-out=\"a:false;\">\n\t\t\t\t\t\t\t<img decoding=\"async\" src=\"\/\/decks.ca\/wp-content\/plugins\/revslider\/sr6\/assets\/assets\/dummy.png\" alt=\"privacy policy banner\" title=\"privacy-policy\" width=\"2000\" height=\"414\" class=\"rev-slidebg tp-rs-img rs-lazyload\" data-lazyload=\"\/\/decks.ca\/wp-content\/uploads\/2019\/02\/privacy-policy.jpg\" data-no-retina>\n<!---->\t\t\t\t\t<\/rs-slide>\n\t\t\t\t\t<\/rs-slides>\n\t\t\t\t<\/rs-module>\n\t\t\t\t<script>\n\t\t\t\t\tsetREVStartSize({c: 'rev_slider_25_1',rl:[1240,1024,778,480],el:[425,350,300,300],gw:[1240,1024,778,480],gh:[425,350,300,300],type:'standard',justify:'',layout:'fullwidth',mh:\"0\"});if (window.RS_MODULES!==undefined && window.RS_MODULES.modules!==undefined && window.RS_MODULES.modules[\"revslider251\"]!==undefined) {window.RS_MODULES.modules[\"revslider251\"].once = false;window.revapi25 = undefined;if (window.RS_MODULES.checkMinimal!==undefined) window.RS_MODULES.checkMinimal()}\n\t\t\t\t<\/script>\n\t\t\t<\/rs-module-wrap>\n\t\t\t<!-- END REVOLUTION SLIDER -->\n<\/div><\/div><\/div><\/div><\/div><div class=\"fusion-fullwidth fullwidth-box fusion-builder-row-2 fusion-flex-container nonhundred-percent-fullwidth non-hundred-percent-height-scrolling\" style=\"--awb-border-radius-top-left:0px;--awb-border-radius-top-right:0px;--awb-border-radius-bottom-right:0px;--awb-border-radius-bottom-left:0px;--awb-padding-top:50px;--awb-padding-bottom:30px;--awb-flex-wrap:wrap;\" ><div class=\"fusion-builder-row fusion-row fusion-flex-align-items-stretch fusion-flex-content-wrap\" style=\"max-width:calc( 1100px + 0px );margin-left: calc(-0px \/ 2 );margin-right: calc(-0px \/ 2 );\"><div class=\"fusion-layout-column fusion_builder_column fusion-builder-column-1 fusion_builder_column_1_1 1_1 fusion-flex-column\" style=\"--awb-bg-size:cover;--awb-width-large:100%;--awb-margin-top-large:0px;--awb-spacing-right-large:0px;--awb-margin-bottom-large:20px;--awb-spacing-left-large:0px;--awb-width-medium:100%;--awb-spacing-right-medium:0px;--awb-spacing-left-medium:0px;--awb-width-small:100%;--awb-spacing-right-small:0px;--awb-spacing-left-small:0px;\"><div class=\"fusion-column-wrapper fusion-flex-justify-content-center fusion-content-layout-column\"><div class=\"fusion-text fusion-text-1\"><h2>Politique de confidentialit\u00e9 de Hickory Dickory Decks<\/h2>\n<h3>\u00c9nonc\u00e9 de confidentialit\u00e9<\/h3>\n<p>Cet avis de confidentialit\u00e9 divulgue les pratiques en mati\u00e8re de confidentialit\u00e9 decks.ca. Cet avis de confidentialit\u00e9 s&#8217;applique uniquement aux informations collect\u00e9es par ce site Web. Il vous informe des \u00e9l\u00e9ments suivants :  <\/p>\n<ol>\n<li>Quels renseignements personnels identifiables sont collect\u00e9s aupr\u00e8s de vous par le biais du site Web, comment ils sont utilis\u00e9s et avec qui ils peuvent \u00eatre partag\u00e9s.<\/li>\n<li>Les choix qui s&#8217;offrent \u00e0 vous concernant l&#8217;utilisation de vos donn\u00e9es.<\/li>\n<li>Les proc\u00e9dures de s\u00e9curit\u00e9 mises en place pour emp\u00eacher l&#8217;utilisation abusive de vos renseignements.<\/li>\n<li>La mani\u00e8re dont vous pouvez corriger toute inexactitude dans vos renseignements<\/li>\n<\/ol>\n<h3>Collecte, utilisation et partage de renseignements<\/h3>\n<p>Nous sommes les seuls propri\u00e9taires des informations collect\u00e9es sur ce site. Nous n&#8217;avons acc\u00e8s et ne recueillons que les informations que vous nous communiquez volontairement par courrier \u00e9lectronique ou par un autre moyen de contact direct. Nous ne vendrons ni ne louerons ces informations \u00e0 qui que ce soit.  <\/p>\n<p>Nous utiliserons vos informations pour vous r\u00e9pondre, en fonction de la raison pour laquelle vous nous avez contact\u00e9s. Nous ne partagerons pas vos informations avec des tiers ext\u00e9rieurs \u00e0 notre organisation, sauf si cela est n\u00e9cessaire pour r\u00e9pondre \u00e0 votre demande, par exemple pour exp\u00e9dier une commande. <\/p>\n<p>\u00c0 moins que vous ne nous demandiez de ne pas le faire, nous pourrons vous contacter par courrier \u00e9lectronique \u00e0 l&#8217;avenir pour vous parler d&#8217;offres sp\u00e9ciales, de nouveaux produits ou services, de questionnaires ou de modifications de la pr\u00e9sente politique de confidentialit\u00e9.<\/p>\n<p><strong>Votre acc\u00e8s et votre contr\u00f4le sur les renseignements<\/strong><\/p>\n<p>Vous pouvez \u00e0 tout moment vous opposer \u00e0 tout contact ult\u00e9rieur de notre part. Vous pouvez le faire \u00e0 tout moment en nous contactant \u00e0 l&#8217;adresse \u00e9lectronique ou au num\u00e9ro de t\u00e9l\u00e9phone indiqu\u00e9s sur notre site web : <\/p>\n<ul>\n<li>Voir quelles sont les donn\u00e9es dont nous disposons \u00e0 votre sujet, le cas \u00e9ch\u00e9ant.<\/li>\n<li>Modifier\/corriger les donn\u00e9es que nous poss\u00e9dons \u00e0 votre sujet.<\/li>\n<li>Nous demander de supprimer toutes les donn\u00e9es que nous poss\u00e9dons \u00e0 votre sujet.<\/li>\n<li>Exprimer toute pr\u00e9occupation concernant l&#8217;utilisation que nous faisons de vos donn\u00e9es.<\/li>\n<\/ul>\n<h3>S\u00e9curit\u00e9<\/h3>\n<p>Nous prenons des pr\u00e9cautions pour prot\u00e9ger vos informations. Lorsque vous soumettez des informations sensibles via le site web, celles-ci sont prot\u00e9g\u00e9es \u00e0 la fois en ligne et hors ligne. <\/p>\n<p>Chaque fois que nous recueillons des informations sensibles (telles que des donn\u00e9es de carte de cr\u00e9dit), ces informations sont crypt\u00e9es et nous sont transmises de mani\u00e8re s\u00e9curis\u00e9e. Vous pouvez le v\u00e9rifier en recherchant l&#8217;ic\u00f4ne d&#8217;un cadenas ferm\u00e9 en bas de votre navigateur web, ou en recherchant &#8220;https&#8221; au d\u00e9but de l&#8217;adresse de la page web. <\/p>\n<p>Bien que nous utilisions le cryptage pour prot\u00e9ger les informations sensibles transmises en ligne, nous prot\u00e9geons \u00e9galement vos informations hors ligne. Seuls les employ\u00e9s qui ont besoin de ces informations pour effectuer un travail sp\u00e9cifique (par exemple, la facturation ou le service client\u00e8le) ont acc\u00e8s aux informations personnelles identifiables. Les ordinateurs\/serveurs dans lesquels nous stockons les informations personnellement identifiables sont conserv\u00e9s dans un environnement s\u00e9curis\u00e9.  <\/p>\n<p>Si vous estimez que nous ne respectons pas cette politique de confidentialit\u00e9, vous devez nous contacter imm\u00e9diatement par t\u00e9l\u00e9phone au <a href=\"tel:905-689-4774\">(905) 689-4774<\/a> ou par <a href=\"mailto:hddoffice@gmail.com\">courrier \u00e9lectronique<\/a>.<\/p>\n<\/div><\/div><\/div><\/div><\/div><\/p>\n","protected":false},"excerpt":{"rendered":"","protected":false},"author":1,"featured_media":0,"parent":0,"menu_order":0,"comment_status":"closed","ping_status":"closed","template":"100-width.php","meta":{"_acf_changed":false,"footnotes":""},"class_list":["post-8535","page","type-page","status-publish","hentry"],"acf":[],"yoast_head":"<!-- This site is optimized with the Yoast SEO plugin v27.4 - https:\/\/yoast.com\/product\/yoast-seo-wordpress\/ -->\n<title>Politique de confidentialit\u00e9 - Hickory Dickory Decks<\/title>\n<meta name=\"robots\" content=\"index, follow, max-snippet:-1, max-image-preview:large, max-video-preview:-1\" \/>\n<link rel=\"canonical\" href=\"https:\/\/decks.ca\/fr\/politique-de-confidentialite\/\" \/>\n<meta property=\"og:locale\" content=\"fr_CA\" \/>\n<meta property=\"og:type\" content=\"article\" \/>\n<meta property=\"og:title\" content=\"Politique de confidentialit\u00e9 - Hickory Dickory Decks\" \/>\n<meta property=\"og:url\" content=\"https:\/\/decks.ca\/fr\/politique-de-confidentialite\/\" \/>\n<meta property=\"og:site_name\" content=\"Hickory Dickory Decks\" \/>\n<meta property=\"article:modified_time\" content=\"2025-03-26T03:34:31+00:00\" \/>\n<meta property=\"og:image\" content=\"https:\/\/decks.ca\/wp-content\/uploads\/2025\/07\/hdd-og.jpg\" \/>\n\t<meta property=\"og:image:width\" content=\"1200\" \/>\n\t<meta property=\"og:image:height\" content=\"675\" \/>\n\t<meta property=\"og:image:type\" content=\"image\/jpeg\" \/>\n<meta name=\"twitter:card\" content=\"summary_large_image\" \/>\n<meta name=\"twitter:label1\" content=\"Estimation du temps de lecture\" \/>\n\t<meta name=\"twitter:data1\" content=\"5 minutes\" \/>\n<!-- \/ Yoast SEO plugin. -->","yoast_head_json":{"title":"Politique de confidentialit\u00e9 - Hickory Dickory Decks","robots":{"index":"index","follow":"follow","max-snippet":"max-snippet:-1","max-image-preview":"max-image-preview:large","max-video-preview":"max-video-preview:-1"},"canonical":"https:\/\/decks.ca\/fr\/politique-de-confidentialite\/","og_locale":"fr_CA","og_type":"article","og_title":"Politique de confidentialit\u00e9 - Hickory Dickory Decks","og_url":"https:\/\/decks.ca\/fr\/politique-de-confidentialite\/","og_site_name":"Hickory Dickory Decks","article_modified_time":"2025-03-26T03:34:31+00:00","og_image":[{"width":1200,"height":675,"url":"https:\/\/decks.ca\/wp-content\/uploads\/2025\/07\/hdd-og.jpg","type":"image\/jpeg"}],"twitter_card":"summary_large_image","twitter_misc":{"Estimation du temps de lecture":"5 minutes"},"schema":{"@context":"https:\/\/schema.org","@graph":[{"@type":"WebPage","@id":"https:\/\/decks.ca\/fr\/politique-de-confidentialite\/","url":"https:\/\/decks.ca\/fr\/politique-de-confidentialite\/","name":"Politique de confidentialit\u00e9 - Hickory Dickory Decks","isPartOf":{"@id":"https:\/\/decks.ca\/fr\/#website"},"datePublished":"2019-02-09T01:49:12+00:00","dateModified":"2025-03-26T03:34:31+00:00","breadcrumb":{"@id":"https:\/\/decks.ca\/fr\/politique-de-confidentialite\/#breadcrumb"},"inLanguage":"fr-CA","potentialAction":[{"@type":"ReadAction","target":["https:\/\/decks.ca\/fr\/politique-de-confidentialite\/"]}]},{"@type":"BreadcrumbList","@id":"https:\/\/decks.ca\/fr\/politique-de-confidentialite\/#breadcrumb","itemListElement":[{"@type":"ListItem","position":1,"name":"Home","item":"https:\/\/decks.ca\/fr\/"},{"@type":"ListItem","position":2,"name":"Politique de confidentialit\u00e9"}]},{"@type":"WebSite","@id":"https:\/\/decks.ca\/fr\/#website","url":"https:\/\/decks.ca\/fr\/","name":"Hickory Dickory Decks","description":"Enjoy life... Outdoors","potentialAction":[{"@type":"SearchAction","target":{"@type":"EntryPoint","urlTemplate":"https:\/\/decks.ca\/fr\/?s={search_term_string}"},"query-input":{"@type":"PropertyValueSpecification","valueRequired":true,"valueName":"search_term_string"}}],"inLanguage":"fr-CA"}]}},"_links":{"self":[{"href":"https:\/\/decks.ca\/fr\/wp-json\/wp\/v2\/pages\/8535","targetHints":{"allow":["GET"]}}],"collection":[{"href":"https:\/\/decks.ca\/fr\/wp-json\/wp\/v2\/pages"}],"about":[{"href":"https:\/\/decks.ca\/fr\/wp-json\/wp\/v2\/types\/page"}],"author":[{"embeddable":true,"href":"https:\/\/decks.ca\/fr\/wp-json\/wp\/v2\/users\/1"}],"replies":[{"embeddable":true,"href":"https:\/\/decks.ca\/fr\/wp-json\/wp\/v2\/comments?post=8535"}],"version-history":[{"count":0,"href":"https:\/\/decks.ca\/fr\/wp-json\/wp\/v2\/pages\/8535\/revisions"}],"wp:attachment":[{"href":"https:\/\/decks.ca\/fr\/wp-json\/wp\/v2\/media?parent=8535"}],"curies":[{"name":"wp","href":"https:\/\/api.w.org\/{rel}","templated":true}]}}